{"id":908,"date":"2021-06-08T12:42:32","date_gmt":"2021-06-08T10:42:32","guid":{"rendered":"http:\/\/juricahodak.hr\/web\/storitve\/konzervativna-stomatologija\/"},"modified":"2021-08-31T12:35:09","modified_gmt":"2021-08-31T10:35:09","slug":"konzervativna-stomatologija","status":"publish","type":"page","link":"https:\/\/juricahodak.hr\/sl\/storitve\/konzervativna-stomatologija\/","title":{"rendered":"Konzervativna stomatologija"},"content":{"rendered":"<p>[et_pb_section fb_built=&#8221;1&#8243; _builder_version=&#8221;4.9.7&#8243; _module_preset=&#8221;default&#8221; global_colors_info=&#8221;{}&#8221;][et_pb_row column_structure=&#8221;1_2,1_2&#8243; make_equal=&#8221;on&#8221; _builder_version=&#8221;4.9.7&#8243; _module_preset=&#8221;cd1cd370-4a9a-47e5-86af-210816d17eb0&#8243; custom_css_main_element=&#8221;align-items: center;&#8221; global_colors_info=&#8221;{}&#8221;][et_pb_column type=&#8221;1_2&#8243; _builder_version=&#8221;4.9.7&#8243; _module_preset=&#8221;default&#8221; global_colors_info=&#8221;{}&#8221;][et_pb_text _builder_version=&#8221;4.10.5&#8243; _module_preset=&#8221;default&#8221; hover_enabled=&#8221;0&#8243; global_colors_info=&#8221;{}&#8221; sticky_enabled=&#8221;0&#8243;]<\/p>\n<p><strong>Konzervativna\u00a0<\/strong>stomatologija je temeljna veja stomatologije in\u00a0<strong>zajema zdravljenje in popravilo zoba in vzdr\u017eevanje zdravih zob.\u00a0<\/strong>Izgled zdravih in lepih zob dose\u017eemo zdravljenjem in popravljanjem zoba, polnil (plomb), \u010di\u0161\u010denjem zobnega kamna in zdravljenjem korenskega kanala.<\/p>\n<p>Glede na estetiko, uporabljamo klasi\u010dne bele\u00a0<strong>ESTETSKE PLOMBE<\/strong>\u00a0ali\u00a0<strong>KERAMI\u010cNE PLOMBE.\u00a0<\/strong>Najmodernej\u0161i material za izdelavoklasi\u010dnih belih estetskih plomb je nanohibridni kompozit.<\/p>\n<p><strong>KERAMI\u010cNO POLNILO<\/strong>\u00a0tj.\u00a0<strong>PLOMBE\u00a0<\/strong>(INLAY, ONLAY, OVERLAY) se uporabljajo , ko je karies popolnoma uni\u010dil zob in ko se morajo zamenjati stare, klasi\u010dne, dotrajane plombe. INLAY je nadomestek dela krone zoba in je zelo podobno polnilo. Ko nadome\u0161a samo zgornjo plast, ga imenujemo ONLAY, ko nadome\u0161\u010da zgornje in stranske plasti, pa ga imenujemo OVERLAY.<\/p>\n<p>\u010ce govorimo o kerami\u010dnih polnilih, je to malo dolgotrajnej\u0161i proces, a obenem trajnej\u0161i in uspe\u0161nej\u0161i nadomestek. Zob se o\u010disti od kariesa, pravilno se ga izbrusi, nato se odzame njegov odtis. Zobni tehnik nato s posebno metodo (CAD\/CAM tehnika) v laboratoriju izdeluje nadomestek iz \u010diste keramike, kateri se kasneje trajno cementira v usta. Prednost kerami\u010dnih plomb je v tem, da le \u2013 te nikdar ne menjajo oblike in barve.<\/p>\n<p>\u010ci\u0161\u010denje zobnega kamna je sestavljeno iz odstranjevanja trdih in mehkih naslag, zobnega kamna, ki se nakopi\u010di na zobeh. Trajanje postopka je odvisno od koli\u010dine zobnega kamna. Po \u010di\u0161\u010denju kamna, se zobje spolirajo s posebnim aparatom. Potrebno je, da povr\u0161ina zoba ostane gladka, saj se v tem primeru nanjo te\u017eje primejo nove naslage zobnega kamna.<\/p>\n<p>Postopki \u010di\u0161\u010denja nesnag\u00a0<\/p>\n<ul>\n<li><strong>KAVITRON<\/strong> \u2013 ultrazvo\u010dni aparat, ki \u010disti trdovratne nesnage po principu mikrovibracij<\/li>\n<\/ul>\n<ul>\n<li><strong>AIR FLOW<\/strong> \u2013 aparat, ki na principu vode, zraka (pritiska) in malih del\u010dkov natrijevega bikarbonata, ki ima okus po limoni, \u010disti vse mehke nesnage in pigmentacije od nikotina, \u010daja, kave, vina\u2026<\/li>\n<\/ul>\n<p>[\/et_pb_text][\/et_pb_column][et_pb_column type=&#8221;1_2&#8243; _builder_version=&#8221;4.9.7&#8243; _module_preset=&#8221;default&#8221; global_colors_info=&#8221;{}&#8221;][et_pb_image src=&#8221;http:\/\/juricahodak.hr\/web\/wp-content\/uploads\/2021\/08\/jurica_hodak_galerija_big-22.jpg&#8221; title_text=&#8221;jurica_hodak_galerija_big-22&#8243; _builder_version=&#8221;4.10.4&#8243; _module_preset=&#8221;default&#8221; global_colors_info=&#8221;{}&#8221;][\/et_pb_image][\/et_pb_column][\/et_pb_row][\/et_pb_section]<\/p>\n","protected":false},"excerpt":{"rendered":"<p>Konzervativna\u00a0stomatologija je temeljna veja stomatologije in\u00a0zajema zdravljenje in popravilo zoba in vzdr\u017eevanje zdravih zob.\u00a0Izgled zdravih in lepih zob dose\u017eemo zdravljenjem in popravljanjem zoba, polnil (plomb), \u010di\u0161\u010denjem zobnega kamna in zdravljenjem korenskega kanala. Glede na estetiko, uporabljamo klasi\u010dne bele\u00a0ESTETSKE PLOMBE\u00a0ali\u00a0KERAMI\u010cNE PLOMBE.\u00a0Najmodernej\u0161i material za izdelavoklasi\u010dnih belih estetskih plomb je nanohibridni kompozit. KERAMI\u010cNO POLNILO\u00a0tj.\u00a0PLOMBE\u00a0(INLAY, ONLAY, OVERLAY) se uporabljajo [&hellip;]<\/p>\n","protected":false},"author":2,"featured_media":0,"parent":860,"menu_order":0,"comment_status":"closed","ping_status":"closed","template":"","meta":{"_et_pb_use_builder":"on","_et_pb_old_content":"","_et_gb_content_width":"","inline_featured_image":false,"footnotes":""},"class_list":["post-908","page","type-page","status-publish","hentry"],"yoast_head":"<!-- This site is optimized with the Yoast SEO plugin v24.1 - https:\/\/yoast.com\/wordpress\/plugins\/seo\/ -->\n<title>Konzervativna stomatologija - Stomatolo\u0161ka ordinacija dr. Jurica Hodak, Rijeka<\/title>\n<meta name=\"robots\" content=\"index, follow, max-snippet:-1, max-image-preview:large, max-video-preview:-1\" \/>\n<link rel=\"canonical\" href=\"https:\/\/juricahodak.hr\/usluge\/konzervativna-stomatologija\/\" \/>\n<meta property=\"og:locale\" content=\"sl_SI\" \/>\n<meta property=\"og:type\" content=\"article\" \/>\n<meta property=\"og:title\" content=\"Konzervativna stomatologija - Stomatolo\u0161ka ordinacija dr. Jurica Hodak, Rijeka\" \/>\n<meta property=\"og:description\" content=\"Konzervativna\u00a0stomatologija je temeljna veja stomatologije in\u00a0zajema zdravljenje in popravilo zoba in vzdr\u017eevanje zdravih zob.\u00a0Izgled zdravih in lepih zob dose\u017eemo zdravljenjem in popravljanjem zoba, polnil (plomb), \u010di\u0161\u010denjem zobnega kamna in zdravljenjem korenskega kanala. Glede na estetiko, uporabljamo klasi\u010dne bele\u00a0ESTETSKE PLOMBE\u00a0ali\u00a0KERAMI\u010cNE PLOMBE.\u00a0Najmodernej\u0161i material za izdelavoklasi\u010dnih belih estetskih plomb je nanohibridni kompozit. KERAMI\u010cNO POLNILO\u00a0tj.\u00a0PLOMBE\u00a0(INLAY, ONLAY, OVERLAY) se uporabljajo [&hellip;]\" \/>\n<meta property=\"og:url\" content=\"https:\/\/juricahodak.hr\/usluge\/konzervativna-stomatologija\/\" \/>\n<meta property=\"og:site_name\" content=\"Stomatolo\u0161ka ordinacija dr. Jurica Hodak, Rijeka\" \/>\n<meta property=\"article:modified_time\" content=\"2021-08-31T10:35:09+00:00\" \/>\n<meta name=\"twitter:card\" content=\"summary_large_image\" \/>\n<meta name=\"twitter:label1\" content=\"Est. reading time\" \/>\n\t<meta name=\"twitter:data1\" content=\"2 minuti\" \/>\n<script type=\"application\/ld+json\" class=\"yoast-schema-graph\">{\"@context\":\"https:\/\/schema.org\",\"@graph\":[{\"@type\":\"WebPage\",\"@id\":\"https:\/\/juricahodak.hr\/usluge\/konzervativna-stomatologija\/\",\"url\":\"https:\/\/juricahodak.hr\/usluge\/konzervativna-stomatologija\/\",\"name\":\"Konzervativna stomatologija - Stomatolo\u0161ka ordinacija dr. Jurica Hodak, Rijeka\",\"isPartOf\":{\"@id\":\"https:\/\/juricahodak.hr\/#website\"},\"datePublished\":\"2021-06-08T10:42:32+00:00\",\"dateModified\":\"2021-08-31T10:35:09+00:00\",\"breadcrumb\":{\"@id\":\"https:\/\/juricahodak.hr\/usluge\/konzervativna-stomatologija\/#breadcrumb\"},\"inLanguage\":\"sl-SI\",\"potentialAction\":[{\"@type\":\"ReadAction\",\"target\":[\"https:\/\/juricahodak.hr\/usluge\/konzervativna-stomatologija\/\"]}]},{\"@type\":\"BreadcrumbList\",\"@id\":\"https:\/\/juricahodak.hr\/usluge\/konzervativna-stomatologija\/#breadcrumb\",\"itemListElement\":[{\"@type\":\"ListItem\",\"position\":1,\"name\":\"Po\u010detna stranica\",\"item\":\"https:\/\/juricahodak.hr\/\"},{\"@type\":\"ListItem\",\"position\":2,\"name\":\"Storitve\",\"item\":\"https:\/\/juricahodak.hr\/usluge\/\"},{\"@type\":\"ListItem\",\"position\":3,\"name\":\"Konzervativna stomatologija\"}]},{\"@type\":\"WebSite\",\"@id\":\"https:\/\/juricahodak.hr\/#website\",\"url\":\"https:\/\/juricahodak.hr\/\",\"name\":\"Stomatolo\u0161ka ordinacija dr. Jurica Hodak, Rijeka\",\"description\":\"Va\u0161 stomatolog - Potpuno posve\u0107eni vama\",\"potentialAction\":[{\"@type\":\"SearchAction\",\"target\":{\"@type\":\"EntryPoint\",\"urlTemplate\":\"https:\/\/juricahodak.hr\/?s={search_term_string}\"},\"query-input\":{\"@type\":\"PropertyValueSpecification\",\"valueRequired\":true,\"valueName\":\"search_term_string\"}}],\"inLanguage\":\"sl-SI\"}]}<\/script>\n<!-- \/ Yoast SEO plugin. -->","yoast_head_json":{"title":"Konzervativna stomatologija - Stomatolo\u0161ka ordinacija dr. Jurica Hodak, Rijeka","robots":{"index":"index","follow":"follow","max-snippet":"max-snippet:-1","max-image-preview":"max-image-preview:large","max-video-preview":"max-video-preview:-1"},"canonical":"https:\/\/juricahodak.hr\/usluge\/konzervativna-stomatologija\/","og_locale":"sl_SI","og_type":"article","og_title":"Konzervativna stomatologija - Stomatolo\u0161ka ordinacija dr. Jurica Hodak, Rijeka","og_description":"Konzervativna\u00a0stomatologija je temeljna veja stomatologije in\u00a0zajema zdravljenje in popravilo zoba in vzdr\u017eevanje zdravih zob.\u00a0Izgled zdravih in lepih zob dose\u017eemo zdravljenjem in popravljanjem zoba, polnil (plomb), \u010di\u0161\u010denjem zobnega kamna in zdravljenjem korenskega kanala. Glede na estetiko, uporabljamo klasi\u010dne bele\u00a0ESTETSKE PLOMBE\u00a0ali\u00a0KERAMI\u010cNE PLOMBE.\u00a0Najmodernej\u0161i material za izdelavoklasi\u010dnih belih estetskih plomb je nanohibridni kompozit. KERAMI\u010cNO POLNILO\u00a0tj.\u00a0PLOMBE\u00a0(INLAY, ONLAY, OVERLAY) se uporabljajo [&hellip;]","og_url":"https:\/\/juricahodak.hr\/usluge\/konzervativna-stomatologija\/","og_site_name":"Stomatolo\u0161ka ordinacija dr. Jurica Hodak, Rijeka","article_modified_time":"2021-08-31T10:35:09+00:00","twitter_card":"summary_large_image","twitter_misc":{"Est. reading time":"2 minuti"},"schema":{"@context":"https:\/\/schema.org","@graph":[{"@type":"WebPage","@id":"https:\/\/juricahodak.hr\/usluge\/konzervativna-stomatologija\/","url":"https:\/\/juricahodak.hr\/usluge\/konzervativna-stomatologija\/","name":"Konzervativna stomatologija - Stomatolo\u0161ka ordinacija dr. Jurica Hodak, Rijeka","isPartOf":{"@id":"https:\/\/juricahodak.hr\/#website"},"datePublished":"2021-06-08T10:42:32+00:00","dateModified":"2021-08-31T10:35:09+00:00","breadcrumb":{"@id":"https:\/\/juricahodak.hr\/usluge\/konzervativna-stomatologija\/#breadcrumb"},"inLanguage":"sl-SI","potentialAction":[{"@type":"ReadAction","target":["https:\/\/juricahodak.hr\/usluge\/konzervativna-stomatologija\/"]}]},{"@type":"BreadcrumbList","@id":"https:\/\/juricahodak.hr\/usluge\/konzervativna-stomatologija\/#breadcrumb","itemListElement":[{"@type":"ListItem","position":1,"name":"Po\u010detna stranica","item":"https:\/\/juricahodak.hr\/"},{"@type":"ListItem","position":2,"name":"Storitve","item":"https:\/\/juricahodak.hr\/usluge\/"},{"@type":"ListItem","position":3,"name":"Konzervativna stomatologija"}]},{"@type":"WebSite","@id":"https:\/\/juricahodak.hr\/#website","url":"https:\/\/juricahodak.hr\/","name":"Stomatolo\u0161ka ordinacija dr. Jurica Hodak, Rijeka","description":"Va\u0161 stomatolog - Potpuno posve\u0107eni vama","potentialAction":[{"@type":"SearchAction","target":{"@type":"EntryPoint","urlTemplate":"https:\/\/juricahodak.hr\/?s={search_term_string}"},"query-input":{"@type":"PropertyValueSpecification","valueRequired":true,"valueName":"search_term_string"}}],"inLanguage":"sl-SI"}]}},"_links":{"self":[{"href":"https:\/\/juricahodak.hr\/sl\/wp-json\/wp\/v2\/pages\/908","targetHints":{"allow":["GET"]}}],"collection":[{"href":"https:\/\/juricahodak.hr\/sl\/wp-json\/wp\/v2\/pages"}],"about":[{"href":"https:\/\/juricahodak.hr\/sl\/wp-json\/wp\/v2\/types\/page"}],"author":[{"embeddable":true,"href":"https:\/\/juricahodak.hr\/sl\/wp-json\/wp\/v2\/users\/2"}],"replies":[{"embeddable":true,"href":"https:\/\/juricahodak.hr\/sl\/wp-json\/wp\/v2\/comments?post=908"}],"version-history":[{"count":1,"href":"https:\/\/juricahodak.hr\/sl\/wp-json\/wp\/v2\/pages\/908\/revisions"}],"predecessor-version":[{"id":910,"href":"https:\/\/juricahodak.hr\/sl\/wp-json\/wp\/v2\/pages\/908\/revisions\/910"}],"up":[{"embeddable":true,"href":"https:\/\/juricahodak.hr\/sl\/wp-json\/wp\/v2\/pages\/860"}],"wp:attachment":[{"href":"https:\/\/juricahodak.hr\/sl\/wp-json\/wp\/v2\/media?parent=908"}],"curies":[{"name":"wp","href":"https:\/\/api.w.org\/{rel}","templated":true}]}}