{"id":903,"date":"2021-06-08T12:42:48","date_gmt":"2021-06-08T10:42:48","guid":{"rendered":"http:\/\/juricahodak.hr\/web\/storitve\/endodoncija-lijecenje-korijenskih-kanala\/"},"modified":"2021-08-31T12:33:39","modified_gmt":"2021-08-31T10:33:39","slug":"endodoncija-zdravljenje-korenskega-kanala","status":"publish","type":"page","link":"https:\/\/juricahodak.hr\/sl\/storitve\/endodoncija-zdravljenje-korenskega-kanala\/","title":{"rendered":"Endodoncija \u2013 zdravljenje korenskega kanala"},"content":{"rendered":"<p>[et_pb_section fb_built=&#8221;1&#8243; _builder_version=&#8221;4.9.7&#8243; _module_preset=&#8221;default&#8221; global_colors_info=&#8221;{}&#8221;][et_pb_row column_structure=&#8221;1_2,1_2&#8243; make_equal=&#8221;on&#8221; _builder_version=&#8221;4.9.7&#8243; _module_preset=&#8221;cd1cd370-4a9a-47e5-86af-210816d17eb0&#8243; custom_css_main_element=&#8221;align-items: center;&#8221; global_colors_info=&#8221;{}&#8221;][et_pb_column type=&#8221;1_2&#8243; _builder_version=&#8221;4.9.7&#8243; _module_preset=&#8221;default&#8221; global_colors_info=&#8221;{}&#8221;][et_pb_text _builder_version=&#8221;4.10.5&#8243; _module_preset=&#8221;default&#8221; global_colors_info=&#8221;{}&#8221;]<\/p>\n<p>Endodoncija je del stomatologije, ki zajema zdravljenje zobnih kanalov, puljenje \u017eivcev ter polnjenje zobnih kanalov. Problem okoli \u017eivcev\u00a0 nastane, ko karies prodre do osr\u010dja \u017eivca. Takrat se zob ne more ve\u010d braniti in posledi\u010dno pride do vnetja, kar kasneje lahko vodi do odmiranja \u017eivcev, kar lahko spremljajo mo\u010dne bole\u010dine. V takih primerih je pomembno dobro mehani\u010dno in kemi\u010dno o\u010distiti korenske kanale in jih nato trodimenzionalno napolniti do samega vrha.<\/p>\n<p>Nezdravljeni ali nepravilno zdravljeni procesi vnetja korenskega kanala lahko pripeljejo do migracije bakterij v kosti, kar lahko povzro\u010di apces ali granolom, ki pogosto pripeljejo do kirur\u0161kih posegov (apicotomia ali puljenje zoba).<\/p>\n<p>Pred celotnim postopkom, uporabimo\u00a0<strong>RVG aparat<\/strong>\u00a0(KODAK 2200 in KODAK 6100) za slikanje, tako da v vsakem trenutku lahko vidimo na ekranu potek na\u0161ega dela. Endodoncija se izvaja strojno, z aparatom (W&amp;H ENTRAN), kar o\u010ditno pove\u010da hitrost celotnega postopka.<\/p>\n<p><strong>Poseg je popolnoma nebole\u010d ter se izvaja pod lokalno anestezijo.<\/strong><\/p>\n<p>Pomembno je omeniti, da je dobro izpeljana endodoncija temelj za nadaljno delo.<\/p>\n<p>[\/et_pb_text][\/et_pb_column][et_pb_column type=&#8221;1_2&#8243; _builder_version=&#8221;4.9.7&#8243; _module_preset=&#8221;default&#8221; global_colors_info=&#8221;{}&#8221;][et_pb_image src=&#8221;http:\/\/juricahodak.hr\/web\/wp-content\/uploads\/2021\/08\/jurica_hodak_galerija_big-49.jpg&#8221; title_text=&#8221;jurica_hodak_galerija_big-49&#8243; _builder_version=&#8221;4.10.4&#8243; _module_preset=&#8221;default&#8221; global_colors_info=&#8221;{}&#8221;][\/et_pb_image][\/et_pb_column][\/et_pb_row][\/et_pb_section]<\/p>\n","protected":false},"excerpt":{"rendered":"<p>Endodoncija je del stomatologije, ki zajema zdravljenje zobnih kanalov, puljenje \u017eivcev ter polnjenje zobnih kanalov. Problem okoli \u017eivcev\u00a0 nastane, ko karies prodre do osr\u010dja \u017eivca. Takrat se zob ne more ve\u010d braniti in posledi\u010dno pride do vnetja, kar kasneje lahko vodi do odmiranja \u017eivcev, kar lahko spremljajo mo\u010dne bole\u010dine. V takih primerih je pomembno dobro [&hellip;]<\/p>\n","protected":false},"author":2,"featured_media":0,"parent":860,"menu_order":0,"comment_status":"closed","ping_status":"closed","template":"","meta":{"_et_pb_use_builder":"on","_et_pb_old_content":"","_et_gb_content_width":"","inline_featured_image":false,"footnotes":""},"class_list":["post-903","page","type-page","status-publish","hentry"],"yoast_head":"<!-- This site is optimized with the Yoast SEO plugin v24.1 - https:\/\/yoast.com\/wordpress\/plugins\/seo\/ -->\n<title>Endodoncija \u2013 zdravljenje korenskega kanala - Stomatolo\u0161ka ordinacija dr. Jurica Hodak, Rijeka<\/title>\n<meta name=\"robots\" content=\"index, follow, max-snippet:-1, max-image-preview:large, max-video-preview:-1\" \/>\n<link rel=\"canonical\" href=\"https:\/\/juricahodak.hr\/usluge\/endodoncija-lijecenje-korijenskih-kanala\/\" \/>\n<meta property=\"og:locale\" content=\"sl_SI\" \/>\n<meta property=\"og:type\" content=\"article\" \/>\n<meta property=\"og:title\" content=\"Endodoncija \u2013 zdravljenje korenskega kanala - Stomatolo\u0161ka ordinacija dr. Jurica Hodak, Rijeka\" \/>\n<meta property=\"og:description\" content=\"Endodoncija je del stomatologije, ki zajema zdravljenje zobnih kanalov, puljenje \u017eivcev ter polnjenje zobnih kanalov. Problem okoli \u017eivcev\u00a0 nastane, ko karies prodre do osr\u010dja \u017eivca. Takrat se zob ne more ve\u010d braniti in posledi\u010dno pride do vnetja, kar kasneje lahko vodi do odmiranja \u017eivcev, kar lahko spremljajo mo\u010dne bole\u010dine. V takih primerih je pomembno dobro [&hellip;]\" \/>\n<meta property=\"og:url\" content=\"https:\/\/juricahodak.hr\/usluge\/endodoncija-lijecenje-korijenskih-kanala\/\" \/>\n<meta property=\"og:site_name\" content=\"Stomatolo\u0161ka ordinacija dr. Jurica Hodak, Rijeka\" \/>\n<meta property=\"article:modified_time\" content=\"2021-08-31T10:33:39+00:00\" \/>\n<meta name=\"twitter:card\" content=\"summary_large_image\" \/>\n<meta name=\"twitter:label1\" content=\"Est. reading time\" \/>\n\t<meta name=\"twitter:data1\" content=\"1 minuta\" \/>\n<script type=\"application\/ld+json\" class=\"yoast-schema-graph\">{\"@context\":\"https:\/\/schema.org\",\"@graph\":[{\"@type\":\"WebPage\",\"@id\":\"https:\/\/juricahodak.hr\/usluge\/endodoncija-lijecenje-korijenskih-kanala\/\",\"url\":\"https:\/\/juricahodak.hr\/usluge\/endodoncija-lijecenje-korijenskih-kanala\/\",\"name\":\"Endodoncija \u2013 zdravljenje korenskega kanala - Stomatolo\u0161ka ordinacija dr. Jurica Hodak, Rijeka\",\"isPartOf\":{\"@id\":\"https:\/\/juricahodak.hr\/#website\"},\"datePublished\":\"2021-06-08T10:42:48+00:00\",\"dateModified\":\"2021-08-31T10:33:39+00:00\",\"breadcrumb\":{\"@id\":\"https:\/\/juricahodak.hr\/usluge\/endodoncija-lijecenje-korijenskih-kanala\/#breadcrumb\"},\"inLanguage\":\"sl-SI\",\"potentialAction\":[{\"@type\":\"ReadAction\",\"target\":[\"https:\/\/juricahodak.hr\/usluge\/endodoncija-lijecenje-korijenskih-kanala\/\"]}]},{\"@type\":\"BreadcrumbList\",\"@id\":\"https:\/\/juricahodak.hr\/usluge\/endodoncija-lijecenje-korijenskih-kanala\/#breadcrumb\",\"itemListElement\":[{\"@type\":\"ListItem\",\"position\":1,\"name\":\"Po\u010detna stranica\",\"item\":\"https:\/\/juricahodak.hr\/\"},{\"@type\":\"ListItem\",\"position\":2,\"name\":\"Storitve\",\"item\":\"https:\/\/juricahodak.hr\/usluge\/\"},{\"@type\":\"ListItem\",\"position\":3,\"name\":\"Endodoncija \u2013 zdravljenje korenskega kanala\"}]},{\"@type\":\"WebSite\",\"@id\":\"https:\/\/juricahodak.hr\/#website\",\"url\":\"https:\/\/juricahodak.hr\/\",\"name\":\"Stomatolo\u0161ka ordinacija dr. Jurica Hodak, Rijeka\",\"description\":\"Va\u0161 stomatolog - Potpuno posve\u0107eni vama\",\"potentialAction\":[{\"@type\":\"SearchAction\",\"target\":{\"@type\":\"EntryPoint\",\"urlTemplate\":\"https:\/\/juricahodak.hr\/?s={search_term_string}\"},\"query-input\":{\"@type\":\"PropertyValueSpecification\",\"valueRequired\":true,\"valueName\":\"search_term_string\"}}],\"inLanguage\":\"sl-SI\"}]}<\/script>\n<!-- \/ Yoast SEO plugin. -->","yoast_head_json":{"title":"Endodoncija \u2013 zdravljenje korenskega kanala - Stomatolo\u0161ka ordinacija dr. Jurica Hodak, Rijeka","robots":{"index":"index","follow":"follow","max-snippet":"max-snippet:-1","max-image-preview":"max-image-preview:large","max-video-preview":"max-video-preview:-1"},"canonical":"https:\/\/juricahodak.hr\/usluge\/endodoncija-lijecenje-korijenskih-kanala\/","og_locale":"sl_SI","og_type":"article","og_title":"Endodoncija \u2013 zdravljenje korenskega kanala - Stomatolo\u0161ka ordinacija dr. Jurica Hodak, Rijeka","og_description":"Endodoncija je del stomatologije, ki zajema zdravljenje zobnih kanalov, puljenje \u017eivcev ter polnjenje zobnih kanalov. Problem okoli \u017eivcev\u00a0 nastane, ko karies prodre do osr\u010dja \u017eivca. Takrat se zob ne more ve\u010d braniti in posledi\u010dno pride do vnetja, kar kasneje lahko vodi do odmiranja \u017eivcev, kar lahko spremljajo mo\u010dne bole\u010dine. V takih primerih je pomembno dobro [&hellip;]","og_url":"https:\/\/juricahodak.hr\/usluge\/endodoncija-lijecenje-korijenskih-kanala\/","og_site_name":"Stomatolo\u0161ka ordinacija dr. Jurica Hodak, Rijeka","article_modified_time":"2021-08-31T10:33:39+00:00","twitter_card":"summary_large_image","twitter_misc":{"Est. reading time":"1 minuta"},"schema":{"@context":"https:\/\/schema.org","@graph":[{"@type":"WebPage","@id":"https:\/\/juricahodak.hr\/usluge\/endodoncija-lijecenje-korijenskih-kanala\/","url":"https:\/\/juricahodak.hr\/usluge\/endodoncija-lijecenje-korijenskih-kanala\/","name":"Endodoncija \u2013 zdravljenje korenskega kanala - Stomatolo\u0161ka ordinacija dr. Jurica Hodak, Rijeka","isPartOf":{"@id":"https:\/\/juricahodak.hr\/#website"},"datePublished":"2021-06-08T10:42:48+00:00","dateModified":"2021-08-31T10:33:39+00:00","breadcrumb":{"@id":"https:\/\/juricahodak.hr\/usluge\/endodoncija-lijecenje-korijenskih-kanala\/#breadcrumb"},"inLanguage":"sl-SI","potentialAction":[{"@type":"ReadAction","target":["https:\/\/juricahodak.hr\/usluge\/endodoncija-lijecenje-korijenskih-kanala\/"]}]},{"@type":"BreadcrumbList","@id":"https:\/\/juricahodak.hr\/usluge\/endodoncija-lijecenje-korijenskih-kanala\/#breadcrumb","itemListElement":[{"@type":"ListItem","position":1,"name":"Po\u010detna stranica","item":"https:\/\/juricahodak.hr\/"},{"@type":"ListItem","position":2,"name":"Storitve","item":"https:\/\/juricahodak.hr\/usluge\/"},{"@type":"ListItem","position":3,"name":"Endodoncija \u2013 zdravljenje korenskega kanala"}]},{"@type":"WebSite","@id":"https:\/\/juricahodak.hr\/#website","url":"https:\/\/juricahodak.hr\/","name":"Stomatolo\u0161ka ordinacija dr. Jurica Hodak, Rijeka","description":"Va\u0161 stomatolog - Potpuno posve\u0107eni vama","potentialAction":[{"@type":"SearchAction","target":{"@type":"EntryPoint","urlTemplate":"https:\/\/juricahodak.hr\/?s={search_term_string}"},"query-input":{"@type":"PropertyValueSpecification","valueRequired":true,"valueName":"search_term_string"}}],"inLanguage":"sl-SI"}]}},"_links":{"self":[{"href":"https:\/\/juricahodak.hr\/sl\/wp-json\/wp\/v2\/pages\/903","targetHints":{"allow":["GET"]}}],"collection":[{"href":"https:\/\/juricahodak.hr\/sl\/wp-json\/wp\/v2\/pages"}],"about":[{"href":"https:\/\/juricahodak.hr\/sl\/wp-json\/wp\/v2\/types\/page"}],"author":[{"embeddable":true,"href":"https:\/\/juricahodak.hr\/sl\/wp-json\/wp\/v2\/users\/2"}],"replies":[{"embeddable":true,"href":"https:\/\/juricahodak.hr\/sl\/wp-json\/wp\/v2\/comments?post=903"}],"version-history":[{"count":3,"href":"https:\/\/juricahodak.hr\/sl\/wp-json\/wp\/v2\/pages\/903\/revisions"}],"predecessor-version":[{"id":907,"href":"https:\/\/juricahodak.hr\/sl\/wp-json\/wp\/v2\/pages\/903\/revisions\/907"}],"up":[{"embeddable":true,"href":"https:\/\/juricahodak.hr\/sl\/wp-json\/wp\/v2\/pages\/860"}],"wp:attachment":[{"href":"https:\/\/juricahodak.hr\/sl\/wp-json\/wp\/v2\/media?parent=903"}],"curies":[{"name":"wp","href":"https:\/\/api.w.org\/{rel}","templated":true}]}}