{"id":900,"date":"2021-06-08T12:43:00","date_gmt":"2021-06-08T10:43:00","guid":{"rendered":"http:\/\/juricahodak.hr\/web\/storitve\/parodontologija\/"},"modified":"2021-08-31T12:31:56","modified_gmt":"2021-08-31T10:31:56","slug":"parodontologija","status":"publish","type":"page","link":"https:\/\/juricahodak.hr\/sl\/storitve\/parodontologija\/","title":{"rendered":"Parodontologija"},"content":{"rendered":"<p>[et_pb_section fb_built=&#8221;1&#8243; _builder_version=&#8221;4.9.7&#8243; _module_preset=&#8221;default&#8221; global_colors_info=&#8221;{}&#8221;][et_pb_row column_structure=&#8221;1_2,1_2&#8243; make_equal=&#8221;on&#8221; _builder_version=&#8221;4.9.7&#8243; _module_preset=&#8221;cd1cd370-4a9a-47e5-86af-210816d17eb0&#8243; custom_css_main_element=&#8221;align-items: center;&#8221; global_colors_info=&#8221;{}&#8221;][et_pb_column type=&#8221;1_2&#8243; _builder_version=&#8221;4.9.7&#8243; _module_preset=&#8221;default&#8221; global_colors_info=&#8221;{}&#8221;][et_pb_text _builder_version=&#8221;4.10.5&#8243; _module_preset=&#8221;default&#8221; hover_enabled=&#8221;0&#8243; global_colors_info=&#8221;{}&#8221; sticky_enabled=&#8221;0&#8243;]Parodontologija je veja stomatologije, katera se ukvarja z boleznimi podpornega aparata zoba \u2013 paradontom. Njpogostej\u0161e bolezni, ki spadajo v to kategorijo so\u00a0<strong>gingvitis in parodontitis<\/strong>.<\/p>\n<h1>GINGIVITIS<\/h1>\n<p>Gingvitis je rde\u010dilo, otok in krvavenje zobnega mesa. Najpogosteje nastane zaradi nepravilne in neredne higiene ustne votline ter nabiranja zobnega kamna. Zdravi se s stomatolo\u0161kim strokovnim tretmajem in adekvatno higieno ustne votline.<\/p>\n<h1>PARODONTITIS<\/h1>\n<p>Parodontitis je nabiranje mikroorganizmov in kamna okoli zobnega vratu, ki s \u010dasom progredirajo proti vrhu korena in s tem ustvarjajo \u017eepke, ki lo\u010dujejo zob od kosti, ter posledi\u010dno majejo zob. To lahko pripelje do puljenja \u201czdravega\u201d zoba. Pomembno je omeniti, da vsaki parodontitis nastane iz gingvitisa.<\/p>\n<p>Da bi prepre\u010dili pojavo enega in drugega, je pomemben obisk pri stomatologu dvakrat na leto, kjer zdravnik z \u010di\u0161\u010denjem mehkih ter trdih nesnag, ki se nabirajo na zobu (zobnega kamna) preventivno prepre\u010di taka stanja.<\/p>\n<p>Postopki \u010di\u0161\u010denja nesnag:<\/p>\n<ul>\n<li><strong>KAVITRON <\/strong>\u2013 ultrazvo\u010dni aparat, ki \u010disti trdovratne nesnage po principu mikrovibracij<\/li>\n<li><strong>AIR FLOW<\/strong> \u2013 aparat, ki na principu vode, zraka (pritiska) in malih del\u010dkov natrijevega bikarbonata, ki ima okus po limoni, \u010disti vse mehke nesnage in pigmentacije od nikotina, \u010daja, kave, vina\u2026<\/li>\n<\/ul>\n<p>[\/et_pb_text][\/et_pb_column][et_pb_column type=&#8221;1_2&#8243; _builder_version=&#8221;4.9.7&#8243; _module_preset=&#8221;default&#8221; global_colors_info=&#8221;{}&#8221;][et_pb_image src=&#8221;http:\/\/juricahodak.hr\/web\/wp-content\/uploads\/2021\/08\/jurica_hodak_galerija_big-19.jpg&#8221; title_text=&#8221;jurica_hodak_galerija_big-19&#8243; _builder_version=&#8221;4.10.4&#8243; _module_preset=&#8221;default&#8221; global_colors_info=&#8221;{}&#8221;][\/et_pb_image][\/et_pb_column][\/et_pb_row][\/et_pb_section]<\/p>\n","protected":false},"excerpt":{"rendered":"<p>Parodontologija je veja stomatologije, katera se ukvarja z boleznimi podpornega aparata zoba \u2013 paradontom. Njpogostej\u0161e bolezni, ki spadajo v to kategorijo so\u00a0gingvitis in parodontitis. GINGIVITIS Gingvitis je rde\u010dilo, otok in krvavenje zobnega mesa. Najpogosteje nastane zaradi nepravilne in neredne higiene ustne votline ter nabiranja zobnega kamna. Zdravi se s stomatolo\u0161kim strokovnim tretmajem in adekvatno higieno [&hellip;]<\/p>\n","protected":false},"author":2,"featured_media":0,"parent":860,"menu_order":0,"comment_status":"closed","ping_status":"closed","template":"","meta":{"_et_pb_use_builder":"on","_et_pb_old_content":"","_et_gb_content_width":"","inline_featured_image":false,"footnotes":""},"class_list":["post-900","page","type-page","status-publish","hentry"],"yoast_head":"<!-- This site is optimized with the Yoast SEO plugin v24.1 - https:\/\/yoast.com\/wordpress\/plugins\/seo\/ -->\n<title>Parodontologija - Stomatolo\u0161ka ordinacija dr. Jurica Hodak, Rijeka<\/title>\n<meta name=\"robots\" content=\"index, follow, max-snippet:-1, max-image-preview:large, max-video-preview:-1\" \/>\n<link rel=\"canonical\" href=\"https:\/\/juricahodak.hr\/usluge\/parodontologija\/\" \/>\n<meta property=\"og:locale\" content=\"sl_SI\" \/>\n<meta property=\"og:type\" content=\"article\" \/>\n<meta property=\"og:title\" content=\"Parodontologija - Stomatolo\u0161ka ordinacija dr. Jurica Hodak, Rijeka\" \/>\n<meta property=\"og:description\" content=\"Parodontologija je veja stomatologije, katera se ukvarja z boleznimi podpornega aparata zoba \u2013 paradontom. Njpogostej\u0161e bolezni, ki spadajo v to kategorijo so\u00a0gingvitis in parodontitis. GINGIVITIS Gingvitis je rde\u010dilo, otok in krvavenje zobnega mesa. Najpogosteje nastane zaradi nepravilne in neredne higiene ustne votline ter nabiranja zobnega kamna. Zdravi se s stomatolo\u0161kim strokovnim tretmajem in adekvatno higieno [&hellip;]\" \/>\n<meta property=\"og:url\" content=\"https:\/\/juricahodak.hr\/usluge\/parodontologija\/\" \/>\n<meta property=\"og:site_name\" content=\"Stomatolo\u0161ka ordinacija dr. Jurica Hodak, Rijeka\" \/>\n<meta property=\"article:modified_time\" content=\"2021-08-31T10:31:56+00:00\" \/>\n<meta name=\"twitter:card\" content=\"summary_large_image\" \/>\n<meta name=\"twitter:label1\" content=\"Est. reading time\" \/>\n\t<meta name=\"twitter:data1\" content=\"2 minuti\" \/>\n<script type=\"application\/ld+json\" class=\"yoast-schema-graph\">{\"@context\":\"https:\/\/schema.org\",\"@graph\":[{\"@type\":\"WebPage\",\"@id\":\"https:\/\/juricahodak.hr\/usluge\/parodontologija\/\",\"url\":\"https:\/\/juricahodak.hr\/usluge\/parodontologija\/\",\"name\":\"Parodontologija - Stomatolo\u0161ka ordinacija dr. Jurica Hodak, Rijeka\",\"isPartOf\":{\"@id\":\"https:\/\/juricahodak.hr\/#website\"},\"datePublished\":\"2021-06-08T10:43:00+00:00\",\"dateModified\":\"2021-08-31T10:31:56+00:00\",\"breadcrumb\":{\"@id\":\"https:\/\/juricahodak.hr\/usluge\/parodontologija\/#breadcrumb\"},\"inLanguage\":\"sl-SI\",\"potentialAction\":[{\"@type\":\"ReadAction\",\"target\":[\"https:\/\/juricahodak.hr\/usluge\/parodontologija\/\"]}]},{\"@type\":\"BreadcrumbList\",\"@id\":\"https:\/\/juricahodak.hr\/usluge\/parodontologija\/#breadcrumb\",\"itemListElement\":[{\"@type\":\"ListItem\",\"position\":1,\"name\":\"Po\u010detna stranica\",\"item\":\"https:\/\/juricahodak.hr\/\"},{\"@type\":\"ListItem\",\"position\":2,\"name\":\"Storitve\",\"item\":\"https:\/\/juricahodak.hr\/usluge\/\"},{\"@type\":\"ListItem\",\"position\":3,\"name\":\"Parodontologija\"}]},{\"@type\":\"WebSite\",\"@id\":\"https:\/\/juricahodak.hr\/#website\",\"url\":\"https:\/\/juricahodak.hr\/\",\"name\":\"Stomatolo\u0161ka ordinacija dr. Jurica Hodak, Rijeka\",\"description\":\"Va\u0161 stomatolog - Potpuno posve\u0107eni vama\",\"potentialAction\":[{\"@type\":\"SearchAction\",\"target\":{\"@type\":\"EntryPoint\",\"urlTemplate\":\"https:\/\/juricahodak.hr\/?s={search_term_string}\"},\"query-input\":{\"@type\":\"PropertyValueSpecification\",\"valueRequired\":true,\"valueName\":\"search_term_string\"}}],\"inLanguage\":\"sl-SI\"}]}<\/script>\n<!-- \/ Yoast SEO plugin. -->","yoast_head_json":{"title":"Parodontologija - Stomatolo\u0161ka ordinacija dr. Jurica Hodak, Rijeka","robots":{"index":"index","follow":"follow","max-snippet":"max-snippet:-1","max-image-preview":"max-image-preview:large","max-video-preview":"max-video-preview:-1"},"canonical":"https:\/\/juricahodak.hr\/usluge\/parodontologija\/","og_locale":"sl_SI","og_type":"article","og_title":"Parodontologija - Stomatolo\u0161ka ordinacija dr. Jurica Hodak, Rijeka","og_description":"Parodontologija je veja stomatologije, katera se ukvarja z boleznimi podpornega aparata zoba \u2013 paradontom. Njpogostej\u0161e bolezni, ki spadajo v to kategorijo so\u00a0gingvitis in parodontitis. GINGIVITIS Gingvitis je rde\u010dilo, otok in krvavenje zobnega mesa. Najpogosteje nastane zaradi nepravilne in neredne higiene ustne votline ter nabiranja zobnega kamna. Zdravi se s stomatolo\u0161kim strokovnim tretmajem in adekvatno higieno [&hellip;]","og_url":"https:\/\/juricahodak.hr\/usluge\/parodontologija\/","og_site_name":"Stomatolo\u0161ka ordinacija dr. Jurica Hodak, Rijeka","article_modified_time":"2021-08-31T10:31:56+00:00","twitter_card":"summary_large_image","twitter_misc":{"Est. reading time":"2 minuti"},"schema":{"@context":"https:\/\/schema.org","@graph":[{"@type":"WebPage","@id":"https:\/\/juricahodak.hr\/usluge\/parodontologija\/","url":"https:\/\/juricahodak.hr\/usluge\/parodontologija\/","name":"Parodontologija - Stomatolo\u0161ka ordinacija dr. Jurica Hodak, Rijeka","isPartOf":{"@id":"https:\/\/juricahodak.hr\/#website"},"datePublished":"2021-06-08T10:43:00+00:00","dateModified":"2021-08-31T10:31:56+00:00","breadcrumb":{"@id":"https:\/\/juricahodak.hr\/usluge\/parodontologija\/#breadcrumb"},"inLanguage":"sl-SI","potentialAction":[{"@type":"ReadAction","target":["https:\/\/juricahodak.hr\/usluge\/parodontologija\/"]}]},{"@type":"BreadcrumbList","@id":"https:\/\/juricahodak.hr\/usluge\/parodontologija\/#breadcrumb","itemListElement":[{"@type":"ListItem","position":1,"name":"Po\u010detna stranica","item":"https:\/\/juricahodak.hr\/"},{"@type":"ListItem","position":2,"name":"Storitve","item":"https:\/\/juricahodak.hr\/usluge\/"},{"@type":"ListItem","position":3,"name":"Parodontologija"}]},{"@type":"WebSite","@id":"https:\/\/juricahodak.hr\/#website","url":"https:\/\/juricahodak.hr\/","name":"Stomatolo\u0161ka ordinacija dr. Jurica Hodak, Rijeka","description":"Va\u0161 stomatolog - Potpuno posve\u0107eni vama","potentialAction":[{"@type":"SearchAction","target":{"@type":"EntryPoint","urlTemplate":"https:\/\/juricahodak.hr\/?s={search_term_string}"},"query-input":{"@type":"PropertyValueSpecification","valueRequired":true,"valueName":"search_term_string"}}],"inLanguage":"sl-SI"}]}},"_links":{"self":[{"href":"https:\/\/juricahodak.hr\/sl\/wp-json\/wp\/v2\/pages\/900","targetHints":{"allow":["GET"]}}],"collection":[{"href":"https:\/\/juricahodak.hr\/sl\/wp-json\/wp\/v2\/pages"}],"about":[{"href":"https:\/\/juricahodak.hr\/sl\/wp-json\/wp\/v2\/types\/page"}],"author":[{"embeddable":true,"href":"https:\/\/juricahodak.hr\/sl\/wp-json\/wp\/v2\/users\/2"}],"replies":[{"embeddable":true,"href":"https:\/\/juricahodak.hr\/sl\/wp-json\/wp\/v2\/comments?post=900"}],"version-history":[{"count":1,"href":"https:\/\/juricahodak.hr\/sl\/wp-json\/wp\/v2\/pages\/900\/revisions"}],"predecessor-version":[{"id":902,"href":"https:\/\/juricahodak.hr\/sl\/wp-json\/wp\/v2\/pages\/900\/revisions\/902"}],"up":[{"embeddable":true,"href":"https:\/\/juricahodak.hr\/sl\/wp-json\/wp\/v2\/pages\/860"}],"wp:attachment":[{"href":"https:\/\/juricahodak.hr\/sl\/wp-json\/wp\/v2\/media?parent=900"}],"curies":[{"name":"wp","href":"https:\/\/api.w.org\/{rel}","templated":true}]}}