{"id":897,"date":"2021-06-08T12:43:12","date_gmt":"2021-06-08T10:43:12","guid":{"rendered":"http:\/\/juricahodak.hr\/web\/storitve\/oralna-kirurgija\/"},"modified":"2021-08-31T12:30:19","modified_gmt":"2021-08-31T10:30:19","slug":"oralna-kirurgija","status":"publish","type":"page","link":"https:\/\/juricahodak.hr\/sl\/storitve\/oralna-kirurgija\/","title":{"rendered":"Oralna kirurgija"},"content":{"rendered":"<p>[et_pb_section fb_built=&#8221;1&#8243; _builder_version=&#8221;4.9.7&#8243; _module_preset=&#8221;default&#8221; global_colors_info=&#8221;{}&#8221;][et_pb_row column_structure=&#8221;1_2,1_2&#8243; make_equal=&#8221;on&#8221; _builder_version=&#8221;4.9.7&#8243; _module_preset=&#8221;cd1cd370-4a9a-47e5-86af-210816d17eb0&#8243; custom_css_main_element=&#8221;align-items: center;&#8221; global_colors_info=&#8221;{}&#8221;][et_pb_column type=&#8221;1_2&#8243; _builder_version=&#8221;4.9.7&#8243; _module_preset=&#8221;default&#8221; global_colors_info=&#8221;{}&#8221;][et_pb_text _builder_version=&#8221;4.10.5&#8243; _module_preset=&#8221;default&#8221; hover_enabled=&#8221;0&#8243; global_colors_info=&#8221;{}&#8221; sticky_enabled=&#8221;0&#8243;]<\/p>\n<p>Posegi, ki se opravljajo in spadajo v to vejo stomatologije so:<\/p>\n<ul>\n<li><strong>puljenje zoba\u00a0<\/strong>\u00a0(enostavno in zapleteno)<\/li>\n<li><strong>vgradnja implantata<\/strong><\/li>\n<li><strong>apicotomia\u00a0<\/strong>\u2013 odstranitev \u00a0vrha korena<\/li>\n<li><strong>hemisekcija<\/strong>\u00a0\u2013 odstranitev\u00a0 1 od npr. 3 korenov<\/li>\n<li><strong>sinus lift\u00a0<\/strong>\u2013 vzdiganje dna maksilarnega sinusa z vgradnjo umetne kosti zaradi pridobivanja prostora za vgradnjo implantata<\/li>\n<li><strong>ekstrakcija retiniranih in impaktiranih zob<\/strong><\/li>\n<li><strong>gingivoplastika<\/strong>\u00a0\u2013 korekcija asimetrije gingive okoli zobnih vratov<\/li>\n<li><strong>nivelacija grebena<\/strong>\u00a0\u2013 popravljanje nepravilnosti alveolarnega grebena zaradi nadaljnega dela<\/li>\n<\/ul>\n<p>[\/et_pb_text][\/et_pb_column][et_pb_column type=&#8221;1_2&#8243; _builder_version=&#8221;4.9.7&#8243; _module_preset=&#8221;default&#8221; global_colors_info=&#8221;{}&#8221;][et_pb_image src=&#8221;http:\/\/juricahodak.hr\/web\/wp-content\/uploads\/2021\/08\/jurica_hodak_galerija_big-45.jpg&#8221; title_text=&#8221;jurica_hodak_galerija_big-45&#8243; _builder_version=&#8221;4.10.4&#8243; _module_preset=&#8221;default&#8221; global_colors_info=&#8221;{}&#8221;][\/et_pb_image][\/et_pb_column][\/et_pb_row][\/et_pb_section]<\/p>\n","protected":false},"excerpt":{"rendered":"<p>Posegi, ki se opravljajo in spadajo v to vejo stomatologije so: puljenje zoba\u00a0\u00a0(enostavno in zapleteno) vgradnja implantata apicotomia\u00a0\u2013 odstranitev \u00a0vrha korena hemisekcija\u00a0\u2013 odstranitev\u00a0 1 od npr. 3 korenov sinus lift\u00a0\u2013 vzdiganje dna maksilarnega sinusa z vgradnjo umetne kosti zaradi pridobivanja prostora za vgradnjo implantata ekstrakcija retiniranih in impaktiranih zob gingivoplastika\u00a0\u2013 korekcija asimetrije gingive okoli zobnih [&hellip;]<\/p>\n","protected":false},"author":2,"featured_media":0,"parent":860,"menu_order":0,"comment_status":"closed","ping_status":"closed","template":"","meta":{"_et_pb_use_builder":"on","_et_pb_old_content":"","_et_gb_content_width":"","inline_featured_image":false,"footnotes":""},"class_list":["post-897","page","type-page","status-publish","hentry"],"yoast_head":"<!-- This site is optimized with the Yoast SEO plugin v24.1 - https:\/\/yoast.com\/wordpress\/plugins\/seo\/ -->\n<title>Oralna kirurgija - Stomatolo\u0161ka ordinacija dr. Jurica Hodak, Rijeka<\/title>\n<meta name=\"robots\" content=\"index, follow, max-snippet:-1, max-image-preview:large, max-video-preview:-1\" \/>\n<link rel=\"canonical\" href=\"https:\/\/juricahodak.hr\/usluge\/oralna-kirurgija\/\" \/>\n<meta property=\"og:locale\" content=\"sl_SI\" \/>\n<meta property=\"og:type\" content=\"article\" \/>\n<meta property=\"og:title\" content=\"Oralna kirurgija - Stomatolo\u0161ka ordinacija dr. Jurica Hodak, Rijeka\" \/>\n<meta property=\"og:description\" content=\"Posegi, ki se opravljajo in spadajo v to vejo stomatologije so: puljenje zoba\u00a0\u00a0(enostavno in zapleteno) vgradnja implantata apicotomia\u00a0\u2013 odstranitev \u00a0vrha korena hemisekcija\u00a0\u2013 odstranitev\u00a0 1 od npr. 3 korenov sinus lift\u00a0\u2013 vzdiganje dna maksilarnega sinusa z vgradnjo umetne kosti zaradi pridobivanja prostora za vgradnjo implantata ekstrakcija retiniranih in impaktiranih zob gingivoplastika\u00a0\u2013 korekcija asimetrije gingive okoli zobnih [&hellip;]\" \/>\n<meta property=\"og:url\" content=\"https:\/\/juricahodak.hr\/usluge\/oralna-kirurgija\/\" \/>\n<meta property=\"og:site_name\" content=\"Stomatolo\u0161ka ordinacija dr. Jurica Hodak, Rijeka\" \/>\n<meta property=\"article:modified_time\" content=\"2021-08-31T10:30:19+00:00\" \/>\n<meta name=\"twitter:card\" content=\"summary_large_image\" \/>\n<meta name=\"twitter:label1\" content=\"Est. reading time\" \/>\n\t<meta name=\"twitter:data1\" content=\"1 minuta\" \/>\n<script type=\"application\/ld+json\" class=\"yoast-schema-graph\">{\"@context\":\"https:\/\/schema.org\",\"@graph\":[{\"@type\":\"WebPage\",\"@id\":\"https:\/\/juricahodak.hr\/usluge\/oralna-kirurgija\/\",\"url\":\"https:\/\/juricahodak.hr\/usluge\/oralna-kirurgija\/\",\"name\":\"Oralna kirurgija - Stomatolo\u0161ka ordinacija dr. Jurica Hodak, Rijeka\",\"isPartOf\":{\"@id\":\"https:\/\/juricahodak.hr\/#website\"},\"datePublished\":\"2021-06-08T10:43:12+00:00\",\"dateModified\":\"2021-08-31T10:30:19+00:00\",\"breadcrumb\":{\"@id\":\"https:\/\/juricahodak.hr\/usluge\/oralna-kirurgija\/#breadcrumb\"},\"inLanguage\":\"sl-SI\",\"potentialAction\":[{\"@type\":\"ReadAction\",\"target\":[\"https:\/\/juricahodak.hr\/usluge\/oralna-kirurgija\/\"]}]},{\"@type\":\"BreadcrumbList\",\"@id\":\"https:\/\/juricahodak.hr\/usluge\/oralna-kirurgija\/#breadcrumb\",\"itemListElement\":[{\"@type\":\"ListItem\",\"position\":1,\"name\":\"Po\u010detna stranica\",\"item\":\"https:\/\/juricahodak.hr\/\"},{\"@type\":\"ListItem\",\"position\":2,\"name\":\"Storitve\",\"item\":\"https:\/\/juricahodak.hr\/usluge\/\"},{\"@type\":\"ListItem\",\"position\":3,\"name\":\"Oralna kirurgija\"}]},{\"@type\":\"WebSite\",\"@id\":\"https:\/\/juricahodak.hr\/#website\",\"url\":\"https:\/\/juricahodak.hr\/\",\"name\":\"Stomatolo\u0161ka ordinacija dr. Jurica Hodak, Rijeka\",\"description\":\"Va\u0161 stomatolog - Potpuno posve\u0107eni vama\",\"potentialAction\":[{\"@type\":\"SearchAction\",\"target\":{\"@type\":\"EntryPoint\",\"urlTemplate\":\"https:\/\/juricahodak.hr\/?s={search_term_string}\"},\"query-input\":{\"@type\":\"PropertyValueSpecification\",\"valueRequired\":true,\"valueName\":\"search_term_string\"}}],\"inLanguage\":\"sl-SI\"}]}<\/script>\n<!-- \/ Yoast SEO plugin. -->","yoast_head_json":{"title":"Oralna kirurgija - Stomatolo\u0161ka ordinacija dr. Jurica Hodak, Rijeka","robots":{"index":"index","follow":"follow","max-snippet":"max-snippet:-1","max-image-preview":"max-image-preview:large","max-video-preview":"max-video-preview:-1"},"canonical":"https:\/\/juricahodak.hr\/usluge\/oralna-kirurgija\/","og_locale":"sl_SI","og_type":"article","og_title":"Oralna kirurgija - Stomatolo\u0161ka ordinacija dr. Jurica Hodak, Rijeka","og_description":"Posegi, ki se opravljajo in spadajo v to vejo stomatologije so: puljenje zoba\u00a0\u00a0(enostavno in zapleteno) vgradnja implantata apicotomia\u00a0\u2013 odstranitev \u00a0vrha korena hemisekcija\u00a0\u2013 odstranitev\u00a0 1 od npr. 3 korenov sinus lift\u00a0\u2013 vzdiganje dna maksilarnega sinusa z vgradnjo umetne kosti zaradi pridobivanja prostora za vgradnjo implantata ekstrakcija retiniranih in impaktiranih zob gingivoplastika\u00a0\u2013 korekcija asimetrije gingive okoli zobnih [&hellip;]","og_url":"https:\/\/juricahodak.hr\/usluge\/oralna-kirurgija\/","og_site_name":"Stomatolo\u0161ka ordinacija dr. Jurica Hodak, Rijeka","article_modified_time":"2021-08-31T10:30:19+00:00","twitter_card":"summary_large_image","twitter_misc":{"Est. reading time":"1 minuta"},"schema":{"@context":"https:\/\/schema.org","@graph":[{"@type":"WebPage","@id":"https:\/\/juricahodak.hr\/usluge\/oralna-kirurgija\/","url":"https:\/\/juricahodak.hr\/usluge\/oralna-kirurgija\/","name":"Oralna kirurgija - Stomatolo\u0161ka ordinacija dr. Jurica Hodak, Rijeka","isPartOf":{"@id":"https:\/\/juricahodak.hr\/#website"},"datePublished":"2021-06-08T10:43:12+00:00","dateModified":"2021-08-31T10:30:19+00:00","breadcrumb":{"@id":"https:\/\/juricahodak.hr\/usluge\/oralna-kirurgija\/#breadcrumb"},"inLanguage":"sl-SI","potentialAction":[{"@type":"ReadAction","target":["https:\/\/juricahodak.hr\/usluge\/oralna-kirurgija\/"]}]},{"@type":"BreadcrumbList","@id":"https:\/\/juricahodak.hr\/usluge\/oralna-kirurgija\/#breadcrumb","itemListElement":[{"@type":"ListItem","position":1,"name":"Po\u010detna stranica","item":"https:\/\/juricahodak.hr\/"},{"@type":"ListItem","position":2,"name":"Storitve","item":"https:\/\/juricahodak.hr\/usluge\/"},{"@type":"ListItem","position":3,"name":"Oralna kirurgija"}]},{"@type":"WebSite","@id":"https:\/\/juricahodak.hr\/#website","url":"https:\/\/juricahodak.hr\/","name":"Stomatolo\u0161ka ordinacija dr. Jurica Hodak, Rijeka","description":"Va\u0161 stomatolog - Potpuno posve\u0107eni vama","potentialAction":[{"@type":"SearchAction","target":{"@type":"EntryPoint","urlTemplate":"https:\/\/juricahodak.hr\/?s={search_term_string}"},"query-input":{"@type":"PropertyValueSpecification","valueRequired":true,"valueName":"search_term_string"}}],"inLanguage":"sl-SI"}]}},"_links":{"self":[{"href":"https:\/\/juricahodak.hr\/sl\/wp-json\/wp\/v2\/pages\/897","targetHints":{"allow":["GET"]}}],"collection":[{"href":"https:\/\/juricahodak.hr\/sl\/wp-json\/wp\/v2\/pages"}],"about":[{"href":"https:\/\/juricahodak.hr\/sl\/wp-json\/wp\/v2\/types\/page"}],"author":[{"embeddable":true,"href":"https:\/\/juricahodak.hr\/sl\/wp-json\/wp\/v2\/users\/2"}],"replies":[{"embeddable":true,"href":"https:\/\/juricahodak.hr\/sl\/wp-json\/wp\/v2\/comments?post=897"}],"version-history":[{"count":1,"href":"https:\/\/juricahodak.hr\/sl\/wp-json\/wp\/v2\/pages\/897\/revisions"}],"predecessor-version":[{"id":899,"href":"https:\/\/juricahodak.hr\/sl\/wp-json\/wp\/v2\/pages\/897\/revisions\/899"}],"up":[{"embeddable":true,"href":"https:\/\/juricahodak.hr\/sl\/wp-json\/wp\/v2\/pages\/860"}],"wp:attachment":[{"href":"https:\/\/juricahodak.hr\/sl\/wp-json\/wp\/v2\/media?parent=897"}],"curies":[{"name":"wp","href":"https:\/\/api.w.org\/{rel}","templated":true}]}}