{"id":860,"date":"2021-06-08T12:39:41","date_gmt":"2021-06-08T10:39:41","guid":{"rendered":"http:\/\/juricahodak.hr\/web\/usluge\/"},"modified":"2021-08-31T11:29:41","modified_gmt":"2021-08-31T09:29:41","slug":"storitve","status":"publish","type":"page","link":"https:\/\/juricahodak.hr\/sl\/storitve\/","title":{"rendered":"Storitve"},"content":{"rendered":"<p>[et_pb_section fb_built=&#8221;1&#8243; _builder_version=&#8221;4.9.4&#8243; _module_preset=&#8221;default&#8221; locked=&#8221;off&#8221; global_colors_info=&#8221;{}&#8221;][et_pb_row column_structure=&#8221;1_5,1_5,1_5,1_5,1_5&#8243; make_equal=&#8221;on&#8221; _builder_version=&#8221;4.9.4&#8243; _module_preset=&#8221;cd1cd370-4a9a-47e5-86af-210816d17eb0&#8243; global_colors_info=&#8221;{}&#8221;][et_pb_column type=&#8221;1_5&#8243; _builder_version=&#8221;4.9.4&#8243; _module_preset=&#8221;default&#8221; global_colors_info=&#8221;{}&#8221;][et_pb_blurb title=&#8221;Implantati&#8221; image=&#8221;http:\/\/juricahodak.hr\/web\/wp-content\/uploads\/2021\/06\/jurica_hodak_znak.svg&#8221; icon_placement=&#8221;left&#8221; _builder_version=&#8221;4.10.4&#8243; _dynamic_attributes=&#8221;link_option_url&#8221; _module_preset=&#8221;default&#8221; header_level=&#8221;h3&#8243; header_font=&#8221;Nunito|800||on|||||&#8221; transform_scale_last_edited=&#8221;off|desktop&#8221; transform_translate_last_edited=&#8221;off|desktop&#8221; transform_translate_linked__hover=&#8221;off&#8221; transform_rotate_last_edited=&#8221;off|desktop&#8221; transform_skew_last_edited=&#8221;off|desktop&#8221; transform_origin_last_edited=&#8221;off|desktop&#8221; transform_styles_last_edited=&#8221;off|desktop&#8221; animation=&#8221;off&#8221; link_option_url=&#8221;@ET-DC@eyJkeW5hbWljIjp0cnVlLCJjb250ZW50IjoicG9zdF9saW5rX3VybF9wYWdlIiwic2V0dGluZ3MiOnsicG9zdF9pZCI6IjI5In19@&#8221; global_colors_info=&#8221;{}&#8221; header_text_color__hover_enabled=&#8221;on|hover&#8221; header_text_color__hover=&#8221;#A6CE39&#8243; body_text_color__hover_enabled=&#8221;on|hover&#8221; transform_styles__hover_enabled=&#8221;on|hover&#8221; transform_scale__hover_enabled=&#8221;on|hover&#8221; transform_translate__hover_enabled=&#8221;on|hover&#8221; transform_rotate__hover_enabled=&#8221;on|desktop&#8221; transform_skew__hover_enabled=&#8221;on|desktop&#8221; transform_origin__hover_enabled=&#8221;on|desktop&#8221; transform_translate__hover=&#8221;0px|-2px&#8221;]<\/p>\n<p>Nadomjestak od titana kao temelj rehabilitacije va\u0161e zubne \u010deljusti<\/p>\n<p>[\/et_pb_blurb][\/et_pb_column][et_pb_column type=&#8221;1_5&#8243; _builder_version=&#8221;4.9.4&#8243; _module_preset=&#8221;default&#8221; global_colors_info=&#8221;{}&#8221;][et_pb_blurb title=&#8221;Izbjeljivanje zubi&#8221; image=&#8221;http:\/\/juricahodak.hr\/web\/wp-content\/uploads\/2021\/06\/jurica_hodak_znak.svg&#8221; icon_placement=&#8221;left&#8221; _builder_version=&#8221;4.10.4&#8243; _dynamic_attributes=&#8221;link_option_url&#8221; _module_preset=&#8221;default&#8221; header_level=&#8221;h3&#8243; header_font=&#8221;Nunito|800||on|||||&#8221; transform_scale_last_edited=&#8221;off|desktop&#8221; transform_translate_last_edited=&#8221;off|desktop&#8221; transform_translate_linked__hover=&#8221;off&#8221; transform_rotate_last_edited=&#8221;off|desktop&#8221; transform_skew_last_edited=&#8221;off|desktop&#8221; transform_origin_last_edited=&#8221;off|desktop&#8221; transform_styles_last_edited=&#8221;off|desktop&#8221; animation=&#8221;off&#8221; link_option_url=&#8221;@ET-DC@eyJkeW5hbWljIjp0cnVlLCJjb250ZW50IjoicG9zdF9saW5rX3VybF9wYWdlIiwic2V0dGluZ3MiOnsicG9zdF9pZCI6IjMxIn19@&#8221; global_colors_info=&#8221;{}&#8221; header_text_color__hover=&#8221;#A6CE39&#8243; header_text_color__hover_enabled=&#8221;on|hover&#8221; body_text_color__hover_enabled=&#8221;on|hover&#8221; transform_scale__hover_enabled=&#8221;on|hover&#8221; transform_styles__hover_enabled=&#8221;on|hover&#8221; transform_translate__hover_enabled=&#8221;on|desktop&#8221; transform_rotate__hover_enabled=&#8221;on|desktop&#8221; transform_skew__hover_enabled=&#8221;on|desktop&#8221; transform_origin__hover_enabled=&#8221;on|desktop&#8221; transform_translate__hover=&#8221;0px|-2px&#8221;]<\/p>\n<p>U manje od sat vremena bezbolno vra\u0107amo zubima sjaj i bjelinu<\/p>\n<p>[\/et_pb_blurb][\/et_pb_column][et_pb_column type=&#8221;1_5&#8243; _builder_version=&#8221;4.9.4&#8243; _module_preset=&#8221;default&#8221; global_colors_info=&#8221;{}&#8221;][et_pb_blurb title=&#8221;Konzervativna stomatologija&#8221; image=&#8221;http:\/\/juricahodak.hr\/web\/wp-content\/uploads\/2021\/06\/jurica_hodak_znak.svg&#8221; icon_placement=&#8221;left&#8221; _builder_version=&#8221;4.10.4&#8243; _dynamic_attributes=&#8221;link_option_url&#8221; _module_preset=&#8221;default&#8221; header_level=&#8221;h3&#8243; header_font=&#8221;Nunito|800||on|||||&#8221; transform_scale_last_edited=&#8221;off|desktop&#8221; transform_translate_last_edited=&#8221;off|desktop&#8221; transform_translate_linked__hover=&#8221;off&#8221; transform_rotate_last_edited=&#8221;off|desktop&#8221; transform_skew_last_edited=&#8221;off|desktop&#8221; transform_origin_last_edited=&#8221;off|desktop&#8221; transform_styles_last_edited=&#8221;off|desktop&#8221; animation=&#8221;off&#8221; link_option_url=&#8221;@ET-DC@eyJkeW5hbWljIjp0cnVlLCJjb250ZW50IjoicG9zdF9saW5rX3VybF9wYWdlIiwic2V0dGluZ3MiOnsicG9zdF9pZCI6IjMzIn19@&#8221; global_colors_info=&#8221;{}&#8221; header_text_color__hover=&#8221;#A6CE39&#8243; header_text_color__hover_enabled=&#8221;on|hover&#8221; body_text_color__hover_enabled=&#8221;on|hover&#8221; transform_styles__hover_enabled=&#8221;on|hover&#8221; transform_scale__hover_enabled=&#8221;on|desktop&#8221; transform_translate__hover_enabled=&#8221;on|hover&#8221; transform_rotate__hover_enabled=&#8221;on|desktop&#8221; transform_skew__hover_enabled=&#8221;on|desktop&#8221; transform_origin__hover_enabled=&#8221;on|desktop&#8221; transform_translate__hover=&#8221;0px|-2px&#8221;]<\/p>\n<p>Lije\u010denje i popravak zuba, estetske i kerami\u010dke plombe nove generacije<\/p>\n<p>[\/et_pb_blurb][\/et_pb_column][et_pb_column type=&#8221;1_5&#8243; _builder_version=&#8221;4.9.4&#8243; _module_preset=&#8221;default&#8221; global_colors_info=&#8221;{}&#8221;][et_pb_blurb title=&#8221;Endodoncija&#8221; image=&#8221;http:\/\/juricahodak.hr\/web\/wp-content\/uploads\/2021\/06\/jurica_hodak_znak.svg&#8221; icon_placement=&#8221;left&#8221; _builder_version=&#8221;4.10.4&#8243; _dynamic_attributes=&#8221;link_option_url&#8221; _module_preset=&#8221;default&#8221; header_level=&#8221;h3&#8243; header_font=&#8221;Nunito|800||on|||||&#8221; transform_translate_linked__hover=&#8221;off&#8221; animation=&#8221;off&#8221; link_option_url=&#8221;@ET-DC@eyJkeW5hbWljIjp0cnVlLCJjb250ZW50IjoicG9zdF9saW5rX3VybF9wYWdlIiwic2V0dGluZ3MiOnsicG9zdF9pZCI6IjM1In19@&#8221; global_colors_info=&#8221;{}&#8221; header_text_color__hover=&#8221;#A6CE39&#8243; header_text_color__hover_enabled=&#8221;on|hover&#8221; body_text_color__hover_enabled=&#8221;on|hover&#8221; transform_styles__hover_enabled=&#8221;on|hover&#8221; transform_scale__hover_enabled=&#8221;on|desktop&#8221; transform_translate__hover_enabled=&#8221;on|hover&#8221; transform_rotate__hover_enabled=&#8221;on|desktop&#8221; transform_skew__hover_enabled=&#8221;on|desktop&#8221; transform_origin__hover_enabled=&#8221;on|desktop&#8221; transform_translate__hover=&#8221;0px|-2px&#8221;]<\/p>\n<p>Sprije\u010davanje i lije\u010denje upalnih procesa u korijenskom kanalu<\/p>\n<p>[\/et_pb_blurb][\/et_pb_column][et_pb_column type=&#8221;1_5&#8243; _builder_version=&#8221;4.9.4&#8243; _module_preset=&#8221;default&#8221; global_colors_info=&#8221;{}&#8221;][et_pb_blurb title=&#8221;Parodontologija&#8221; image=&#8221;http:\/\/juricahodak.hr\/web\/wp-content\/uploads\/2021\/06\/jurica_hodak_znak.svg&#8221; icon_placement=&#8221;left&#8221; _builder_version=&#8221;4.10.4&#8243; _dynamic_attributes=&#8221;link_option_url&#8221; _module_preset=&#8221;default&#8221; header_level=&#8221;h3&#8243; header_font=&#8221;Nunito|800||on|||||&#8221; transform_translate_linked__hover=&#8221;off&#8221; animation=&#8221;off&#8221; link_option_url=&#8221;@ET-DC@eyJkeW5hbWljIjp0cnVlLCJjb250ZW50IjoicG9zdF9saW5rX3VybF9wYWdlIiwic2V0dGluZ3MiOnsicG9zdF9pZCI6IjM3In19@&#8221; global_colors_info=&#8221;{}&#8221; header_text_color__hover=&#8221;#A6CE39&#8243; header_text_color__hover_enabled=&#8221;on|hover&#8221; body_text_color__hover_enabled=&#8221;on|hover&#8221; transform_styles__hover_enabled=&#8221;on|hover&#8221; transform_scale__hover_enabled=&#8221;on|desktop&#8221; transform_translate__hover_enabled=&#8221;on|hover&#8221; transform_rotate__hover_enabled=&#8221;on|desktop&#8221; transform_skew__hover_enabled=&#8221;on|desktop&#8221; transform_origin__hover_enabled=&#8221;on|desktop&#8221; transform_translate__hover=&#8221;0px|-2px&#8221;]<\/p>\n<p>Prevencija bolesti desni ultrazvu\u010dnim i \u201eairflow\u201c uklanjanjem naslaga<\/p>\n<p>[\/et_pb_blurb][\/et_pb_column][\/et_pb_row][et_pb_row column_structure=&#8221;1_5,1_5,1_5,1_5,1_5&#8243; make_equal=&#8221;on&#8221; _builder_version=&#8221;4.9.4&#8243; _module_preset=&#8221;cd1cd370-4a9a-47e5-86af-210816d17eb0&#8243; global_colors_info=&#8221;{}&#8221;][et_pb_column type=&#8221;1_5&#8243; _builder_version=&#8221;4.9.4&#8243; _module_preset=&#8221;default&#8221; global_colors_info=&#8221;{}&#8221;][et_pb_blurb title=&#8221;Oralna kirurgija&#8221; image=&#8221;http:\/\/juricahodak.hr\/web\/wp-content\/uploads\/2021\/06\/jurica_hodak_znak.svg&#8221; icon_placement=&#8221;left&#8221; _builder_version=&#8221;4.10.4&#8243; _dynamic_attributes=&#8221;link_option_url&#8221; _module_preset=&#8221;default&#8221; header_level=&#8221;h3&#8243; header_font=&#8221;Nunito|800||on|||||&#8221; transform_scale_last_edited=&#8221;off|desktop&#8221; transform_translate_last_edited=&#8221;off|desktop&#8221; transform_translate_linked__hover=&#8221;off&#8221; transform_rotate_last_edited=&#8221;off|desktop&#8221; transform_skew_last_edited=&#8221;off|desktop&#8221; transform_origin_last_edited=&#8221;off|desktop&#8221; animation=&#8221;off&#8221; link_option_url=&#8221;@ET-DC@eyJkeW5hbWljIjp0cnVlLCJjb250ZW50IjoicG9zdF9saW5rX3VybF9wYWdlIiwic2V0dGluZ3MiOnsicG9zdF9pZCI6IjM5In19@&#8221; global_colors_info=&#8221;{}&#8221; header_text_color__hover=&#8221;#A6CE39&#8243; header_text_color__hover_enabled=&#8221;on|hover&#8221; body_text_color__hover_enabled=&#8221;on|hover&#8221; transform_styles__hover_enabled=&#8221;on|hover&#8221; transform_scale__hover_enabled=&#8221;on|desktop&#8221; transform_translate__hover=&#8221;0px|-2px&#8221; transform_translate__hover_enabled=&#8221;on|hover&#8221; transform_rotate__hover_enabled=&#8221;on|desktop&#8221; transform_skew__hover_enabled=&#8221;on|desktop&#8221; transform_origin__hover_enabled=&#8221;on|desktop&#8221;]<\/p>\n<p>Cijeli spektar dentalnih kirur\u0161kih zahvata u rukama iskusnog stomatologa<\/p>\n<p>[\/et_pb_blurb][\/et_pb_column][et_pb_column type=&#8221;1_5&#8243; _builder_version=&#8221;4.9.4&#8243; _module_preset=&#8221;default&#8221; global_colors_info=&#8221;{}&#8221;][et_pb_blurb title=&#8221;Pedodoncija&#8221; image=&#8221;http:\/\/juricahodak.hr\/web\/wp-content\/uploads\/2021\/06\/jurica_hodak_znak.svg&#8221; icon_placement=&#8221;left&#8221; _builder_version=&#8221;4.10.4&#8243; _dynamic_attributes=&#8221;link_option_url&#8221; _module_preset=&#8221;default&#8221; header_level=&#8221;h3&#8243; header_font=&#8221;Nunito|800||on|||||&#8221; transform_scale_last_edited=&#8221;off|desktop&#8221; transform_translate_last_edited=&#8221;off|desktop&#8221; transform_translate_linked__hover=&#8221;off&#8221; transform_rotate_last_edited=&#8221;off|desktop&#8221; transform_skew_last_edited=&#8221;off|desktop&#8221; transform_origin_last_edited=&#8221;off|desktop&#8221; animation=&#8221;off&#8221; link_option_url=&#8221;@ET-DC@eyJkeW5hbWljIjp0cnVlLCJjb250ZW50IjoicG9zdF9saW5rX3VybF9wYWdlIiwic2V0dGluZ3MiOnsicG9zdF9pZCI6IjQxIn19@&#8221; global_colors_info=&#8221;{}&#8221; header_text_color__hover=&#8221;#A6CE39&#8243; header_text_color__hover_enabled=&#8221;on|hover&#8221; body_text_color__hover_enabled=&#8221;on|hover&#8221; transform_styles__hover_enabled=&#8221;on|hover&#8221; transform_scale__hover_enabled=&#8221;on|desktop&#8221; transform_translate__hover_enabled=&#8221;on|hover&#8221; transform_rotate__hover_enabled=&#8221;on|desktop&#8221; transform_skew__hover_enabled=&#8221;on|desktop&#8221; transform_origin__hover_enabled=&#8221;on|desktop&#8221; transform_translate__hover=&#8221;0px|-2px&#8221;]<\/p>\n<p>Prevencija i lije\u010denje zubnih bolesti kod djece, fluoridacija i zalijevanje fisura<\/p>\n<p>[\/et_pb_blurb][\/et_pb_column][et_pb_column type=&#8221;1_5&#8243; _builder_version=&#8221;4.9.4&#8243; _module_preset=&#8221;default&#8221; global_colors_info=&#8221;{}&#8221;][et_pb_blurb title=&#8221;Mobilna protetika&#8221; image=&#8221;http:\/\/juricahodak.hr\/web\/wp-content\/uploads\/2021\/06\/jurica_hodak_znak.svg&#8221; icon_placement=&#8221;left&#8221; _builder_version=&#8221;4.10.4&#8243; _dynamic_attributes=&#8221;link_option_url&#8221; _module_preset=&#8221;default&#8221; header_level=&#8221;h3&#8243; header_font=&#8221;Nunito|800||on|||||&#8221; transform_scale_last_edited=&#8221;off|desktop&#8221; transform_translate_last_edited=&#8221;off|desktop&#8221; transform_translate_linked=&#8221;off&#8221; transform_translate_linked__hover=&#8221;off&#8221; transform_rotate_last_edited=&#8221;off|desktop&#8221; transform_skew_last_edited=&#8221;off|desktop&#8221; transform_origin_last_edited=&#8221;off|desktop&#8221; animation=&#8221;off&#8221; link_option_url=&#8221;@ET-DC@eyJkeW5hbWljIjp0cnVlLCJjb250ZW50IjoicG9zdF9saW5rX3VybF9wYWdlIiwic2V0dGluZ3MiOnsicG9zdF9pZCI6IjQzIn19@&#8221; global_colors_info=&#8221;{}&#8221; header_text_color__hover=&#8221;#A6CE39&#8243; header_text_color__hover_enabled=&#8221;on|hover&#8221; body_text_color__hover_enabled=&#8221;on|hover&#8221; transform_styles__hover_enabled=&#8221;on|hover&#8221; transform_scale__hover_enabled=&#8221;on|desktop&#8221; transform_translate__hover_enabled=&#8221;on|hover&#8221; transform_rotate__hover_enabled=&#8221;on|desktop&#8221; transform_skew__hover_enabled=&#8221;on|desktop&#8221; transform_origin__hover_enabled=&#8221;on|desktop&#8221; transform_translate__hover=&#8221;0px|-2px&#8221;]<\/p>\n<p>Proteze na implantatima, u kombinaciji s fiksnim radom i totalne proteze<\/p>\n<p>[\/et_pb_blurb][\/et_pb_column][et_pb_column type=&#8221;1_5&#8243; _builder_version=&#8221;4.9.4&#8243; _module_preset=&#8221;default&#8221; global_colors_info=&#8221;{}&#8221;][et_pb_blurb title=&#8221;Fiksna protetika&#8221; image=&#8221;http:\/\/juricahodak.hr\/web\/wp-content\/uploads\/2021\/06\/jurica_hodak_znak.svg&#8221; icon_placement=&#8221;left&#8221; _builder_version=&#8221;4.10.4&#8243; _dynamic_attributes=&#8221;link_option_url&#8221; _module_preset=&#8221;default&#8221; header_level=&#8221;h3&#8243; header_font=&#8221;Nunito|800||on|||||&#8221; transform_scale_last_edited=&#8221;off|desktop&#8221; transform_translate_last_edited=&#8221;off|desktop&#8221; transform_translate_linked__hover=&#8221;off&#8221; transform_rotate_last_edited=&#8221;off|desktop&#8221; transform_skew_last_edited=&#8221;off|desktop&#8221; transform_origin_last_edited=&#8221;off|desktop&#8221; animation=&#8221;off&#8221; link_option_url=&#8221;@ET-DC@eyJkeW5hbWljIjp0cnVlLCJjb250ZW50IjoicG9zdF9saW5rX3VybF9wYWdlIiwic2V0dGluZ3MiOnsicG9zdF9pZCI6IjQ1In19@&#8221; global_colors_info=&#8221;{}&#8221; header_text_color__hover=&#8221;#A6CE39&#8243; header_text_color__hover_enabled=&#8221;on|hover&#8221; body_text_color__hover_enabled=&#8221;on|hover&#8221; transform_styles__hover_enabled=&#8221;on|hover&#8221; transform_scale__hover_enabled=&#8221;on|desktop&#8221; transform_translate__hover_enabled=&#8221;on|hover&#8221; transform_rotate__hover_enabled=&#8221;on|desktop&#8221; transform_skew__hover_enabled=&#8221;on|desktop&#8221; transform_origin__hover_enabled=&#8221;on|desktop&#8221; transform_translate__hover=&#8221;0px|-2px&#8221;]<\/p>\n<p>Najsuvremenijom CAD\/CAM\u00a0tehnologijom projektirane navlake i mostovi<\/p>\n<p>[\/et_pb_blurb][\/et_pb_column][et_pb_column type=&#8221;1_5&#8243; _builder_version=&#8221;4.9.4&#8243; _module_preset=&#8221;default&#8221; global_colors_info=&#8221;{}&#8221;][et_pb_blurb title=&#8221;Estetska stomatologija&#8221; image=&#8221;http:\/\/juricahodak.hr\/web\/wp-content\/uploads\/2021\/06\/jurica_hodak_znak.svg&#8221; icon_placement=&#8221;left&#8221; _builder_version=&#8221;4.10.4&#8243; _dynamic_attributes=&#8221;link_option_url&#8221; _module_preset=&#8221;default&#8221; header_level=&#8221;h3&#8243; header_font=&#8221;Nunito|800||on|||||&#8221; transform_scale_last_edited=&#8221;off|desktop&#8221; transform_translate_last_edited=&#8221;off|desktop&#8221; transform_translate_linked__hover=&#8221;off&#8221; transform_rotate_last_edited=&#8221;off|desktop&#8221; transform_skew_last_edited=&#8221;off|desktop&#8221; transform_origin_last_edited=&#8221;off|desktop&#8221; animation=&#8221;off&#8221; link_option_url=&#8221;@ET-DC@eyJkeW5hbWljIjp0cnVlLCJjb250ZW50IjoicG9zdF9saW5rX3VybF9wYWdlIiwic2V0dGluZ3MiOnsicG9zdF9pZCI6IjQ3In19@&#8221; global_colors_info=&#8221;{}&#8221; header_text_color__hover=&#8221;#A6CE39&#8243; header_text_color__hover_enabled=&#8221;on|hover&#8221; body_text_color__hover_enabled=&#8221;on|hover&#8221; transform_styles__hover_enabled=&#8221;on|hover&#8221; transform_scale__hover_enabled=&#8221;on|desktop&#8221; transform_translate__hover_enabled=&#8221;on|hover&#8221; transform_rotate__hover_enabled=&#8221;on|desktop&#8221; transform_skew__hover_enabled=&#8221;on|desktop&#8221; transform_origin__hover_enabled=&#8221;on|desktop&#8221; transform_translate__hover=&#8221;0px|-2px&#8221;]<\/p>\n<p>Od kerami\u010dkih krunica i mostova, izbjeljivanja zuba sve do zubnog nakita<\/p>\n<p>[\/et_pb_blurb][\/et_pb_column][\/et_pb_row][\/et_pb_section]<\/p>\n","protected":false},"excerpt":{"rendered":"<p>Nadomjestak od titana kao temelj rehabilitacije va\u0161e zubne \u010deljustiU manje od sat vremena bezbolno vra\u0107amo zubima sjaj i bjelinuLije\u010denje i popravak zuba, estetske i kerami\u010dke plombe nove generacijeSprije\u010davanje i lije\u010denje upalnih procesa u korijenskom kanaluPrevencija bolesti desni ultrazvu\u010dnim i \u201eairflow\u201c uklanjanjem naslagaCijeli spektar dentalnih kirur\u0161kih zahvata u rukama iskusnog stomatologaPrevencija i lije\u010denje zubnih bolesti kod [&hellip;]<\/p>\n","protected":false},"author":2,"featured_media":0,"parent":0,"menu_order":0,"comment_status":"closed","ping_status":"closed","template":"","meta":{"_et_pb_use_builder":"on","_et_pb_old_content":"","_et_gb_content_width":"","inline_featured_image":false,"footnotes":""},"class_list":["post-860","page","type-page","status-publish","hentry"],"yoast_head":"<!-- This site is optimized with the Yoast SEO plugin v24.1 - https:\/\/yoast.com\/wordpress\/plugins\/seo\/ -->\n<title>Storitve - Stomatolo\u0161ka ordinacija dr. Jurica Hodak, Rijeka<\/title>\n<meta name=\"robots\" content=\"index, follow, max-snippet:-1, max-image-preview:large, max-video-preview:-1\" \/>\n<link rel=\"canonical\" href=\"https:\/\/juricahodak.hr\/usluge\/\" \/>\n<meta property=\"og:locale\" content=\"sl_SI\" \/>\n<meta property=\"og:type\" content=\"article\" \/>\n<meta property=\"og:title\" content=\"Storitve - Stomatolo\u0161ka ordinacija dr. Jurica Hodak, Rijeka\" \/>\n<meta property=\"og:description\" content=\"Nadomjestak od titana kao temelj rehabilitacije va\u0161e zubne \u010deljustiU manje od sat vremena bezbolno vra\u0107amo zubima sjaj i bjelinuLije\u010denje i popravak zuba, estetske i kerami\u010dke plombe nove generacijeSprije\u010davanje i lije\u010denje upalnih procesa u korijenskom kanaluPrevencija bolesti desni ultrazvu\u010dnim i \u201eairflow\u201c uklanjanjem naslagaCijeli spektar dentalnih kirur\u0161kih zahvata u rukama iskusnog stomatologaPrevencija i lije\u010denje zubnih bolesti kod [&hellip;]\" \/>\n<meta property=\"og:url\" content=\"https:\/\/juricahodak.hr\/usluge\/\" \/>\n<meta property=\"og:site_name\" content=\"Stomatolo\u0161ka ordinacija dr. Jurica Hodak, Rijeka\" \/>\n<meta property=\"article:modified_time\" content=\"2021-08-31T09:29:41+00:00\" \/>\n<meta name=\"twitter:card\" content=\"summary_large_image\" \/>\n<meta name=\"twitter:label1\" content=\"Est. reading time\" \/>\n\t<meta name=\"twitter:data1\" content=\"10 minut\" \/>\n<script type=\"application\/ld+json\" class=\"yoast-schema-graph\">{\"@context\":\"https:\/\/schema.org\",\"@graph\":[{\"@type\":\"WebPage\",\"@id\":\"https:\/\/juricahodak.hr\/usluge\/\",\"url\":\"https:\/\/juricahodak.hr\/usluge\/\",\"name\":\"Storitve - Stomatolo\u0161ka ordinacija dr. Jurica Hodak, Rijeka\",\"isPartOf\":{\"@id\":\"https:\/\/juricahodak.hr\/#website\"},\"datePublished\":\"2021-06-08T10:39:41+00:00\",\"dateModified\":\"2021-08-31T09:29:41+00:00\",\"breadcrumb\":{\"@id\":\"https:\/\/juricahodak.hr\/usluge\/#breadcrumb\"},\"inLanguage\":\"sl-SI\",\"potentialAction\":[{\"@type\":\"ReadAction\",\"target\":[\"https:\/\/juricahodak.hr\/usluge\/\"]}]},{\"@type\":\"BreadcrumbList\",\"@id\":\"https:\/\/juricahodak.hr\/usluge\/#breadcrumb\",\"itemListElement\":[{\"@type\":\"ListItem\",\"position\":1,\"name\":\"Po\u010detna stranica\",\"item\":\"https:\/\/juricahodak.hr\/\"},{\"@type\":\"ListItem\",\"position\":2,\"name\":\"Storitve\"}]},{\"@type\":\"WebSite\",\"@id\":\"https:\/\/juricahodak.hr\/#website\",\"url\":\"https:\/\/juricahodak.hr\/\",\"name\":\"Stomatolo\u0161ka ordinacija dr. Jurica Hodak, Rijeka\",\"description\":\"Va\u0161 stomatolog - Potpuno posve\u0107eni vama\",\"potentialAction\":[{\"@type\":\"SearchAction\",\"target\":{\"@type\":\"EntryPoint\",\"urlTemplate\":\"https:\/\/juricahodak.hr\/?s={search_term_string}\"},\"query-input\":{\"@type\":\"PropertyValueSpecification\",\"valueRequired\":true,\"valueName\":\"search_term_string\"}}],\"inLanguage\":\"sl-SI\"}]}<\/script>\n<!-- \/ Yoast SEO plugin. -->","yoast_head_json":{"title":"Storitve - Stomatolo\u0161ka ordinacija dr. Jurica Hodak, Rijeka","robots":{"index":"index","follow":"follow","max-snippet":"max-snippet:-1","max-image-preview":"max-image-preview:large","max-video-preview":"max-video-preview:-1"},"canonical":"https:\/\/juricahodak.hr\/usluge\/","og_locale":"sl_SI","og_type":"article","og_title":"Storitve - Stomatolo\u0161ka ordinacija dr. Jurica Hodak, Rijeka","og_description":"Nadomjestak od titana kao temelj rehabilitacije va\u0161e zubne \u010deljustiU manje od sat vremena bezbolno vra\u0107amo zubima sjaj i bjelinuLije\u010denje i popravak zuba, estetske i kerami\u010dke plombe nove generacijeSprije\u010davanje i lije\u010denje upalnih procesa u korijenskom kanaluPrevencija bolesti desni ultrazvu\u010dnim i \u201eairflow\u201c uklanjanjem naslagaCijeli spektar dentalnih kirur\u0161kih zahvata u rukama iskusnog stomatologaPrevencija i lije\u010denje zubnih bolesti kod [&hellip;]","og_url":"https:\/\/juricahodak.hr\/usluge\/","og_site_name":"Stomatolo\u0161ka ordinacija dr. Jurica Hodak, Rijeka","article_modified_time":"2021-08-31T09:29:41+00:00","twitter_card":"summary_large_image","twitter_misc":{"Est. reading time":"10 minut"},"schema":{"@context":"https:\/\/schema.org","@graph":[{"@type":"WebPage","@id":"https:\/\/juricahodak.hr\/usluge\/","url":"https:\/\/juricahodak.hr\/usluge\/","name":"Storitve - Stomatolo\u0161ka ordinacija dr. Jurica Hodak, Rijeka","isPartOf":{"@id":"https:\/\/juricahodak.hr\/#website"},"datePublished":"2021-06-08T10:39:41+00:00","dateModified":"2021-08-31T09:29:41+00:00","breadcrumb":{"@id":"https:\/\/juricahodak.hr\/usluge\/#breadcrumb"},"inLanguage":"sl-SI","potentialAction":[{"@type":"ReadAction","target":["https:\/\/juricahodak.hr\/usluge\/"]}]},{"@type":"BreadcrumbList","@id":"https:\/\/juricahodak.hr\/usluge\/#breadcrumb","itemListElement":[{"@type":"ListItem","position":1,"name":"Po\u010detna stranica","item":"https:\/\/juricahodak.hr\/"},{"@type":"ListItem","position":2,"name":"Storitve"}]},{"@type":"WebSite","@id":"https:\/\/juricahodak.hr\/#website","url":"https:\/\/juricahodak.hr\/","name":"Stomatolo\u0161ka ordinacija dr. Jurica Hodak, Rijeka","description":"Va\u0161 stomatolog - Potpuno posve\u0107eni vama","potentialAction":[{"@type":"SearchAction","target":{"@type":"EntryPoint","urlTemplate":"https:\/\/juricahodak.hr\/?s={search_term_string}"},"query-input":{"@type":"PropertyValueSpecification","valueRequired":true,"valueName":"search_term_string"}}],"inLanguage":"sl-SI"}]}},"_links":{"self":[{"href":"https:\/\/juricahodak.hr\/sl\/wp-json\/wp\/v2\/pages\/860","targetHints":{"allow":["GET"]}}],"collection":[{"href":"https:\/\/juricahodak.hr\/sl\/wp-json\/wp\/v2\/pages"}],"about":[{"href":"https:\/\/juricahodak.hr\/sl\/wp-json\/wp\/v2\/types\/page"}],"author":[{"embeddable":true,"href":"https:\/\/juricahodak.hr\/sl\/wp-json\/wp\/v2\/users\/2"}],"replies":[{"embeddable":true,"href":"https:\/\/juricahodak.hr\/sl\/wp-json\/wp\/v2\/comments?post=860"}],"version-history":[{"count":2,"href":"https:\/\/juricahodak.hr\/sl\/wp-json\/wp\/v2\/pages\/860\/revisions"}],"predecessor-version":[{"id":862,"href":"https:\/\/juricahodak.hr\/sl\/wp-json\/wp\/v2\/pages\/860\/revisions\/862"}],"wp:attachment":[{"href":"https:\/\/juricahodak.hr\/sl\/wp-json\/wp\/v2\/media?parent=860"}],"curies":[{"name":"wp","href":"https:\/\/api.w.org\/{rel}","templated":true}]}}