{"id":849,"date":"2021-06-08T12:39:55","date_gmt":"2021-06-08T10:39:55","guid":{"rendered":"http:\/\/juricahodak.hr\/web\/cjenik\/"},"modified":"2024-10-03T09:35:18","modified_gmt":"2024-10-03T07:35:18","slug":"cenik","status":"publish","type":"page","link":"https:\/\/juricahodak.hr\/sl\/cenik\/","title":{"rendered":"Cenik"},"content":{"rendered":"<p>[et_pb_section fb_built=&#8221;1&#8243; _builder_version=&#8221;4.16&#8243; _module_preset=&#8221;default&#8221; global_colors_info=&#8221;{}&#8221;][et_pb_row column_structure=&#8221;3_5,2_5&#8243; make_equal=&#8221;on&#8221; _builder_version=&#8221;4.16&#8243; _module_preset=&#8221;cd1cd370-4a9a-47e5-86af-210816d17eb0&#8243; custom_css_main_element=&#8221;align-items: center;&#8221; global_colors_info=&#8221;{}&#8221;][et_pb_column type=&#8221;3_5&#8243; _builder_version=&#8221;4.16&#8243; _module_preset=&#8221;default&#8221; global_colors_info=&#8221;{}&#8221;][et_pb_text _builder_version=&#8221;4.27.0&#8243; _module_preset=&#8221;default&#8221; hover_enabled=&#8221;0&#8243; global_colors_info=&#8221;{}&#8221; sticky_enabled=&#8221;0&#8243;]<\/p>\n<p>Poglejte si izvle\u010dek iz cenika. Za popolni cenik nas kontaktirajte preko elektronske po\u0161te <\/p>\n<table style=\"width: 100%;\" cellspacing=\"0\" cellpadding=\"0\">\n<tbody>\n<tr>\n<td style=\"width: 80%;\"><a href=\"http:\/\/www.juricahodak.hr\/besplatan-pregled\/\">Pregled novega pacienta<\/a><\/td>\n<td style=\"width: 20%;\">Brezpla\u010dno<\/td>\n<\/tr>\n<tr>\n<td style=\"width: 80%;\">Kompozitno polnilo (plomba) (z anestezijo in RVG slikanjem)<\/td>\n<td style=\"width: 20%;\">65,00 \u20ac<\/td>\n<\/tr>\n<tr>\n<td style=\"width: 80%;\">Endo. obdelava korenskega kanala \u2013 strojna (z anestezijo in RVG slikanjem) <\/td>\n<td style=\"width: 20%;\">80,00 \u20ac<\/td>\n<\/tr>\n<tr>\n<td style=\"width: 80%;\">\u010ci\u0161\u010denje trdih in mehkih zobnih nesnag (\u010di\u0161\u010denje zobnega kamna in pleskanje)<\/td>\n<td style=\"width: 20%;\">80,00 \u20ac<\/td>\n<\/tr>\n<tr>\n<td style=\"width: 80%;\">Ekstrakcija (puljenje) zoba (z anastezijo in RVG slikanjem)<\/td>\n<td style=\"width: 20%;\">50,00 \u20ac<\/td>\n<\/tr>\n<tr>\n<td style=\"width: 80%;\"><a title=\"Implantati\" href=\"http:\/\/www.juricahodak.hr\/usluge\/implantati\/\">Implantat<\/a><\/td>\n<td style=\"width: 20%;\">500,00 \u20ac<\/td>\n<\/tr>\n<tr>\n<td style=\"width: 80%;\">Navleka metal keramika (z anastezijo in za\u010dasno navleko)<\/td>\n<td style=\"width: 20%;\">250,00 \u20ac<\/td>\n<\/tr>\n<tr>\n<td style=\"width: 80%;\">Navleka cirkon keramika (z anastezijo in za\u010dasno navleko)<\/td>\n<td style=\"width: 20%;\">350,00 \u20ac<\/td>\n<\/tr>\n<tr>\n<td style=\"width: 80%;\">Nadgradnja na implantat<\/td>\n<td style=\"width: 20%;\">350,00 \u20ac<\/td>\n<\/tr>\n<tr>\n<td style=\"width: 80%;\">Popolna proteza<\/td>\n<td style=\"width: 20%;\">750,00 \u20ac<\/td>\n<\/tr>\n<tr>\n<td style=\"width: 80%;\"><a title=\"Beljenje zob\" href=\"http:\/\/www.juricahodak.hr\/usluge\/izbjeljivanje-zuba\/\">Beljenje zob<\/a><\/td>\n<td style=\"width: 20%;\">250,00 \u20ac<\/td>\n<\/tr>\n<\/tbody>\n<\/table>\n<p>[\/et_pb_text][\/et_pb_column][et_pb_column type=&#8221;2_5&#8243; _builder_version=&#8221;4.16&#8243; _module_preset=&#8221;default&#8221; global_colors_info=&#8221;{}&#8221;][et_pb_image src=&#8221;https:\/\/juricahodak.hr\/web\/wp-content\/uploads\/2021\/08\/jurica_hodak_galerija_big-36.jpg&#8221; title_text=&#8221;jurica_hodak_galerija_big-36&#8243; _builder_version=&#8221;4.16&#8243; _module_preset=&#8221;default&#8221; global_colors_info=&#8221;{}&#8221;][\/et_pb_image][et_pb_image src=&#8221;https:\/\/juricahodak.hr\/web\/wp-content\/uploads\/2021\/08\/jurica_hodak_galerija_big-23.jpg&#8221; title_text=&#8221;jurica_hodak_galerija_big-23&#8243; _builder_version=&#8221;4.16&#8243; _module_preset=&#8221;default&#8221; global_colors_info=&#8221;{}&#8221;][\/et_pb_image][\/et_pb_column][\/et_pb_row][\/et_pb_section]<\/p>\n","protected":false},"excerpt":{"rendered":"<p>Poglejte si izvle\u010dek iz cenika. Za popolni cenik nas kontaktirajte preko elektronske po\u0161te Pregled novega pacientaBrezpla\u010dno Kompozitno polnilo (plomba) (z anestezijo in RVG slikanjem)65,00 \u20ac Endo. obdelava korenskega kanala \u2013 strojna (z anestezijo in RVG slikanjem) 80,00 \u20ac \u010ci\u0161\u010denje trdih in mehkih zobnih nesnag (\u010di\u0161\u010denje zobnega kamna in pleskanje)80,00 \u20ac Ekstrakcija (puljenje) zoba (z anastezijo [&hellip;]<\/p>\n","protected":false},"author":2,"featured_media":0,"parent":0,"menu_order":0,"comment_status":"closed","ping_status":"closed","template":"","meta":{"_et_pb_use_builder":"on","_et_pb_old_content":"","_et_gb_content_width":"","inline_featured_image":false,"footnotes":""},"class_list":["post-849","page","type-page","status-publish","hentry"],"yoast_head":"<!-- This site is optimized with the Yoast SEO plugin v24.1 - https:\/\/yoast.com\/wordpress\/plugins\/seo\/ -->\n<title>Cenik - Stomatolo\u0161ka ordinacija dr. Jurica Hodak, Rijeka<\/title>\n<meta name=\"description\" content=\"Cenik - glej odlomek. Za celoten cenik nas kontaktirajte preko elektronske po\u0161te. BREZPLA\u010cEN PRVI PREGLED za vse nove paciente.\" \/>\n<meta name=\"robots\" content=\"index, follow, max-snippet:-1, max-image-preview:large, max-video-preview:-1\" \/>\n<link rel=\"canonical\" href=\"https:\/\/juricahodak.hr\/sl\/cenik\/\" \/>\n<meta property=\"og:locale\" content=\"sl_SI\" \/>\n<meta property=\"og:type\" content=\"article\" \/>\n<meta property=\"og:title\" content=\"Cenik - Stomatolo\u0161ka ordinacija dr. Jurica Hodak, Rijeka\" \/>\n<meta property=\"og:description\" content=\"Cenik - glej odlomek. Za celoten cenik nas kontaktirajte preko elektronske po\u0161te. BREZPLA\u010cEN PRVI PREGLED za vse nove paciente.\" \/>\n<meta property=\"og:url\" content=\"https:\/\/juricahodak.hr\/sl\/cenik\/\" \/>\n<meta property=\"og:site_name\" content=\"Stomatolo\u0161ka ordinacija dr. Jurica Hodak, Rijeka\" \/>\n<meta property=\"article:modified_time\" content=\"2024-10-03T07:35:18+00:00\" \/>\n<meta name=\"twitter:card\" content=\"summary_large_image\" \/>\n<meta name=\"twitter:label1\" content=\"Est. reading time\" \/>\n\t<meta name=\"twitter:data1\" content=\"1 minuta\" \/>\n<script type=\"application\/ld+json\" class=\"yoast-schema-graph\">{\"@context\":\"https:\/\/schema.org\",\"@graph\":[{\"@type\":\"WebPage\",\"@id\":\"https:\/\/juricahodak.hr\/sl\/cenik\/\",\"url\":\"https:\/\/juricahodak.hr\/sl\/cenik\/\",\"name\":\"Cenik - Stomatolo\u0161ka ordinacija dr. Jurica Hodak, Rijeka\",\"isPartOf\":{\"@id\":\"https:\/\/juricahodak.hr\/#website\"},\"datePublished\":\"2021-06-08T10:39:55+00:00\",\"dateModified\":\"2024-10-03T07:35:18+00:00\",\"description\":\"Cenik - glej odlomek. Za celoten cenik nas kontaktirajte preko elektronske po\u0161te. BREZPLA\u010cEN PRVI PREGLED za vse nove paciente.\",\"breadcrumb\":{\"@id\":\"https:\/\/juricahodak.hr\/sl\/cenik\/#breadcrumb\"},\"inLanguage\":\"sl-SI\",\"potentialAction\":[{\"@type\":\"ReadAction\",\"target\":[\"https:\/\/juricahodak.hr\/sl\/cenik\/\"]}]},{\"@type\":\"BreadcrumbList\",\"@id\":\"https:\/\/juricahodak.hr\/sl\/cenik\/#breadcrumb\",\"itemListElement\":[{\"@type\":\"ListItem\",\"position\":1,\"name\":\"Po\u010detna stranica\",\"item\":\"https:\/\/juricahodak.hr\/\"},{\"@type\":\"ListItem\",\"position\":2,\"name\":\"Cenik\"}]},{\"@type\":\"WebSite\",\"@id\":\"https:\/\/juricahodak.hr\/#website\",\"url\":\"https:\/\/juricahodak.hr\/\",\"name\":\"Stomatolo\u0161ka ordinacija dr. Jurica Hodak, Rijeka\",\"description\":\"Va\u0161 stomatolog - Potpuno posve\u0107eni vama\",\"potentialAction\":[{\"@type\":\"SearchAction\",\"target\":{\"@type\":\"EntryPoint\",\"urlTemplate\":\"https:\/\/juricahodak.hr\/?s={search_term_string}\"},\"query-input\":{\"@type\":\"PropertyValueSpecification\",\"valueRequired\":true,\"valueName\":\"search_term_string\"}}],\"inLanguage\":\"sl-SI\"}]}<\/script>\n<!-- \/ Yoast SEO plugin. -->","yoast_head_json":{"title":"Cenik - Stomatolo\u0161ka ordinacija dr. Jurica Hodak, Rijeka","description":"Cenik - glej odlomek. Za celoten cenik nas kontaktirajte preko elektronske po\u0161te. BREZPLA\u010cEN PRVI PREGLED za vse nove paciente.","robots":{"index":"index","follow":"follow","max-snippet":"max-snippet:-1","max-image-preview":"max-image-preview:large","max-video-preview":"max-video-preview:-1"},"canonical":"https:\/\/juricahodak.hr\/sl\/cenik\/","og_locale":"sl_SI","og_type":"article","og_title":"Cenik - Stomatolo\u0161ka ordinacija dr. Jurica Hodak, Rijeka","og_description":"Cenik - glej odlomek. Za celoten cenik nas kontaktirajte preko elektronske po\u0161te. BREZPLA\u010cEN PRVI PREGLED za vse nove paciente.","og_url":"https:\/\/juricahodak.hr\/sl\/cenik\/","og_site_name":"Stomatolo\u0161ka ordinacija dr. Jurica Hodak, Rijeka","article_modified_time":"2024-10-03T07:35:18+00:00","twitter_card":"summary_large_image","twitter_misc":{"Est. reading time":"1 minuta"},"schema":{"@context":"https:\/\/schema.org","@graph":[{"@type":"WebPage","@id":"https:\/\/juricahodak.hr\/sl\/cenik\/","url":"https:\/\/juricahodak.hr\/sl\/cenik\/","name":"Cenik - Stomatolo\u0161ka ordinacija dr. Jurica Hodak, Rijeka","isPartOf":{"@id":"https:\/\/juricahodak.hr\/#website"},"datePublished":"2021-06-08T10:39:55+00:00","dateModified":"2024-10-03T07:35:18+00:00","description":"Cenik - glej odlomek. Za celoten cenik nas kontaktirajte preko elektronske po\u0161te. BREZPLA\u010cEN PRVI PREGLED za vse nove paciente.","breadcrumb":{"@id":"https:\/\/juricahodak.hr\/sl\/cenik\/#breadcrumb"},"inLanguage":"sl-SI","potentialAction":[{"@type":"ReadAction","target":["https:\/\/juricahodak.hr\/sl\/cenik\/"]}]},{"@type":"BreadcrumbList","@id":"https:\/\/juricahodak.hr\/sl\/cenik\/#breadcrumb","itemListElement":[{"@type":"ListItem","position":1,"name":"Po\u010detna stranica","item":"https:\/\/juricahodak.hr\/"},{"@type":"ListItem","position":2,"name":"Cenik"}]},{"@type":"WebSite","@id":"https:\/\/juricahodak.hr\/#website","url":"https:\/\/juricahodak.hr\/","name":"Stomatolo\u0161ka ordinacija dr. Jurica Hodak, Rijeka","description":"Va\u0161 stomatolog - Potpuno posve\u0107eni vama","potentialAction":[{"@type":"SearchAction","target":{"@type":"EntryPoint","urlTemplate":"https:\/\/juricahodak.hr\/?s={search_term_string}"},"query-input":{"@type":"PropertyValueSpecification","valueRequired":true,"valueName":"search_term_string"}}],"inLanguage":"sl-SI"}]}},"_links":{"self":[{"href":"https:\/\/juricahodak.hr\/sl\/wp-json\/wp\/v2\/pages\/849","targetHints":{"allow":["GET"]}}],"collection":[{"href":"https:\/\/juricahodak.hr\/sl\/wp-json\/wp\/v2\/pages"}],"about":[{"href":"https:\/\/juricahodak.hr\/sl\/wp-json\/wp\/v2\/types\/page"}],"author":[{"embeddable":true,"href":"https:\/\/juricahodak.hr\/sl\/wp-json\/wp\/v2\/users\/2"}],"replies":[{"embeddable":true,"href":"https:\/\/juricahodak.hr\/sl\/wp-json\/wp\/v2\/comments?post=849"}],"version-history":[{"count":10,"href":"https:\/\/juricahodak.hr\/sl\/wp-json\/wp\/v2\/pages\/849\/revisions"}],"predecessor-version":[{"id":1373,"href":"https:\/\/juricahodak.hr\/sl\/wp-json\/wp\/v2\/pages\/849\/revisions\/1373"}],"wp:attachment":[{"href":"https:\/\/juricahodak.hr\/sl\/wp-json\/wp\/v2\/media?parent=849"}],"curies":[{"name":"wp","href":"https:\/\/api.w.org\/{rel}","templated":true}]}}