{"id":846,"date":"2021-06-08T12:39:23","date_gmt":"2021-06-08T10:39:23","guid":{"rendered":"http:\/\/juricahodak.hr\/web\/o-nama\/"},"modified":"2021-08-31T10:23:37","modified_gmt":"2021-08-31T08:23:37","slug":"predstavitev","status":"publish","type":"page","link":"https:\/\/juricahodak.hr\/sl\/predstavitev\/","title":{"rendered":"Predstavitev"},"content":{"rendered":"<p>[et_pb_section fb_built=&#8221;1&#8243; _builder_version=&#8221;4.9.6&#8243; _module_preset=&#8221;default&#8221; global_colors_info=&#8221;{}&#8221;][et_pb_row column_structure=&#8221;1_2,1_2&#8243; make_equal=&#8221;on&#8221; _builder_version=&#8221;4.9.6&#8243; _module_preset=&#8221;cd1cd370-4a9a-47e5-86af-210816d17eb0&#8243; custom_css_main_element=&#8221;align-items: center;&#8221; global_colors_info=&#8221;{}&#8221;][et_pb_column type=&#8221;1_2&#8243; _builder_version=&#8221;4.9.6&#8243; _module_preset=&#8221;default&#8221; global_colors_info=&#8221;{}&#8221;][et_pb_text _builder_version=&#8221;4.10.5&#8243; _module_preset=&#8221;default&#8221; hover_enabled=&#8221;0&#8243; global_colors_info=&#8221;{}&#8221; sticky_enabled=&#8221;0&#8243;]<\/p>\n<p><span>Ste si kdaj za\u017eeleli, da je Va\u0161 obisk pri stomatologu hiter, nebole\u010d, skoraj prijeten? Da Vam neposrednost, strokovnost ter pedantnost stomatologa vliva veliko zaupanje? Vsi si \u017eelimo imeti zdrave zobe in lep nasmeh in prav to Vam s pomo\u010djo vrhunske stomatolo\u0161ke usluge omogo\u010da stomatolo\u0161ka ordinacija Jurica Hodak. <\/span><\/p>\n<p><span>Na\u0161im pacientom \u017eelimo nuditi najbolj\u0161e od stomatologije, od najkvalitetnej\u0161e usluge, vrhunskih tehni\u010dnih in tehnolo\u0161kih aparatov, do profesionalne stomatolo\u0161ke ekipe. Enostavno si \u017eelimo, da so na\u0161i pacienti zadovoljni in sre\u010dni, zato se celotno osebje stomatolo\u0161ke ordinacije Jurica Hodak posve\u010da vrhunski stomatolo\u0161ki uslugi s posebnim poudarkom na splo\u0161ni ter estetski stomatologiji. Na \u010delu stomatolo\u0161ke ordinacije je\u00a0<\/span>doktor dentalne medicine Jurica Hodak<span>.<\/span><\/p>\n<p>[\/et_pb_text][et_pb_button button_url=&#8221;#juricahodak&#8221; button_text=&#8221;Jurica Hodak&#8221; _builder_version=&#8221;4.10.5&#8243; _module_preset=&#8221;default&#8221; custom_button=&#8221;on&#8221; button_text_color=&#8221;#FFFFFF&#8221; button_bg_color=&#8221;#A6CE39&#8243; button_border_width=&#8221;0px&#8221; button_border_radius=&#8221;10px&#8221; button_use_icon=&#8221;off&#8221; global_colors_info=&#8221;{}&#8221; button_bg_color__hover_enabled=&#8221;on|hover&#8221; button_bg_color__hover=&#8221;#55B147&#8243; button_bg_enable_color__hover=&#8221;on&#8221;][\/et_pb_button][\/et_pb_column][et_pb_column type=&#8221;1_2&#8243; _builder_version=&#8221;4.9.6&#8243; _module_preset=&#8221;default&#8221; global_colors_info=&#8221;{}&#8221;][et_pb_image src=&#8221;http:\/\/juricahodak.hr\/web\/wp-content\/uploads\/2021\/08\/jurica_hodak_galerija_big-49.jpg&#8221; title_text=&#8221;jurica_hodak_galerija_big-49&#8243; _builder_version=&#8221;4.10.4&#8243; _module_preset=&#8221;default&#8221; global_colors_info=&#8221;{}&#8221;][\/et_pb_image][\/et_pb_column][\/et_pb_row][et_pb_row column_structure=&#8221;1_2,1_2&#8243; make_equal=&#8221;on&#8221; _builder_version=&#8221;4.9.6&#8243; _module_preset=&#8221;cd1cd370-4a9a-47e5-86af-210816d17eb0&#8243; custom_css_main_element=&#8221;align-items: center;&#8221; global_colors_info=&#8221;{}&#8221;][et_pb_column type=&#8221;1_2&#8243; _builder_version=&#8221;4.9.6&#8243; _module_preset=&#8221;default&#8221; global_colors_info=&#8221;{}&#8221;][et_pb_image src=&#8221;http:\/\/juricahodak.hr\/web\/wp-content\/uploads\/2021\/08\/jurica_hodak_galerija_big-29.jpg&#8221; title_text=&#8221;jurica_hodak_galerija_big-29&#8243; _builder_version=&#8221;4.10.4&#8243; _module_preset=&#8221;default&#8221; global_colors_info=&#8221;{}&#8221;][\/et_pb_image][\/et_pb_column][et_pb_column type=&#8221;1_2&#8243; _builder_version=&#8221;4.9.6&#8243; _module_preset=&#8221;default&#8221; global_colors_info=&#8221;{}&#8221;][et_pb_text _builder_version=&#8221;4.10.5&#8243; _module_preset=&#8221;default&#8221; hover_enabled=&#8221;0&#8243; global_colors_info=&#8221;{}&#8221; sticky_enabled=&#8221;0&#8243;]<\/p>\n<p>Ordinacija dentalne medicine Jurica Hodak na Reki, Osje\u010dka 74\/A1 je bila ustanovljena v septembru leta 2010. V letih delovanja smo pridobili ogromne in dragocene izku\u0161nje, ugodili na stotine pacientom in skupaj z njimi delili njihovo zadovoljstvo in sre\u010do ob dose\u017eenih rezultatih. Poleg individualnega pristopa pacientu ter nebole\u010dega postopka z moderno diagnostiko, se pri nas uporabljajo najkvalitetnej\u0161i materiali svetovno priznanih podjetij.<\/p>\n<p>Na\u0161e stomatolo\u0161ke usluge so raznolike, od implantologije, paradontologije in protetike, restorativne stomatologije, pa vse do enostavnih posegov v estetski stomatologiji. Va\u0161 obisk pri stomatologu je lahko popolnoma nebole\u010d s pomo\u010djo anestezije. Poleg navedenega, je ordinacija oskrbljena z RVG aparatom, ki omogo\u010da takoj\u0161nje digitalno slikanje zob. Najmodernej\u0161e in najzahtevnej\u0161e stomatolo\u0161ke usluge so Vam na voljo na enem mestu.<\/p>\n<p>Vse ve\u010d pozornosti posve\u010damo zdravju zob in negi ustne votline. Poudarek je na zgodnjem za\u010detku ustvarjanja higienskih navad, \u017ee v zgodnjem otro\u0161tvu. Zdravje zob v veliki meri vpliva na kvaliteto Va\u0161ega \u017eivljenja. Lep nasmeh dopolnjuje Va\u0161 zunanji izgled, zdravi zobje pa Vam omogo\u010dajo kvalitetno in pravilno prehrano.<\/p>\n<p>[\/et_pb_text][\/et_pb_column][\/et_pb_row][et_pb_row column_structure=&#8221;1_2,1_2&#8243; make_equal=&#8221;on&#8221; _builder_version=&#8221;4.9.6&#8243; _module_preset=&#8221;cd1cd370-4a9a-47e5-86af-210816d17eb0&#8243; custom_css_main_element=&#8221;align-items: center;&#8221; locked=&#8221;off&#8221; global_colors_info=&#8221;{}&#8221;][et_pb_column type=&#8221;1_2&#8243; _builder_version=&#8221;4.9.6&#8243; _module_preset=&#8221;default&#8221; global_colors_info=&#8221;{}&#8221;][et_pb_text _builder_version=&#8221;4.10.5&#8243; _module_preset=&#8221;default&#8221; hover_enabled=&#8221;0&#8243; global_colors_info=&#8221;{}&#8221; sticky_enabled=&#8221;0&#8243;]<\/p>\n<p>Poleg vseh dose\u017ekov najmodernej\u0161e stomatologije, Vam stomatolo\u0161ka ordinacija Jurica Hodak nudi bivanje v modernem ambientu s spro\u0161\u010deno atmosfero, kjer so zadovoljni pacienti z lepim nasmehom na\u0161e najve\u010dje zadovoljstvo.<\/p>\n<p>Pridite v ordinacijo dr. dentalne medicine Jurica Hodak na Reki in se prepri\u010dajte, da obisk pri zobozdravniku ni nujno bole\u010da in neprijetna izku\u0161nja. Iz stomatolo\u0161ke ordinacije Jurica Hodak boste zagotovo od\u0161li sre\u010dni in zadovoljni ter z zdravim nasmehom.<\/p>\n<p>Pri vsaki na\u0161i uslugi Vam nudimo<span>\u00a0<\/span><strong>dolgoletno garancijo<\/strong><span>\u00a0<\/span>z ugodnimi cenami.<\/p>\n<p>Pomembno je omeniti, da se<span>\u00a0<\/span><strong>stomatolo\u0161ka ordinacija Jurica Hodak<\/strong><span>\u00a0<\/span>nahaja ob glavni prometnici, je zelo lahko vidna in se z lahkoto najde. Ob vsem tem na\u0161im pacientom zagotavljamo tudi brezpla\u010dno parkiranje.<\/p>\n<p>[\/et_pb_text][\/et_pb_column][et_pb_column type=&#8221;1_2&#8243; _builder_version=&#8221;4.9.6&#8243; _module_preset=&#8221;default&#8221; global_colors_info=&#8221;{}&#8221;][et_pb_image src=&#8221;http:\/\/juricahodak.hr\/web\/wp-content\/uploads\/2021\/08\/jurica_hodak_galerija_big-47.jpg&#8221; title_text=&#8221;jurica_hodak_galerija_big-47&#8243; _builder_version=&#8221;4.10.4&#8243; _module_preset=&#8221;default&#8221; global_colors_info=&#8221;{}&#8221;][\/et_pb_image][\/et_pb_column][\/et_pb_row][\/et_pb_section][et_pb_section fb_built=&#8221;1&#8243; prev_background_color=&#8221;#ffffff&#8221; _builder_version=&#8221;4.9.6&#8243; _module_preset=&#8221;default&#8221; background_color=&#8221;rgba(100,120,131,0.1)&#8221; use_background_color_gradient=&#8221;on&#8221; background_color_gradient_start=&#8221;rgba(100,120,131,0.1)&#8221; background_color_gradient_end=&#8221;#ffffff&#8221; top_divider_style=&#8221;curve&#8221; top_divider_height=&#8221;50px&#8221; top_divider_flip=&#8221;vertical&#8221; top_divider_height_tablet=&#8221;40px&#8221; top_divider_height_phone=&#8221;20px&#8221; top_divider_height_last_edited=&#8221;on|phone&#8221; locked=&#8221;off&#8221; global_colors_info=&#8221;{}&#8221;][et_pb_row column_structure=&#8221;1_3,2_3&#8243; module_id=&#8221;juricahodak&#8221; _builder_version=&#8221;4.10.5&#8243; _module_preset=&#8221;_initial&#8221; global_colors_info=&#8221;{}&#8221;][et_pb_column type=&#8221;1_3&#8243; _builder_version=&#8221;4.9.4&#8243; _module_preset=&#8221;default&#8221; global_colors_info=&#8221;{}&#8221;][et_pb_image src=&#8221;http:\/\/juricahodak.hr\/web\/wp-content\/uploads\/2021\/08\/jurica_hodak.jpg&#8221; title_text=&#8221;jurica_hodak&#8221; _builder_version=&#8221;4.10.4&#8243; _module_preset=&#8221;default&#8221; width_tablet=&#8221;50%&#8221; width_phone=&#8221;&#8221; width_last_edited=&#8221;on|phone&#8221; border_radii=&#8221;on|1000px|1000px|1000px|1000px&#8221; global_colors_info=&#8221;{}&#8221;][\/et_pb_image][\/et_pb_column][et_pb_column type=&#8221;2_3&#8243; _builder_version=&#8221;4.9.4&#8243; _module_preset=&#8221;default&#8221; global_colors_info=&#8221;{}&#8221;][et_pb_text _builder_version=&#8221;4.9.6&#8243; _module_preset=&#8221;default&#8221; text_font=&#8221;|300||on|||||&#8221; text_text_color=&#8221;#647883&#8243; text_font_size=&#8221;20px&#8221; global_colors_info=&#8221;{}&#8221;]Jurica Hodak dr. med. dent.[\/et_pb_text][et_pb_text _builder_version=&#8221;4.10.5&#8243; _module_preset=&#8221;default&#8221; text_font=&#8221;|800||on|||||&#8221; text_text_color=&#8221;#FFFFFF&#8221; text_font_size=&#8221;30px&#8221; header_font=&#8221;|800|||||||&#8221; header_text_color=&#8221;#647883&#8243; header_font_size=&#8221;65px&#8221; header_2_font_size=&#8221;65px&#8221; header_3_font_size=&#8221;65px&#8221; header_4_font_size=&#8221;65px&#8221; header_5_font_size=&#8221;65px&#8221; header_6_font_size=&#8221;65px&#8221; hover_enabled=&#8221;0&#8243; header_font_size_tablet=&#8221;50px&#8221; header_font_size_phone=&#8221;40px&#8221; header_font_size_last_edited=&#8221;on|phone&#8221; header_2_font_size_tablet=&#8221;50px&#8221; header_2_font_size_phone=&#8221;40px&#8221; header_2_font_size_last_edited=&#8221;on|phone&#8221; header_3_font_size_tablet=&#8221;50px&#8221; header_3_font_size_phone=&#8221;40px&#8221; header_3_font_size_last_edited=&#8221;on|phone&#8221; header_4_font_size_tablet=&#8221;50px&#8221; header_4_font_size_phone=&#8221;40px&#8221; header_4_font_size_last_edited=&#8221;on|phone&#8221; header_5_font_size_tablet=&#8221;50px&#8221; header_5_font_size_phone=&#8221;40px&#8221; header_5_font_size_last_edited=&#8221;on|phone&#8221; header_6_font_size_tablet=&#8221;50px&#8221; header_6_font_size_phone=&#8221;40px&#8221; header_6_font_size_last_edited=&#8221;on|phone&#8221; global_colors_info=&#8221;{}&#8221; sticky_enabled=&#8221;0&#8243;]<\/p>\n<h1>Vrhunski zobozdravnik<\/h1>\n<p>[\/et_pb_text][et_pb_text _builder_version=&#8221;4.10.5&#8243; _module_preset=&#8221;default&#8221; hover_enabled=&#8221;0&#8243; global_colors_info=&#8221;{}&#8221; sticky_enabled=&#8221;0&#8243;]<\/p>\n<p><span>Na \u010delu stomatolo\u0161ke ordinacije se nahaja dr. dentalne medicine Jurica Hodak, rojen 1980 na Reki. Med srednje\u0161olskim izobra\u017eevanjem za zobnega tehnika je sodeloval na \u0161tevilnih tekmovanjih v stroki. <\/span><\/p>\n<p><span>Po kon\u010dani Medicinski \u0161oli na Reki je ob konstantnem strokovnem izobra\u017eevanju dve leti delal kot zobni tehnik. Vpisal se je na Stomatolo\u0161ko fakulteto na Reki in diplomiral z visokimi ocenami.<\/span><\/p>\n<p>Izku\u0161nje je pridobil na oralni kirurgiji v<span>\u00a0<\/span><strong>Klini\u010dnem bolni\u0161kem centru Reka<\/strong><span>\u00a0<\/span>ter na Stomatolo\u0161ki polikliniki<span>\u00a0<\/span><strong>Kalmar Implant Dentistry<\/strong>. Po dolgoletnem delovanju, se je leta 2010 odlo\u010dil za odprtje lastne<span>\u00a0<\/span><strong>stomatolo\u0161ke ordinacije<\/strong>. \u0160e naprej stremi k dodatnemu strokovnemu uveljavljanju ter izobra\u017eevanju po Hrva\u0161ki in Evropi. Sodeloval je na \u0161tevilnih te\u010dajih in znanstvenih zborih iz strojne endodoncije, konzervativne stomatologije, estetske stomatologije, fiksne in mobilne protetike ter cirkon keramike. Poleg navedenega je sodeloval tudi na te\u010daju Camlog in Ankylos.<\/p>\n<p>Je \u010dlan hrva\u0161ke komore dentalne medicine.<\/p>\n<p>[\/et_pb_text][\/et_pb_column][\/et_pb_row][et_pb_row column_structure=&#8221;1_2,1_2&#8243; _builder_version=&#8221;4.9.6&#8243; _module_preset=&#8221;default&#8221; global_colors_info=&#8221;{}&#8221;][et_pb_column type=&#8221;1_2&#8243; _builder_version=&#8221;4.9.6&#8243; _module_preset=&#8221;default&#8221; global_colors_info=&#8221;{}&#8221;][et_pb_image src=&#8221;http:\/\/juricahodak.hr\/web\/wp-content\/uploads\/2021\/08\/jurica_hodak_galerija_big-52.jpg&#8221; title_text=&#8221;jurica_hodak_galerija_big-52&#8243; _builder_version=&#8221;4.10.4&#8243; _module_preset=&#8221;default&#8221; locked=&#8221;off&#8221; global_colors_info=&#8221;{}&#8221;][\/et_pb_image][\/et_pb_column][et_pb_column type=&#8221;1_2&#8243; _builder_version=&#8221;4.9.6&#8243; _module_preset=&#8221;default&#8221; global_colors_info=&#8221;{}&#8221;][et_pb_image src=&#8221;http:\/\/juricahodak.hr\/web\/wp-content\/uploads\/2021\/08\/jurica_hodak_galerija_big-39.jpg&#8221; title_text=&#8221;jurica_hodak_galerija_big-39&#8243; _builder_version=&#8221;4.10.4&#8243; _module_preset=&#8221;default&#8221; locked=&#8221;off&#8221; global_colors_info=&#8221;{}&#8221;][\/et_pb_image][\/et_pb_column][\/et_pb_row][\/et_pb_section]<\/p>\n","protected":false},"excerpt":{"rendered":"<p>Ste si kdaj za\u017eeleli, da je Va\u0161 obisk pri stomatologu hiter, nebole\u010d, skoraj prijeten? Da Vam neposrednost, strokovnost ter pedantnost stomatologa vliva veliko zaupanje? Vsi si \u017eelimo imeti zdrave zobe in lep nasmeh in prav to Vam s pomo\u010djo vrhunske stomatolo\u0161ke usluge omogo\u010da stomatolo\u0161ka ordinacija Jurica Hodak. Na\u0161im pacientom \u017eelimo nuditi najbolj\u0161e od stomatologije, od [&hellip;]<\/p>\n","protected":false},"author":2,"featured_media":0,"parent":0,"menu_order":0,"comment_status":"closed","ping_status":"closed","template":"","meta":{"_et_pb_use_builder":"on","_et_pb_old_content":"","_et_gb_content_width":"","inline_featured_image":false,"footnotes":""},"class_list":["post-846","page","type-page","status-publish","hentry"],"yoast_head":"<!-- This site is optimized with the Yoast SEO plugin v24.1 - https:\/\/yoast.com\/wordpress\/plugins\/seo\/ -->\n<title>Predstavitev - Stomatolo\u0161ka ordinacija dr. Jurica Hodak, Rijeka<\/title>\n<meta name=\"robots\" content=\"index, follow, max-snippet:-1, max-image-preview:large, max-video-preview:-1\" \/>\n<link rel=\"canonical\" href=\"https:\/\/juricahodak.hr\/o-nama\/\" \/>\n<meta property=\"og:locale\" content=\"sl_SI\" \/>\n<meta property=\"og:type\" content=\"article\" \/>\n<meta property=\"og:title\" content=\"Predstavitev - Stomatolo\u0161ka ordinacija dr. Jurica Hodak, Rijeka\" \/>\n<meta property=\"og:description\" content=\"Ste si kdaj za\u017eeleli, da je Va\u0161 obisk pri stomatologu hiter, nebole\u010d, skoraj prijeten? Da Vam neposrednost, strokovnost ter pedantnost stomatologa vliva veliko zaupanje? Vsi si \u017eelimo imeti zdrave zobe in lep nasmeh in prav to Vam s pomo\u010djo vrhunske stomatolo\u0161ke usluge omogo\u010da stomatolo\u0161ka ordinacija Jurica Hodak. Na\u0161im pacientom \u017eelimo nuditi najbolj\u0161e od stomatologije, od [&hellip;]\" \/>\n<meta property=\"og:url\" content=\"https:\/\/juricahodak.hr\/o-nama\/\" \/>\n<meta property=\"og:site_name\" content=\"Stomatolo\u0161ka ordinacija dr. Jurica Hodak, Rijeka\" \/>\n<meta property=\"article:modified_time\" content=\"2021-08-31T08:23:37+00:00\" \/>\n<meta name=\"twitter:card\" content=\"summary_large_image\" \/>\n<meta name=\"twitter:label1\" content=\"Est. reading time\" \/>\n\t<meta name=\"twitter:data1\" content=\"7 minut\" \/>\n<script type=\"application\/ld+json\" class=\"yoast-schema-graph\">{\"@context\":\"https:\/\/schema.org\",\"@graph\":[{\"@type\":\"WebPage\",\"@id\":\"https:\/\/juricahodak.hr\/o-nama\/\",\"url\":\"https:\/\/juricahodak.hr\/o-nama\/\",\"name\":\"Predstavitev - Stomatolo\u0161ka ordinacija dr. Jurica Hodak, Rijeka\",\"isPartOf\":{\"@id\":\"https:\/\/juricahodak.hr\/#website\"},\"datePublished\":\"2021-06-08T10:39:23+00:00\",\"dateModified\":\"2021-08-31T08:23:37+00:00\",\"breadcrumb\":{\"@id\":\"https:\/\/juricahodak.hr\/o-nama\/#breadcrumb\"},\"inLanguage\":\"sl-SI\",\"potentialAction\":[{\"@type\":\"ReadAction\",\"target\":[\"https:\/\/juricahodak.hr\/o-nama\/\"]}]},{\"@type\":\"BreadcrumbList\",\"@id\":\"https:\/\/juricahodak.hr\/o-nama\/#breadcrumb\",\"itemListElement\":[{\"@type\":\"ListItem\",\"position\":1,\"name\":\"Po\u010detna stranica\",\"item\":\"https:\/\/juricahodak.hr\/\"},{\"@type\":\"ListItem\",\"position\":2,\"name\":\"Predstavitev\"}]},{\"@type\":\"WebSite\",\"@id\":\"https:\/\/juricahodak.hr\/#website\",\"url\":\"https:\/\/juricahodak.hr\/\",\"name\":\"Stomatolo\u0161ka ordinacija dr. Jurica Hodak, Rijeka\",\"description\":\"Va\u0161 stomatolog - Potpuno posve\u0107eni vama\",\"potentialAction\":[{\"@type\":\"SearchAction\",\"target\":{\"@type\":\"EntryPoint\",\"urlTemplate\":\"https:\/\/juricahodak.hr\/?s={search_term_string}\"},\"query-input\":{\"@type\":\"PropertyValueSpecification\",\"valueRequired\":true,\"valueName\":\"search_term_string\"}}],\"inLanguage\":\"sl-SI\"}]}<\/script>\n<!-- \/ Yoast SEO plugin. -->","yoast_head_json":{"title":"Predstavitev - Stomatolo\u0161ka ordinacija dr. Jurica Hodak, Rijeka","robots":{"index":"index","follow":"follow","max-snippet":"max-snippet:-1","max-image-preview":"max-image-preview:large","max-video-preview":"max-video-preview:-1"},"canonical":"https:\/\/juricahodak.hr\/o-nama\/","og_locale":"sl_SI","og_type":"article","og_title":"Predstavitev - Stomatolo\u0161ka ordinacija dr. Jurica Hodak, Rijeka","og_description":"Ste si kdaj za\u017eeleli, da je Va\u0161 obisk pri stomatologu hiter, nebole\u010d, skoraj prijeten? Da Vam neposrednost, strokovnost ter pedantnost stomatologa vliva veliko zaupanje? Vsi si \u017eelimo imeti zdrave zobe in lep nasmeh in prav to Vam s pomo\u010djo vrhunske stomatolo\u0161ke usluge omogo\u010da stomatolo\u0161ka ordinacija Jurica Hodak. Na\u0161im pacientom \u017eelimo nuditi najbolj\u0161e od stomatologije, od [&hellip;]","og_url":"https:\/\/juricahodak.hr\/o-nama\/","og_site_name":"Stomatolo\u0161ka ordinacija dr. Jurica Hodak, Rijeka","article_modified_time":"2021-08-31T08:23:37+00:00","twitter_card":"summary_large_image","twitter_misc":{"Est. reading time":"7 minut"},"schema":{"@context":"https:\/\/schema.org","@graph":[{"@type":"WebPage","@id":"https:\/\/juricahodak.hr\/o-nama\/","url":"https:\/\/juricahodak.hr\/o-nama\/","name":"Predstavitev - Stomatolo\u0161ka ordinacija dr. Jurica Hodak, Rijeka","isPartOf":{"@id":"https:\/\/juricahodak.hr\/#website"},"datePublished":"2021-06-08T10:39:23+00:00","dateModified":"2021-08-31T08:23:37+00:00","breadcrumb":{"@id":"https:\/\/juricahodak.hr\/o-nama\/#breadcrumb"},"inLanguage":"sl-SI","potentialAction":[{"@type":"ReadAction","target":["https:\/\/juricahodak.hr\/o-nama\/"]}]},{"@type":"BreadcrumbList","@id":"https:\/\/juricahodak.hr\/o-nama\/#breadcrumb","itemListElement":[{"@type":"ListItem","position":1,"name":"Po\u010detna stranica","item":"https:\/\/juricahodak.hr\/"},{"@type":"ListItem","position":2,"name":"Predstavitev"}]},{"@type":"WebSite","@id":"https:\/\/juricahodak.hr\/#website","url":"https:\/\/juricahodak.hr\/","name":"Stomatolo\u0161ka ordinacija dr. Jurica Hodak, Rijeka","description":"Va\u0161 stomatolog - Potpuno posve\u0107eni vama","potentialAction":[{"@type":"SearchAction","target":{"@type":"EntryPoint","urlTemplate":"https:\/\/juricahodak.hr\/?s={search_term_string}"},"query-input":{"@type":"PropertyValueSpecification","valueRequired":true,"valueName":"search_term_string"}}],"inLanguage":"sl-SI"}]}},"_links":{"self":[{"href":"https:\/\/juricahodak.hr\/sl\/wp-json\/wp\/v2\/pages\/846","targetHints":{"allow":["GET"]}}],"collection":[{"href":"https:\/\/juricahodak.hr\/sl\/wp-json\/wp\/v2\/pages"}],"about":[{"href":"https:\/\/juricahodak.hr\/sl\/wp-json\/wp\/v2\/types\/page"}],"author":[{"embeddable":true,"href":"https:\/\/juricahodak.hr\/sl\/wp-json\/wp\/v2\/users\/2"}],"replies":[{"embeddable":true,"href":"https:\/\/juricahodak.hr\/sl\/wp-json\/wp\/v2\/comments?post=846"}],"version-history":[{"count":2,"href":"https:\/\/juricahodak.hr\/sl\/wp-json\/wp\/v2\/pages\/846\/revisions"}],"predecessor-version":[{"id":848,"href":"https:\/\/juricahodak.hr\/sl\/wp-json\/wp\/v2\/pages\/846\/revisions\/848"}],"wp:attachment":[{"href":"https:\/\/juricahodak.hr\/sl\/wp-json\/wp\/v2\/media?parent=846"}],"curies":[{"name":"wp","href":"https:\/\/api.w.org\/{rel}","templated":true}]}}