{"id":1164,"date":"2021-06-04T16:07:08","date_gmt":"2021-06-04T14:07:08","guid":{"rendered":"https:\/\/juricahodak.hr\/pravila-privatnosti\/"},"modified":"2022-06-08T12:09:28","modified_gmt":"2022-06-08T10:09:28","slug":"pravilnik-o-zasebnosti","status":"publish","type":"page","link":"https:\/\/juricahodak.hr\/sl\/pravilnik-o-zasebnosti\/","title":{"rendered":"Pravilnik o zasebnosti"},"content":{"rendered":"<p>[et_pb_section fb_built=&#8221;1&#8243; _builder_version=&#8221;4.16&#8243; global_colors_info=&#8221;{}&#8221;][et_pb_row _builder_version=&#8221;4.16&#8243; _module_preset=&#8221;cd1cd370-4a9a-47e5-86af-210816d17eb0&#8243; global_colors_info=&#8221;{}&#8221;][et_pb_column type=&#8221;4_4&#8243; _builder_version=&#8221;4.16&#8243; custom_padding=&#8221;|||&#8221; global_colors_info=&#8221;{}&#8221; custom_padding__hover=&#8221;|||&#8221;][et_pb_text _builder_version=&#8221;4.17.4&#8243; background_size=&#8221;initial&#8221; background_position=&#8221;top_left&#8221; background_repeat=&#8221;repeat&#8221; hover_enabled=&#8221;0&#8243; global_colors_info=&#8221;{}&#8221; sticky_enabled=&#8221;0&#8243;]<\/p>\n<p>Osebni podatki, ki jih obiskovalci vnesejo ob registraciji, torej pri izdelavi in \u200b\u200bpo\u0161iljanju povpra\u0161evanja preko kontaktnega obrazca na tem spletnem mestu, s po\u0161iljanjem povpra\u0161evanja po elektronski po\u0161ti na <a href=\"mailto:jurica.hodak@gmail.com\">jurica.hodak@gmail.com<\/a> ali oddajo v <strong>Zobozdravstveni ordinaciji Jurica Hodak, dr.med. dent<\/strong> po po\u0161ti na naslov <strong>Zobozdravstvena ordinacija Jurica Hodak, dr.med. dent<\/strong> Osje\u010dka 74 \/ A1, 51000 Rijeka, se uporabljajo izklju\u010dno za bodo\u010do komunikacijo med <strong>Zobozdravstveno ordinacijo Jurica Hodak, dr.med. dent<\/strong> in oseba, ki je poslala povpra\u0161evanje, povezano s predmetom prijave oziroma povpra\u0161evanja.<\/p>\n<p>Po\u0161iljanje osebnih podatkov je prostovoljno in predstavlja soglasje po\u0161iljatelja, da se lahko uporabljajo za namene komunikacije med <strong>Zobozdravstveno ordinacijo Jurica Hodak, dr.med. dent<\/strong> in po\u0161iljatelja v zvezi z re\u0161itvijo predmeta poizvedbe ali vloge.<\/p>\n<p>Podatki so shranjeni v bazi podatkov <strong>Stomatolo\u0161ke ordinacije Jurica Hodak, dr.med. dent<\/strong>\u00a0in so v celoti skladni s Splo\u0161no uredbo o varstvu podatkov [GDPR (EU) 2016\/679].<\/p>\n<p><strong>Zobozdravstvena ordinacija Jurica Hodak, dr.med dent<\/strong> ne bo razkril osebnih podatkov tretji osebi, razen \u010de to predstavlja zakonsko obveznost.<br \/><strong>Zobozdravstvena ordinacija Jurica Hodak, dr.med dent<\/strong> je sprejel fizi\u010dne tehni\u010dne in organizacijske ukrepe za zagotovitev prepre\u010devanja kr\u0161itev osebnih podatkov, kot so izguba ali po\u0161kodba ter nepoobla\u0161\u010den dostop, spreminjanje ali obdelava osebnih podatkov. Uvedeni so varnostni ukrepi za prepre\u010ditev dostopa do obdelave osebnih podatkov nepoobla\u0161\u010denim osebam ter za ohranitev varnosti shranjenih ali posredovanih osebnih podatkov, tako da jih ni mogo\u010de brati, kopirati, spreminjati, izgubiti in odstraniti ali uni\u010diti brez dovoljenja. <strong>Zobozdravstvena ordinacija Jurica Hodak, dr.med dent<\/strong> hrani osebne podatke le toliko \u010dasa, kolikor je potrebno.<\/p>\n<p>Po\u0161iljatelj podatkov je upravi\u010den do <strong>Zobozdravstvene ordinacije Jurica Hodak, dr.med. dent<\/strong>\u00a0zahteva dostop in popravek ali izbris osebnih podatkov in ima pravico omejiti obdelavo v zvezi z njimi, ugovarjati tak\u0161ni obdelavi in \u200b\u200bpravico do prenosljivosti podatkov, vse v skladu s Splo\u0161no uredbo o varstvu podatkov [GDPR (EU) 2016 \/679].<\/p>\n<p>Povpra\u0161evanje v zvezi z uveljavljanjem teh pravic po\u0161iljamo na: <a href=\"mailto:jurica.hodak@gmail.com\">jurica.hodak@gmail.com<\/a><br \/><strong>Zobozdravstvena ordinacija Jurica Hodak, dr.med dent<\/strong> si pridr\u017euje pravico do uporabe pi\u0161kotkov na svoji spletni strani.<\/p>\n<p>Pi\u0161kotek je informacija, ki jo spletno mesto shrani na ra\u010dunalnik obiskovalca. Pi\u0161kotki na spletnem mestu shranjujejo nastavitve, povezane s prilagajanjem spletne strani posameznemu obiskovalcu, na primer \u017eeleni jezik ali naslov. Ko se naslednji\u010d odpre ista spletna stran, spletni brskalnik po\u0161lje pi\u0161kotke iz pi\u0161kotkov, ki pripadajo tej strani. Spletna mesta, ki uporabljajo pi\u0161kotke, ne morejo dostopati do informacij, ki jih ne omogo\u010dijo, in ne morejo dostopati do drugih datotek na ra\u010dunalniku obiskovalca.<\/p>\n<p>Obiskovalec lahko samostojno prepove shranjevanje pi\u0161kotkov na lastnem ra\u010dunalniku ali jih izbri\u0161e. Nastavitve pi\u0161kotkov je mogo\u010de nadzorovati in konfigurirati v nastavitvah internetnega brskalnika.<\/p>\n<p>\u010ce menijo, da so bile kr\u0161ene njihove pravice v zvezi z varstvom osebnih podatkov, osebe, ki so podatke prostovoljno posredovale <strong>Zobozdravstveni ordinaciji Jurica Hodak, dr.med. dent<\/strong>, lahko vlo\u017ei prito\u017ebo na Agencijo za varstvo osebnih podatkov.<\/p>\n<p>[\/et_pb_text][\/et_pb_column][\/et_pb_row][\/et_pb_section]<\/p>\n","protected":false},"excerpt":{"rendered":"<p>Osebni podatki, ki jih obiskovalci vnesejo ob registraciji, torej pri izdelavi in \u200b\u200bpo\u0161iljanju povpra\u0161evanja preko kontaktnega obrazca na tem spletnem mestu, s po\u0161iljanjem povpra\u0161evanja po elektronski po\u0161ti na jurica.hodak@gmail.com ali oddajo v Zobozdravstveni ordinaciji Jurica Hodak, dr.med. dent po po\u0161ti na naslov Zobozdravstvena ordinacija Jurica Hodak, dr.med. dent Osje\u010dka 74 \/ A1, 51000 Rijeka, se [&hellip;]<\/p>\n","protected":false},"author":2,"featured_media":0,"parent":0,"menu_order":0,"comment_status":"closed","ping_status":"closed","template":"","meta":{"_et_pb_use_builder":"on","_et_pb_old_content":"<!-- wp:heading -->\r\n<h2>Tko smo mi<\/h2>\r\n<!-- \/wp:heading --><!-- wp:paragraph -->\r\n<p>Adresa na\u0161e web-stranice je: http:\/\/juricahodak.hr\/web.<\/p>\r\n<!-- \/wp:paragraph --><!-- wp:heading -->\r\n<h2>Koje osobne podatke prikupljamo i za\u0161to<\/h2>\r\n<!-- \/wp:heading --><!-- wp:heading {\"level\":3} -->\r\n<h3>Komentari<\/h3>\r\n<!-- \/wp:heading --><!-- wp:paragraph -->\r\n<p>Kada posjetitelji napi\u0161u komentar na web-stranici mi prikupljamo podatke prikazane u formi komentara, i tako\u0111er IP adresu posjetitelja kao i string korisni\u010dkog agenta preglednika kako lak\u0161e detektirali spam.<\/p>\r\n<!-- \/wp:paragraph --><!-- wp:paragraph -->\r\n<p>Mogu\u0107e je da je anonimiziran string kreiran iz va\u0161e adrese e-po\u0161te (koji se tako\u0111er zove hash) dostavljen Gravatar servisu kako bismo provjerili koristite li ga. Pravila privatnosti Gravatar servisa dostupna su ovdje: https:\/\/automattic.com\/privacy\/. Nakon odobrenja va\u0161eg komentara, va\u0161a profilna slika je javno vidljiva u kontekstu va\u0161eg komentara.<\/p>\r\n<!-- \/wp:paragraph --><!-- wp:heading {\"level\":3} -->\r\n<h3>Medij<\/h3>\r\n<!-- \/wp:heading --><!-- wp:paragraph -->\r\n<p>Ako prenesete sliku na web-stranicu, trebali biste izbjegavati prijenos slika koje imaju ugra\u0111ene podatke o lokaciji (EXIF GPS). Posjetitelji web-stranice mogu ih preuzeti i izdvojiti bilo koje podatke o lokaciji iz slika s web-stranice.<\/p>\r\n<!-- \/wp:paragraph --><!-- wp:heading {\"level\":3} -->\r\n<h3>Kontakt forme<\/h3>\r\n<!-- \/wp:heading --><!-- wp:heading {\"level\":3} -->\r\n<h3>Kola\u010di\u0107i<\/h3>\r\n<!-- \/wp:heading --><!-- wp:paragraph -->\r\n<p>Ako napi\u0161ete komentar na na\u0161oj web-stranici, mo\u017eete odabrati spremanje imena, adrese e-po\u0161te i web-stranice u kola\u010di\u0107e. To vam olak\u0161ava ponovno komentiranje, da ne morate ponovno unositi te informacije. Ovi kola\u010di\u0107i traju godinu dana.<\/p>\r\n<!-- \/wp:paragraph --><!-- wp:paragraph -->\r\n<p>Ako posjetite na\u0161u stranicu za prijavu, postavit \u0107emo privremeni kola\u010di\u0107 kako bismo utvrdili prihva\u0107a li va\u0161 preglednik kola\u010di\u0107e. Ovaj kola\u010di\u0107 ne sadr\u017ei osobne podatke i bri\u0161e se kada ugasite preglednik.<\/p>\r\n<!-- \/wp:paragraph --><!-- wp:paragraph -->\r\n<p>Kada se prijavite, tako\u0111er \u0107emo postaviti nekoliko kola\u010di\u0107a kako bismo sa\u010duvali va\u0161e podatke o prijavi i va\u0161e postavke zaslona. Kola\u010di\u0107i prijave traju dva dana, a kola\u010di\u0107i postavki zaslona traju godinu dana. Ako odaberete \"Zapamti me\", va\u0161a prijava \u0107e trajati dva tjedna. Ako se odjavite s ra\u010duna, kola\u010di\u0107i prijave biti \u0107e uklonjeni.<\/p>\r\n<!-- \/wp:paragraph --><!-- wp:paragraph -->\r\n<p>Ako uredite ili objavite \u010dlanak, dodatni kola\u010di\u0107 biti \u0107e spremljen u va\u0161em pregledniku. Ovaj kola\u010di\u0107 ne sadr\u017ei osobne podatke i samo ukazuje na ID objave \u010dlanka koji ste upravo uredili. Kola\u010di\u0107 istekne nakon 1 dana.<\/p>\r\n<!-- \/wp:paragraph --><!-- wp:heading {\"level\":3} -->\r\n<h3>Ugra\u0111eni sadr\u017eaj s drugih web-stranica<\/h3>\r\n<!-- \/wp:heading --><!-- wp:paragraph -->\r\n<p>\u010clanci na ovoj web-stranici mogu sadr\u017eavati ugra\u0111eni sadr\u017eaj (npr. video, slike, \u010dlanke, itd.). Ugra\u0111eni sadr\u017eaj sa drugih web-stranica pona\u0161a se istovjetno kao da je posjetitelj posjetio tu drugu web-stranicu.<\/p>\r\n<!-- \/wp:paragraph --><!-- wp:paragraph -->\r\n<p>Ove web-stranice mo\u017eda prikupljaju podatke o vama, koriste kola\u010di\u0107e, imaju ugra\u0111eno dodatno pra\u0107enje od tre\u0107ih strana, i nadgledaju va\u0161u interakciju s tim ugra\u0111enim sadr\u017eajem, uklju\u010duju\u0107i pra\u0107enje va\u0161e interakcije s ugra\u0111enim sadr\u017eajem ako imate ra\u010dun i prijavljeni ste na web-stranici.<\/p>\r\n<!-- \/wp:paragraph --><!-- wp:heading {\"level\":3} -->\r\n<h3>Analitike<\/h3>\r\n<!-- \/wp:heading --><!-- wp:heading -->\r\n<h2>S kime dijelimo va\u0161e podatke<\/h2>\r\n<!-- \/wp:heading --><!-- wp:paragraph -->\r\n<p>Ako zatra\u017eite ponovno postavljanje lozinke, va\u0161a IP adresa bit \u0107e uklju\u010dena u poruku e-po\u0161te za ponovno postavljanje.<\/p>\r\n<!-- \/wp:paragraph --><!-- wp:heading -->\r\n<h2>Koliko dugo \u010duvamo va\u0161e podatke<\/h2>\r\n<!-- \/wp:heading --><!-- wp:paragraph -->\r\n<p>Ako napi\u0161ete komentar, komentar i njegovi meta podaci su sa\u010duvani zauvijek. To je zato da mo\u017eemo automatski prepoznati i odobriti budu\u0107e komentare, umjesto da ih dr\u017eimo na \u010dekanju za odobrenje.<\/p>\r\n<!-- \/wp:paragraph --><!-- wp:paragraph -->\r\n<p>Za korisnike koji se registriraju na na\u0161oj web-stranici (ako ih ima), mi tako\u0111er pohranjujemo osobne podatke koje navedu u njihovim korisni\u010dkim profilima, Svi korisnici mogu vidjeti, urediti, ili obrisati svoje osobne podatke u bilo koje vrijeme ( osim \u0161to ne mogu promijeniti svoje korisni\u010dko ime). Administratori web-stranice tako\u0111er mogu vidjeti i urediti te informacije.<\/p>\r\n<!-- \/wp:paragraph --><!-- wp:heading -->\r\n<h2>Koja prava imate nad svojim podacima<\/h2>\r\n<!-- \/wp:heading --><!-- wp:paragraph -->\r\n<p>Ako imate ra\u010dun na ovoj web-stranici, ili ste pisali komentare, mo\u017eete zatra\u017eiti primanje izvozne datoteke osobnih podataka koje imamo o vama, uklju\u010duju\u0107i sve podatke koje ste nam dostavili. Tako\u0111er mo\u017eete zatra\u017eiti brisanje svih osobnih podataka koje imamo o vama. Ovo ne uklju\u010duje bilo koje podatke koje smo obavezni dr\u017eati za administrativne, pravne ili sigurnosne namjene.<\/p>\r\n<!-- \/wp:paragraph --><!-- wp:heading -->\r\n<h2>Gdje \u0161aljemo va\u0161e podatke<\/h2>\r\n<!-- \/wp:heading --><!-- wp:paragraph -->\r\n<p>Komentari posjetitelja mogu se provjeriti putem automatske usluge za otkrivanje ne\u017eeljene po\u0161te.<\/p>\r\n<!-- \/wp:paragraph --><!-- wp:heading -->\r\n<h2>Va\u0161e kontakt informacije<\/h2>\r\n<!-- \/wp:heading --><!-- wp:heading -->\r\n<h2>Dodatne informacije<\/h2>\r\n<!-- \/wp:heading --><!-- wp:heading {\"level\":3} -->\r\n<h3>Kako \u0161titimo va\u0161e podatke<\/h3>\r\n<!-- \/wp:heading --><!-- wp:heading {\"level\":3} -->\r\n<h3>Kakve procedure imamo pripremljene u slu\u010daju povrede podataka<\/h3>\r\n<!-- \/wp:heading --><!-- wp:heading {\"level\":3} -->\r\n<h3>Od kojih tre\u0107ih strana primamo podatke<\/h3>\r\n<!-- \/wp:heading --><!-- wp:heading {\"level\":3} -->\r\n<h3>Koje automatsko dono\u0161enje odluka i\/ili profiliranje radimo s korisni\u010dkim podacima<\/h3>\r\n<!-- \/wp:heading --><!-- wp:heading {\"level\":3} -->\r\n<h3>Uvjeti objavljivanja industrijskih regulativa<\/h3>\r\n<!-- \/wp:heading -->","_et_gb_content_width":"","inline_featured_image":false,"footnotes":""},"class_list":["post-1164","page","type-page","status-publish","hentry"],"yoast_head":"<!-- This site is optimized with the Yoast SEO plugin v24.1 - https:\/\/yoast.com\/wordpress\/plugins\/seo\/ -->\n<title>Pravilnik o zasebnosti - Stomatolo\u0161ka ordinacija dr. Jurica Hodak, Rijeka<\/title>\n<meta name=\"description\" content=\"Pravilnik o zasebnosti garantiraju da se osobni podaci koje posjetitelji upisuju na web stranici koriste isklju\u010divo za komunikaciju s Ordinacijom\" \/>\n<meta name=\"robots\" content=\"index, follow, max-snippet:-1, max-image-preview:large, max-video-preview:-1\" \/>\n<link rel=\"canonical\" href=\"https:\/\/juricahodak.hr\/pravila-privatnosti\/\" \/>\n<meta property=\"og:locale\" content=\"sl_SI\" \/>\n<meta property=\"og:type\" content=\"article\" \/>\n<meta property=\"og:title\" content=\"Pravilnik o zasebnosti - Stomatolo\u0161ka ordinacija dr. Jurica Hodak, Rijeka\" \/>\n<meta property=\"og:description\" content=\"Pravilnik o zasebnosti garantiraju da se osobni podaci koje posjetitelji upisuju na web stranici koriste isklju\u010divo za komunikaciju s Ordinacijom\" \/>\n<meta property=\"og:url\" content=\"https:\/\/juricahodak.hr\/pravila-privatnosti\/\" \/>\n<meta property=\"og:site_name\" content=\"Stomatolo\u0161ka ordinacija dr. Jurica Hodak, Rijeka\" \/>\n<meta property=\"article:modified_time\" content=\"2022-06-08T10:09:28+00:00\" \/>\n<meta name=\"twitter:card\" content=\"summary_large_image\" \/>\n<meta name=\"twitter:label1\" content=\"Est. reading time\" \/>\n\t<meta name=\"twitter:data1\" content=\"3 minute\" \/>\n<script type=\"application\/ld+json\" class=\"yoast-schema-graph\">{\"@context\":\"https:\/\/schema.org\",\"@graph\":[{\"@type\":\"WebPage\",\"@id\":\"https:\/\/juricahodak.hr\/pravila-privatnosti\/\",\"url\":\"https:\/\/juricahodak.hr\/pravila-privatnosti\/\",\"name\":\"Pravilnik o zasebnosti - Stomatolo\u0161ka ordinacija dr. Jurica Hodak, Rijeka\",\"isPartOf\":{\"@id\":\"https:\/\/juricahodak.hr\/#website\"},\"datePublished\":\"2021-06-04T14:07:08+00:00\",\"dateModified\":\"2022-06-08T10:09:28+00:00\",\"description\":\"Pravilnik o zasebnosti garantiraju da se osobni podaci koje posjetitelji upisuju na web stranici koriste isklju\u010divo za komunikaciju s Ordinacijom\",\"breadcrumb\":{\"@id\":\"https:\/\/juricahodak.hr\/pravila-privatnosti\/#breadcrumb\"},\"inLanguage\":\"sl-SI\",\"potentialAction\":[{\"@type\":\"ReadAction\",\"target\":[\"https:\/\/juricahodak.hr\/pravila-privatnosti\/\"]}]},{\"@type\":\"BreadcrumbList\",\"@id\":\"https:\/\/juricahodak.hr\/pravila-privatnosti\/#breadcrumb\",\"itemListElement\":[{\"@type\":\"ListItem\",\"position\":1,\"name\":\"Po\u010detna stranica\",\"item\":\"https:\/\/juricahodak.hr\/\"},{\"@type\":\"ListItem\",\"position\":2,\"name\":\"Pravilnik o zasebnosti\"}]},{\"@type\":\"WebSite\",\"@id\":\"https:\/\/juricahodak.hr\/#website\",\"url\":\"https:\/\/juricahodak.hr\/\",\"name\":\"Stomatolo\u0161ka ordinacija dr. Jurica Hodak, Rijeka\",\"description\":\"Va\u0161 stomatolog - Potpuno posve\u0107eni vama\",\"potentialAction\":[{\"@type\":\"SearchAction\",\"target\":{\"@type\":\"EntryPoint\",\"urlTemplate\":\"https:\/\/juricahodak.hr\/?s={search_term_string}\"},\"query-input\":{\"@type\":\"PropertyValueSpecification\",\"valueRequired\":true,\"valueName\":\"search_term_string\"}}],\"inLanguage\":\"sl-SI\"}]}<\/script>\n<!-- \/ Yoast SEO plugin. -->","yoast_head_json":{"title":"Pravilnik o zasebnosti - Stomatolo\u0161ka ordinacija dr. Jurica Hodak, Rijeka","description":"Pravilnik o zasebnosti garantiraju da se osobni podaci koje posjetitelji upisuju na web stranici koriste isklju\u010divo za komunikaciju s Ordinacijom","robots":{"index":"index","follow":"follow","max-snippet":"max-snippet:-1","max-image-preview":"max-image-preview:large","max-video-preview":"max-video-preview:-1"},"canonical":"https:\/\/juricahodak.hr\/pravila-privatnosti\/","og_locale":"sl_SI","og_type":"article","og_title":"Pravilnik o zasebnosti - Stomatolo\u0161ka ordinacija dr. Jurica Hodak, Rijeka","og_description":"Pravilnik o zasebnosti garantiraju da se osobni podaci koje posjetitelji upisuju na web stranici koriste isklju\u010divo za komunikaciju s Ordinacijom","og_url":"https:\/\/juricahodak.hr\/pravila-privatnosti\/","og_site_name":"Stomatolo\u0161ka ordinacija dr. Jurica Hodak, Rijeka","article_modified_time":"2022-06-08T10:09:28+00:00","twitter_card":"summary_large_image","twitter_misc":{"Est. reading time":"3 minute"},"schema":{"@context":"https:\/\/schema.org","@graph":[{"@type":"WebPage","@id":"https:\/\/juricahodak.hr\/pravila-privatnosti\/","url":"https:\/\/juricahodak.hr\/pravila-privatnosti\/","name":"Pravilnik o zasebnosti - Stomatolo\u0161ka ordinacija dr. Jurica Hodak, Rijeka","isPartOf":{"@id":"https:\/\/juricahodak.hr\/#website"},"datePublished":"2021-06-04T14:07:08+00:00","dateModified":"2022-06-08T10:09:28+00:00","description":"Pravilnik o zasebnosti garantiraju da se osobni podaci koje posjetitelji upisuju na web stranici koriste isklju\u010divo za komunikaciju s Ordinacijom","breadcrumb":{"@id":"https:\/\/juricahodak.hr\/pravila-privatnosti\/#breadcrumb"},"inLanguage":"sl-SI","potentialAction":[{"@type":"ReadAction","target":["https:\/\/juricahodak.hr\/pravila-privatnosti\/"]}]},{"@type":"BreadcrumbList","@id":"https:\/\/juricahodak.hr\/pravila-privatnosti\/#breadcrumb","itemListElement":[{"@type":"ListItem","position":1,"name":"Po\u010detna stranica","item":"https:\/\/juricahodak.hr\/"},{"@type":"ListItem","position":2,"name":"Pravilnik o zasebnosti"}]},{"@type":"WebSite","@id":"https:\/\/juricahodak.hr\/#website","url":"https:\/\/juricahodak.hr\/","name":"Stomatolo\u0161ka ordinacija dr. Jurica Hodak, Rijeka","description":"Va\u0161 stomatolog - Potpuno posve\u0107eni vama","potentialAction":[{"@type":"SearchAction","target":{"@type":"EntryPoint","urlTemplate":"https:\/\/juricahodak.hr\/?s={search_term_string}"},"query-input":{"@type":"PropertyValueSpecification","valueRequired":true,"valueName":"search_term_string"}}],"inLanguage":"sl-SI"}]}},"_links":{"self":[{"href":"https:\/\/juricahodak.hr\/sl\/wp-json\/wp\/v2\/pages\/1164","targetHints":{"allow":["GET"]}}],"collection":[{"href":"https:\/\/juricahodak.hr\/sl\/wp-json\/wp\/v2\/pages"}],"about":[{"href":"https:\/\/juricahodak.hr\/sl\/wp-json\/wp\/v2\/types\/page"}],"author":[{"embeddable":true,"href":"https:\/\/juricahodak.hr\/sl\/wp-json\/wp\/v2\/users\/2"}],"replies":[{"embeddable":true,"href":"https:\/\/juricahodak.hr\/sl\/wp-json\/wp\/v2\/comments?post=1164"}],"version-history":[{"count":8,"href":"https:\/\/juricahodak.hr\/sl\/wp-json\/wp\/v2\/pages\/1164\/revisions"}],"predecessor-version":[{"id":1181,"href":"https:\/\/juricahodak.hr\/sl\/wp-json\/wp\/v2\/pages\/1164\/revisions\/1181"}],"wp:attachment":[{"href":"https:\/\/juricahodak.hr\/sl\/wp-json\/wp\/v2\/media?parent=1164"}],"curies":[{"name":"wp","href":"https:\/\/api.w.org\/{rel}","templated":true}]}}