{"id":1084,"date":"2021-10-08T11:09:21","date_gmt":"2021-10-08T09:09:21","guid":{"rendered":"https:\/\/juricahodak.hr\/all-on-4-all-on-6\/"},"modified":"2024-10-02T12:02:26","modified_gmt":"2024-10-02T10:02:26","slug":"all-on-4-all-on-6","status":"publish","type":"page","link":"https:\/\/juricahodak.hr\/sl\/all-on-4-all-on-6\/","title":{"rendered":"All On 4  All On 6"},"content":{"rendered":"<p>[et_pb_section fb_built=&#8221;1&#8243; _builder_version=&#8221;4.16&#8243; _module_preset=&#8221;default&#8221; global_colors_info=&#8221;{}&#8221;][et_pb_row column_structure=&#8221;1_2,1_2&#8243; _builder_version=&#8221;4.16&#8243; _module_preset=&#8221;cd1cd370-4a9a-47e5-86af-210816d17eb0&#8243; global_colors_info=&#8221;{}&#8221;][et_pb_column type=&#8221;1_2&#8243; _builder_version=&#8221;4.16&#8243; _module_preset=&#8221;default&#8221; global_colors_info=&#8221;{}&#8221;][et_pb_text _builder_version=&#8221;4.16&#8243; _module_preset=&#8221;default&#8221; global_colors_info=&#8221;{}&#8221;]<\/p>\n<p>\u010ce trpite za parodontalno boleznijo, atrofijo kosti ali ste izgubili zobe iz kak\u0161nega drugega razloga, ste zagotovo \u017ee sli\u0161ali za zobne vsadke (relativno novo, revolucionarno zobozdravstveno tehnologijo), ko ste iskali re\u0161itev za svojo bolezen. Verjetno ste ostali razo\u010darani nad dejstvom, da sami vsadki niso \u010darobna re\u0161itev za va\u0161 specifi\u010dni zobozdravstveni problem. Posegi pogosto vklju\u010dujejo vgradnjo velikega \u0161tevila vsadkov, kar postopek podra\u017ei, tak\u0161na operacija pa je lahko bole\u010da, z ve\u010dmese\u010dnim obdobjem okrevanja. Res je, da lo\u010deni zobni vsadki za restavracijo polnega loka vklju\u010dujejo precej dolgotrajne in zapletene postopke (v nekaterih primerih celo kostno presaditev\/bru\u0161enje!).   <\/p>\n<p>Verjetno se vam tudi tradicionalne zobne proteze zdijo nezadovoljiva re\u0161itev. Iskreno; proteze nadome\u0161\u010dajo zobje le v nujnih primerih in so lahko masivne, nestabilne ali neustrezne za normalno \u017eve\u010denje. Le redki si \u017eelijo za vedno nositi protezo.  <\/p>\n<p>\u0160e sre\u010da, da \u017eivimo v \u010dasu vznemirljivih medicinskih in tehnolo\u0161kih inovacij, tako da va\u0161a \u201ckon\u010dna re\u0161itev\u201d ni nujno, da je \u201csto\u201d parcialnih vsadkov ali zobna proteza. Metoda, ki jo potrebujete, se imenuje: <strong>All on 4 (Vse na 4)<\/strong>. <\/p>\n<p>[\/et_pb_text][\/et_pb_column][et_pb_column type=&#8221;1_2&#8243; _builder_version=&#8221;4.16&#8243; _module_preset=&#8221;default&#8221; global_colors_info=&#8221;{}&#8221;][et_pb_image src=&#8221;https:\/\/juricahodak.hr\/web\/wp-content\/uploads\/2021\/08\/jurica_hodak_galerija_big-25-1024&#215;682.jpg&#8221; title_text=&#8221;jurica_hodak_galerija_big-25&#8243; _builder_version=&#8221;4.16&#8243; _module_preset=&#8221;default&#8221; global_colors_info=&#8221;{}&#8221;][\/et_pb_image][\/et_pb_column][\/et_pb_row][et_pb_row column_structure=&#8221;1_2,1_2&#8243; _builder_version=&#8221;4.16&#8243; _module_preset=&#8221;cd1cd370-4a9a-47e5-86af-210816d17eb0&#8243; global_colors_info=&#8221;{}&#8221;][et_pb_column type=&#8221;1_2&#8243; _builder_version=&#8221;4.16&#8243; _module_preset=&#8221;default&#8221; global_colors_info=&#8221;{}&#8221;][et_pb_image src=&#8221;https:\/\/juricahodak.hr\/web\/wp-content\/uploads\/2021\/08\/jurica_hodak_galerija_big-21-1024&#215;682.jpg&#8221; title_text=&#8221;jurica_hodak_galerija_big-21&#8243; _builder_version=&#8221;4.16&#8243; _module_preset=&#8221;default&#8221; global_colors_info=&#8221;{}&#8221;][\/et_pb_image][\/et_pb_column][et_pb_column type=&#8221;1_2&#8243; _builder_version=&#8221;4.16&#8243; _module_preset=&#8221;default&#8221; global_colors_info=&#8221;{}&#8221;][et_pb_text _builder_version=&#8221;4.16&#8243; _module_preset=&#8221;default&#8221; global_colors_info=&#8221;{}&#8221;]<\/p>\n<h1>All On 4<\/h1>\n<p><strong>All on 4<\/strong>, ravno tako kot pove njegovo angle\u0161ko ime, vklju\u010duje vgradnjo 4 vsadkov v va\u0161e \u010deljustne kosti (zgornjo in\/ali spodnjo \u010deljust). Celoten zobnoproteti\u010dni most je nato zasidran na vsadke. Impresivno je, da lahko le 4 vsadki nosijo polni lok, vendar njihova namestitev in kakovost samega vsadka omogo\u010data tak\u0161no re\u0161itev.  <\/p>\n<p>Va\u0161i novi, trajni proteti\u010dni zobje bodo videti in funkcionirali kot pravi, kar pomeni, da jih boste higiensko vzdr\u017eevali tako kot naravne zobe. Ne boste ve\u010d razmi\u0161ljali; ali lahko to pre\u017eve\u010dim, na va\u0161em kro\u017eniku bo ponovno trdna hrana, v ogledalu pa mladosten nasmeh. Vrnitev normalne funkcionalnosti zobne votline, brez operacije bru\u0161enja ali podalj\u0161evanja kosti, kar je bilo pogosto neizogibno za ljudi brez naravnih zob.  <\/p>\n<p>Preden razlo\u017eimo, kako celotna stvar deluje, se spomnimo, kaj so zobni vsadki. Zobni vsadek je majhen kos (ve\u010dinoma) titana v obliki vijaka, zavit v \u010deljustno kost, pod dlesni, in slu\u017ei kot nadomestek za manjkajo\u010do zobno korenino. Ker so izdelani iz materialov, kot je titan, imajo vsadki edinstveno sposobnost, da se ve\u017eejo na kost. Po vstavitvi vsadkov v \u010deljustno kost med kirur\u0161kim postopkom se nanje lahko pritrdijo fiksni mosti\u010dki (protetika).   <\/p>\n<p>Zaradi <strong>Vse na 4<\/strong> metode smo uspeli skraj\u0161ati \u010das in zahtevnost postopka obnove funkcionalnosti va\u0161ih zob in \u010deljusti. Na primer: most se namesti takoj po vgradnji vsadka. Posebna specifi\u010dnost je, da postopek <strong>All on 4 <\/strong>odpravlja potrebo po dvigu sinusnega dna (v primeru spu\u0161\u010denih sinusov), saj so stranski zobni vsadki zdaj name\u0161\u010deni pod kotom, manj\u0161im od 45 stopinj, da se izognemo predelu spu\u0161\u010denih sinusov. <strong>Vse na 4<\/strong> bo skraj\u0161alo \u010das in stro\u0161ke operacije, postopek pa je manj bole\u010d kot starej\u0161e metode.  <\/p>\n<p>Celotna operacija je tehni\u010dno izvedljiva v enem dnevu, z le nekaj rezi.<\/p>\n<p>[\/et_pb_text][\/et_pb_column][\/et_pb_row][et_pb_row column_structure=&#8221;1_2,1_2&#8243; _builder_version=&#8221;4.16&#8243; _module_preset=&#8221;cd1cd370-4a9a-47e5-86af-210816d17eb0&#8243; global_colors_info=&#8221;{}&#8221;][et_pb_column type=&#8221;1_2&#8243; _builder_version=&#8221;4.16&#8243; _module_preset=&#8221;default&#8221; global_colors_info=&#8221;{}&#8221;][et_pb_text _builder_version=&#8221;4.16&#8243; _module_preset=&#8221;default&#8221; global_colors_info=&#8221;{}&#8221;]<\/p>\n<h1>All On 6<\/h1>\n<p><strong>All on 6<\/strong> je kirur\u0161ki proteti\u010dni postopek za izdelavo zobnega mosti\u010dka na samo \u0161estih vsadkih. To je razli\u010dica, podobna tehniki <strong>All on 4<\/strong>, vendar se namesto vgradnje \u0161tirih vsadkov \u0161est vsadkov namesti na obmo\u010dja z ustrezno debelino kosti. Zasnovan je za uporabo le \u0161estih vsadkov, ki so pripravljeni za so\u010dasno vgradnjo in izdelavo zobnega mosti\u010dka.  <\/p>\n<p>Razlika glede na postopek <strong>All on 4<\/strong> je v tem, da lahko v predel sinusa namestimo dva dodatna zobna vsadka, \u010de je dovolj kosti. \u010ce ne, se priporo\u010da postopek <strong>All on 4<\/strong>. Alternativna re\u0161itev sta dva relativno dolgotrajna in zapletena postopka dviga sinusov. <\/p>\n<p>[\/et_pb_text][\/et_pb_column][et_pb_column type=&#8221;1_2&#8243; _builder_version=&#8221;4.16&#8243; _module_preset=&#8221;default&#8221; global_colors_info=&#8221;{}&#8221;][et_pb_image src=&#8221;https:\/\/juricahodak.hr\/web\/wp-content\/uploads\/2021\/08\/jurica_hodak_galerija_big-53-1024&#215;682.jpg&#8221; title_text=&#8221;jurica_hodak_galerija_big-53&#8243; _builder_version=&#8221;4.16&#8243; _module_preset=&#8221;default&#8221; global_colors_info=&#8221;{}&#8221;][\/et_pb_image][\/et_pb_column][\/et_pb_row][\/et_pb_section]<\/p>\n","protected":false},"excerpt":{"rendered":"<p>U na\u0161oj ordinaciji primjenjujemo All on 4 reparativnu metodu. Skra\u0107eno vrijeme postupka i ugradnja samo 4 implantata koji su sposobni nositi cijelu reparativnu konstrukciju velika su prednost ovog postupka.  Sve na 4 podrazumijeva umetanje 4 implantata u \u010deljusnu kost a tijekom istog kirur\u0161kog postupka, na njih se mogu pri\u010dvrstiti fiksni mostovi (protetika). Cijela operacija je tehni\u010dki izvediva u jednom danu, uz samo nekoliko rezova.<\/p>\n","protected":false},"author":2,"featured_media":0,"parent":0,"menu_order":0,"comment_status":"closed","ping_status":"closed","template":"","meta":{"_et_pb_use_builder":"on","_et_pb_old_content":"","_et_gb_content_width":"","inline_featured_image":false,"footnotes":""},"class_list":["post-1084","page","type-page","status-publish","hentry"],"yoast_head":"<!-- This site is optimized with the Yoast SEO plugin v24.1 - https:\/\/yoast.com\/wordpress\/plugins\/seo\/ -->\n<title>All On 4 All On 6 - Stomatolo\u0161ka ordinacija dr. Jurica Hodak, Rijeka<\/title>\n<meta name=\"description\" content=\"All on 4 All on 6 skra\u0107uje vrijeme postupka ugradnjom samo 4 implantata nosi cijelu reparativnu konstrukciju i mo\u017ee se postaviti u 1 dan.\" \/>\n<meta name=\"robots\" content=\"index, follow, max-snippet:-1, max-image-preview:large, max-video-preview:-1\" \/>\n<link rel=\"canonical\" href=\"https:\/\/juricahodak.hr\/sl\/all-on-4-all-on-6\/\" \/>\n<meta property=\"og:locale\" content=\"sl_SI\" \/>\n<meta property=\"og:type\" content=\"article\" \/>\n<meta property=\"og:title\" content=\"All On 4 All On 6 - Stomatolo\u0161ka ordinacija dr. Jurica Hodak, Rijeka\" \/>\n<meta property=\"og:description\" content=\"All on 4 All on 6 skra\u0107uje vrijeme postupka ugradnjom samo 4 implantata nosi cijelu reparativnu konstrukciju i mo\u017ee se postaviti u 1 dan.\" \/>\n<meta property=\"og:url\" content=\"https:\/\/juricahodak.hr\/sl\/all-on-4-all-on-6\/\" \/>\n<meta property=\"og:site_name\" content=\"Stomatolo\u0161ka ordinacija dr. Jurica Hodak, Rijeka\" \/>\n<meta property=\"article:modified_time\" content=\"2024-10-02T10:02:26+00:00\" \/>\n<meta name=\"twitter:card\" content=\"summary_large_image\" \/>\n<meta name=\"twitter:label1\" content=\"Est. reading time\" \/>\n\t<meta name=\"twitter:data1\" content=\"4 minute\" \/>\n<script type=\"application\/ld+json\" class=\"yoast-schema-graph\">{\"@context\":\"https:\/\/schema.org\",\"@graph\":[{\"@type\":\"WebPage\",\"@id\":\"https:\/\/juricahodak.hr\/sl\/all-on-4-all-on-6\/\",\"url\":\"https:\/\/juricahodak.hr\/sl\/all-on-4-all-on-6\/\",\"name\":\"All On 4 All On 6 - Stomatolo\u0161ka ordinacija dr. Jurica Hodak, Rijeka\",\"isPartOf\":{\"@id\":\"https:\/\/juricahodak.hr\/#website\"},\"datePublished\":\"2021-10-08T09:09:21+00:00\",\"dateModified\":\"2024-10-02T10:02:26+00:00\",\"description\":\"All on 4 All on 6 skra\u0107uje vrijeme postupka ugradnjom samo 4 implantata nosi cijelu reparativnu konstrukciju i mo\u017ee se postaviti u 1 dan.\",\"breadcrumb\":{\"@id\":\"https:\/\/juricahodak.hr\/sl\/all-on-4-all-on-6\/#breadcrumb\"},\"inLanguage\":\"sl-SI\",\"potentialAction\":[{\"@type\":\"ReadAction\",\"target\":[\"https:\/\/juricahodak.hr\/sl\/all-on-4-all-on-6\/\"]}]},{\"@type\":\"BreadcrumbList\",\"@id\":\"https:\/\/juricahodak.hr\/sl\/all-on-4-all-on-6\/#breadcrumb\",\"itemListElement\":[{\"@type\":\"ListItem\",\"position\":1,\"name\":\"Po\u010detna stranica\",\"item\":\"https:\/\/juricahodak.hr\/\"},{\"@type\":\"ListItem\",\"position\":2,\"name\":\"All On 4 All On 6\"}]},{\"@type\":\"WebSite\",\"@id\":\"https:\/\/juricahodak.hr\/#website\",\"url\":\"https:\/\/juricahodak.hr\/\",\"name\":\"Stomatolo\u0161ka ordinacija dr. Jurica Hodak, Rijeka\",\"description\":\"Va\u0161 stomatolog - Potpuno posve\u0107eni vama\",\"potentialAction\":[{\"@type\":\"SearchAction\",\"target\":{\"@type\":\"EntryPoint\",\"urlTemplate\":\"https:\/\/juricahodak.hr\/?s={search_term_string}\"},\"query-input\":{\"@type\":\"PropertyValueSpecification\",\"valueRequired\":true,\"valueName\":\"search_term_string\"}}],\"inLanguage\":\"sl-SI\"}]}<\/script>\n<!-- \/ Yoast SEO plugin. -->","yoast_head_json":{"title":"All On 4 All On 6 - Stomatolo\u0161ka ordinacija dr. Jurica Hodak, Rijeka","description":"All on 4 All on 6 skra\u0107uje vrijeme postupka ugradnjom samo 4 implantata nosi cijelu reparativnu konstrukciju i mo\u017ee se postaviti u 1 dan.","robots":{"index":"index","follow":"follow","max-snippet":"max-snippet:-1","max-image-preview":"max-image-preview:large","max-video-preview":"max-video-preview:-1"},"canonical":"https:\/\/juricahodak.hr\/sl\/all-on-4-all-on-6\/","og_locale":"sl_SI","og_type":"article","og_title":"All On 4 All On 6 - Stomatolo\u0161ka ordinacija dr. Jurica Hodak, Rijeka","og_description":"All on 4 All on 6 skra\u0107uje vrijeme postupka ugradnjom samo 4 implantata nosi cijelu reparativnu konstrukciju i mo\u017ee se postaviti u 1 dan.","og_url":"https:\/\/juricahodak.hr\/sl\/all-on-4-all-on-6\/","og_site_name":"Stomatolo\u0161ka ordinacija dr. Jurica Hodak, Rijeka","article_modified_time":"2024-10-02T10:02:26+00:00","twitter_card":"summary_large_image","twitter_misc":{"Est. reading time":"4 minute"},"schema":{"@context":"https:\/\/schema.org","@graph":[{"@type":"WebPage","@id":"https:\/\/juricahodak.hr\/sl\/all-on-4-all-on-6\/","url":"https:\/\/juricahodak.hr\/sl\/all-on-4-all-on-6\/","name":"All On 4 All On 6 - Stomatolo\u0161ka ordinacija dr. Jurica Hodak, Rijeka","isPartOf":{"@id":"https:\/\/juricahodak.hr\/#website"},"datePublished":"2021-10-08T09:09:21+00:00","dateModified":"2024-10-02T10:02:26+00:00","description":"All on 4 All on 6 skra\u0107uje vrijeme postupka ugradnjom samo 4 implantata nosi cijelu reparativnu konstrukciju i mo\u017ee se postaviti u 1 dan.","breadcrumb":{"@id":"https:\/\/juricahodak.hr\/sl\/all-on-4-all-on-6\/#breadcrumb"},"inLanguage":"sl-SI","potentialAction":[{"@type":"ReadAction","target":["https:\/\/juricahodak.hr\/sl\/all-on-4-all-on-6\/"]}]},{"@type":"BreadcrumbList","@id":"https:\/\/juricahodak.hr\/sl\/all-on-4-all-on-6\/#breadcrumb","itemListElement":[{"@type":"ListItem","position":1,"name":"Po\u010detna stranica","item":"https:\/\/juricahodak.hr\/"},{"@type":"ListItem","position":2,"name":"All On 4 All On 6"}]},{"@type":"WebSite","@id":"https:\/\/juricahodak.hr\/#website","url":"https:\/\/juricahodak.hr\/","name":"Stomatolo\u0161ka ordinacija dr. Jurica Hodak, Rijeka","description":"Va\u0161 stomatolog - Potpuno posve\u0107eni vama","potentialAction":[{"@type":"SearchAction","target":{"@type":"EntryPoint","urlTemplate":"https:\/\/juricahodak.hr\/?s={search_term_string}"},"query-input":{"@type":"PropertyValueSpecification","valueRequired":true,"valueName":"search_term_string"}}],"inLanguage":"sl-SI"}]}},"_links":{"self":[{"href":"https:\/\/juricahodak.hr\/sl\/wp-json\/wp\/v2\/pages\/1084","targetHints":{"allow":["GET"]}}],"collection":[{"href":"https:\/\/juricahodak.hr\/sl\/wp-json\/wp\/v2\/pages"}],"about":[{"href":"https:\/\/juricahodak.hr\/sl\/wp-json\/wp\/v2\/types\/page"}],"author":[{"embeddable":true,"href":"https:\/\/juricahodak.hr\/sl\/wp-json\/wp\/v2\/users\/2"}],"replies":[{"embeddable":true,"href":"https:\/\/juricahodak.hr\/sl\/wp-json\/wp\/v2\/comments?post=1084"}],"version-history":[{"count":5,"href":"https:\/\/juricahodak.hr\/sl\/wp-json\/wp\/v2\/pages\/1084\/revisions"}],"predecessor-version":[{"id":1351,"href":"https:\/\/juricahodak.hr\/sl\/wp-json\/wp\/v2\/pages\/1084\/revisions\/1351"}],"wp:attachment":[{"href":"https:\/\/juricahodak.hr\/sl\/wp-json\/wp\/v2\/media?parent=1084"}],"curies":[{"name":"wp","href":"https:\/\/api.w.org\/{rel}","templated":true}]}}