{"id":1328,"date":"2024-10-02T11:23:15","date_gmt":"2024-10-02T09:23:15","guid":{"rendered":"https:\/\/juricahodak.hr\/servizi\/stomatologia-conservativa\/"},"modified":"2024-10-02T11:23:54","modified_gmt":"2024-10-02T09:23:54","slug":"stomatologia-conservativa","status":"publish","type":"page","link":"https:\/\/juricahodak.hr\/it\/servizi\/stomatologia-conservativa\/","title":{"rendered":"Stomatologia conservativa"},"content":{"rendered":"<p>[et_pb_section fb_built=&#8221;1&#8243; _builder_version=&#8221;4.9.7&#8243; _module_preset=&#8221;default&#8221; global_colors_info=&#8221;{}&#8221;][et_pb_row column_structure=&#8221;1_2,1_2&#8243; make_equal=&#8221;on&#8221; _builder_version=&#8221;4.9.7&#8243; _module_preset=&#8221;cd1cd370-4a9a-47e5-86af-210816d17eb0&#8243; custom_css_main_element=&#8221;align-items: center;&#8221; global_colors_info=&#8221;{}&#8221;][et_pb_column type=&#8221;1_2&#8243; _builder_version=&#8221;4.9.7&#8243; _module_preset=&#8221;default&#8221; global_colors_info=&#8221;{}&#8221;][et_pb_text _builder_version=&#8221;4.11.1&#8243; _module_preset=&#8221;default&#8221; global_colors_info=&#8221;{}&#8221;]E\u2019 la branca <strong>fondamentale della stomatologia<\/strong> e si <strong>riferisce alla cura e riparazione dei denti<\/strong> come pure alla <strong>manutenzione della salute dentale<\/strong>. Denti sani e belli sono il risultato delle cure e delle riparazioni , otturazioni, pulizia del tartaro e <a title=\"Endodonzia \u2013 cura dei canali radicolari\" href=\"https:\/\/juricahodak.hr\/it\/servizi\/endodonzia-cura-dei-canali-radicolari\/\">cura dei canali dentari<\/a>.<br \/>Le otturazioni possono essere estetiche o meno. Quelle <strong>estetiche<\/strong> possono essere classiche o in <strong>ceramica<\/strong>. Il materiale di ultima invenzione e\u2019 un composto <strong>nanoibrido<\/strong>.<br \/><strong>Le otturazioni in ceramica<\/strong> (INLAY, ONLAY, OVERLAY) <strong>vengono scelte <\/strong>quando la carie ha consumato la polpa dentale, ma anche per sostituire vecchie otturazioni poco estetiche.<br \/>INLAY e\u2019 un surrogato molto simile all\u2019 amalgama e va a sostituire parte della corona dentale. Quando si usa per sostituire solamente la superficie superiore allora si chiama ONLAY, mentre quando sostituisce sia la superficie superiore che quelle laterali allora si chiama OVERLAY.<br \/>Per quanto riguarda le otturazioni in ceramica queste sono un po\u2019 piu\u2019 complesse da eseguire, richiedono piu\u2019 tempo ma in compenso sono di gran lunga piu\u2019 durature . Il dente viene ripulito dalla carie, limato e ne viene presa l\u2019 impronta. Il tecnico per mezzo della tecnica CAM\/CAD costruisce in laboratorio la parte sostitutiva in ceramica, da applicare al dente. Il vantaggio delle otturazioni in ceramica e\u2019 che mai cambiano colore o forma che sia.<br \/><strong>L\u2019 ablazione del tartaro<\/strong> implica la rimozione degli <strong>strati piu\u2019 o meno duri <\/strong>(placca batterica e tartaro) depositati sulla <strong>superficie dei denti<\/strong>. La durata dell\u2019 intervento dipende dalla quantita\u2019 di sostanza da togliere. Finita la pulizia i denti vengono lucidati con un apposito apparecchio, al fine di rallentare la ricomparsa del tartaro.             <\/p>\n<ul>\n<li><strong>KAVITRON<\/strong> \u2013 apparecchio che produce ultrasuoni le cui vibrazioni staccano i depositi di tartaro<\/li>\n<\/ul>\n<ul>\n<li><strong>AIR FLOW<\/strong> \u2013 apparecchio che usa il getto pressurizzato d\u2019 acqua con bicarbonato, riuscendo a rimuovere i depositi meno duri e le macchie di nicotina, caffe\u2019, te\u2019.<\/li>\n<\/ul>\n<p>[\/et_pb_text][\/et_pb_column][et_pb_column type=&#8221;1_2&#8243; _builder_version=&#8221;4.9.7&#8243; _module_preset=&#8221;default&#8221; global_colors_info=&#8221;{}&#8221;][et_pb_image src=&#8221;https:\/\/juricahodak.hr\/web\/wp-content\/uploads\/2021\/08\/jurica_hodak_galerija_big-22.jpg&#8221; title_text=&#8221;jurica_hodak_galerija_big-22&#8243; _builder_version=&#8221;4.10.4&#8243; _module_preset=&#8221;default&#8221; global_colors_info=&#8221;{}&#8221;][\/et_pb_image][\/et_pb_column][\/et_pb_row][\/et_pb_section]<\/p>\n","protected":false},"excerpt":{"rendered":"<p>E\u2019 la branca fondamentale della stomatologia e si riferisce alla cura e riparazione dei denti come pure alla manutenzione della salute dentale. Denti sani e belli sono il risultato delle cure e delle riparazioni , otturazioni, pulizia del tartaro e cura dei canali dentari.Le otturazioni possono essere estetiche o meno. Quelle estetiche possono essere classiche [&hellip;]<\/p>\n","protected":false},"author":2,"featured_media":0,"parent":1243,"menu_order":0,"comment_status":"closed","ping_status":"closed","template":"","meta":{"_et_pb_use_builder":"on","_et_pb_old_content":"","_et_gb_content_width":"","inline_featured_image":false,"footnotes":""},"class_list":["post-1328","page","type-page","status-publish","hentry"],"yoast_head":"<!-- This site is optimized with the Yoast SEO plugin v24.1 - https:\/\/yoast.com\/wordpress\/plugins\/seo\/ -->\n<title>Stomatologia conservativa - Stomatolo\u0161ka ordinacija dr. Jurica Hodak, Rijeka<\/title>\n<meta name=\"description\" content=\"L\u2019odontoiatria conservativa \u00e8 la branca base dell\u2019odontoiatria e si riferisce al trattamento e alla riparazione dei denti e al mantenimento di denti sani.\" \/>\n<meta name=\"robots\" content=\"index, follow, max-snippet:-1, max-image-preview:large, max-video-preview:-1\" \/>\n<link rel=\"canonical\" href=\"https:\/\/juricahodak.hr\/it\/servizi\/stomatologia-conservativa\/\" \/>\n<meta property=\"og:locale\" content=\"it_IT\" \/>\n<meta property=\"og:type\" content=\"article\" \/>\n<meta property=\"og:title\" content=\"Stomatologia conservativa - Stomatolo\u0161ka ordinacija dr. Jurica Hodak, Rijeka\" \/>\n<meta property=\"og:description\" content=\"L\u2019odontoiatria conservativa \u00e8 la branca base dell\u2019odontoiatria e si riferisce al trattamento e alla riparazione dei denti e al mantenimento di denti sani.\" \/>\n<meta property=\"og:url\" content=\"https:\/\/juricahodak.hr\/it\/servizi\/stomatologia-conservativa\/\" \/>\n<meta property=\"og:site_name\" content=\"Stomatolo\u0161ka ordinacija dr. Jurica Hodak, Rijeka\" \/>\n<meta property=\"article:modified_time\" content=\"2024-10-02T09:23:54+00:00\" \/>\n<meta name=\"twitter:card\" content=\"summary_large_image\" \/>\n<meta name=\"twitter:label1\" content=\"Est. reading time\" \/>\n\t<meta name=\"twitter:data1\" content=\"2 minutes\" \/>\n<script type=\"application\/ld+json\" class=\"yoast-schema-graph\">{\"@context\":\"https:\/\/schema.org\",\"@graph\":[{\"@type\":\"WebPage\",\"@id\":\"https:\/\/juricahodak.hr\/it\/servizi\/stomatologia-conservativa\/\",\"url\":\"https:\/\/juricahodak.hr\/it\/servizi\/stomatologia-conservativa\/\",\"name\":\"Stomatologia conservativa - Stomatolo\u0161ka ordinacija dr. Jurica Hodak, Rijeka\",\"isPartOf\":{\"@id\":\"https:\/\/juricahodak.hr\/#website\"},\"datePublished\":\"2024-10-02T09:23:15+00:00\",\"dateModified\":\"2024-10-02T09:23:54+00:00\",\"description\":\"L\u2019odontoiatria conservativa \u00e8 la branca base dell\u2019odontoiatria e si riferisce al trattamento e alla riparazione dei denti e al mantenimento di denti sani.\",\"breadcrumb\":{\"@id\":\"https:\/\/juricahodak.hr\/it\/servizi\/stomatologia-conservativa\/#breadcrumb\"},\"inLanguage\":\"it-IT\",\"potentialAction\":[{\"@type\":\"ReadAction\",\"target\":[\"https:\/\/juricahodak.hr\/it\/servizi\/stomatologia-conservativa\/\"]}]},{\"@type\":\"BreadcrumbList\",\"@id\":\"https:\/\/juricahodak.hr\/it\/servizi\/stomatologia-conservativa\/#breadcrumb\",\"itemListElement\":[{\"@type\":\"ListItem\",\"position\":1,\"name\":\"Po\u010detna stranica\",\"item\":\"https:\/\/juricahodak.hr\/it\/stomatoloska-ordinacija-hodak\/\"},{\"@type\":\"ListItem\",\"position\":2,\"name\":\"Servizi\",\"item\":\"https:\/\/juricahodak.hr\/usluge\/\"},{\"@type\":\"ListItem\",\"position\":3,\"name\":\"Stomatologia conservativa\"}]},{\"@type\":\"WebSite\",\"@id\":\"https:\/\/juricahodak.hr\/#website\",\"url\":\"https:\/\/juricahodak.hr\/\",\"name\":\"Stomatolo\u0161ka ordinacija dr. Jurica Hodak, Rijeka\",\"description\":\"Va\u0161 stomatolog - Potpuno posve\u0107eni vama\",\"potentialAction\":[{\"@type\":\"SearchAction\",\"target\":{\"@type\":\"EntryPoint\",\"urlTemplate\":\"https:\/\/juricahodak.hr\/?s={search_term_string}\"},\"query-input\":{\"@type\":\"PropertyValueSpecification\",\"valueRequired\":true,\"valueName\":\"search_term_string\"}}],\"inLanguage\":\"it-IT\"}]}<\/script>\n<!-- \/ Yoast SEO plugin. -->","yoast_head_json":{"title":"Stomatologia conservativa - Stomatolo\u0161ka ordinacija dr. Jurica Hodak, Rijeka","description":"L\u2019odontoiatria conservativa \u00e8 la branca base dell\u2019odontoiatria e si riferisce al trattamento e alla riparazione dei denti e al mantenimento di denti sani.","robots":{"index":"index","follow":"follow","max-snippet":"max-snippet:-1","max-image-preview":"max-image-preview:large","max-video-preview":"max-video-preview:-1"},"canonical":"https:\/\/juricahodak.hr\/it\/servizi\/stomatologia-conservativa\/","og_locale":"it_IT","og_type":"article","og_title":"Stomatologia conservativa - Stomatolo\u0161ka ordinacija dr. Jurica Hodak, Rijeka","og_description":"L\u2019odontoiatria conservativa \u00e8 la branca base dell\u2019odontoiatria e si riferisce al trattamento e alla riparazione dei denti e al mantenimento di denti sani.","og_url":"https:\/\/juricahodak.hr\/it\/servizi\/stomatologia-conservativa\/","og_site_name":"Stomatolo\u0161ka ordinacija dr. Jurica Hodak, Rijeka","article_modified_time":"2024-10-02T09:23:54+00:00","twitter_card":"summary_large_image","twitter_misc":{"Est. reading time":"2 minutes"},"schema":{"@context":"https:\/\/schema.org","@graph":[{"@type":"WebPage","@id":"https:\/\/juricahodak.hr\/it\/servizi\/stomatologia-conservativa\/","url":"https:\/\/juricahodak.hr\/it\/servizi\/stomatologia-conservativa\/","name":"Stomatologia conservativa - Stomatolo\u0161ka ordinacija dr. Jurica Hodak, Rijeka","isPartOf":{"@id":"https:\/\/juricahodak.hr\/#website"},"datePublished":"2024-10-02T09:23:15+00:00","dateModified":"2024-10-02T09:23:54+00:00","description":"L\u2019odontoiatria conservativa \u00e8 la branca base dell\u2019odontoiatria e si riferisce al trattamento e alla riparazione dei denti e al mantenimento di denti sani.","breadcrumb":{"@id":"https:\/\/juricahodak.hr\/it\/servizi\/stomatologia-conservativa\/#breadcrumb"},"inLanguage":"it-IT","potentialAction":[{"@type":"ReadAction","target":["https:\/\/juricahodak.hr\/it\/servizi\/stomatologia-conservativa\/"]}]},{"@type":"BreadcrumbList","@id":"https:\/\/juricahodak.hr\/it\/servizi\/stomatologia-conservativa\/#breadcrumb","itemListElement":[{"@type":"ListItem","position":1,"name":"Po\u010detna stranica","item":"https:\/\/juricahodak.hr\/it\/stomatoloska-ordinacija-hodak\/"},{"@type":"ListItem","position":2,"name":"Servizi","item":"https:\/\/juricahodak.hr\/usluge\/"},{"@type":"ListItem","position":3,"name":"Stomatologia conservativa"}]},{"@type":"WebSite","@id":"https:\/\/juricahodak.hr\/#website","url":"https:\/\/juricahodak.hr\/","name":"Stomatolo\u0161ka ordinacija dr. Jurica Hodak, Rijeka","description":"Va\u0161 stomatolog - Potpuno posve\u0107eni vama","potentialAction":[{"@type":"SearchAction","target":{"@type":"EntryPoint","urlTemplate":"https:\/\/juricahodak.hr\/?s={search_term_string}"},"query-input":{"@type":"PropertyValueSpecification","valueRequired":true,"valueName":"search_term_string"}}],"inLanguage":"it-IT"}]}},"_links":{"self":[{"href":"https:\/\/juricahodak.hr\/it\/wp-json\/wp\/v2\/pages\/1328","targetHints":{"allow":["GET"]}}],"collection":[{"href":"https:\/\/juricahodak.hr\/it\/wp-json\/wp\/v2\/pages"}],"about":[{"href":"https:\/\/juricahodak.hr\/it\/wp-json\/wp\/v2\/types\/page"}],"author":[{"embeddable":true,"href":"https:\/\/juricahodak.hr\/it\/wp-json\/wp\/v2\/users\/2"}],"replies":[{"embeddable":true,"href":"https:\/\/juricahodak.hr\/it\/wp-json\/wp\/v2\/comments?post=1328"}],"version-history":[{"count":9,"href":"https:\/\/juricahodak.hr\/it\/wp-json\/wp\/v2\/pages\/1328\/revisions"}],"predecessor-version":[{"id":1337,"href":"https:\/\/juricahodak.hr\/it\/wp-json\/wp\/v2\/pages\/1328\/revisions\/1337"}],"up":[{"embeddable":true,"href":"https:\/\/juricahodak.hr\/it\/wp-json\/wp\/v2\/pages\/1243"}],"wp:attachment":[{"href":"https:\/\/juricahodak.hr\/it\/wp-json\/wp\/v2\/media?parent=1328"}],"curies":[{"name":"wp","href":"https:\/\/api.w.org\/{rel}","templated":true}]}}