{"id":1272,"date":"2024-10-01T15:14:43","date_gmt":"2024-10-01T13:14:43","guid":{"rendered":"https:\/\/juricahodak.hr\/servizi\/parodontologia\/"},"modified":"2024-10-01T15:15:52","modified_gmt":"2024-10-01T13:15:52","slug":"parodontologia","status":"publish","type":"page","link":"https:\/\/juricahodak.hr\/it\/servizi\/parodontologia\/","title":{"rendered":"Parodontologia"},"content":{"rendered":"<p>[et_pb_section fb_built=&#8221;1&#8243; _builder_version=&#8221;4.9.7&#8243; _module_preset=&#8221;default&#8221; global_colors_info=&#8221;{}&#8221;][et_pb_row column_structure=&#8221;1_2,1_2&#8243; make_equal=&#8221;on&#8221; _builder_version=&#8221;4.9.7&#8243; _module_preset=&#8221;cd1cd370-4a9a-47e5-86af-210816d17eb0&#8243; custom_css_main_element=&#8221;align-items: center;&#8221; global_colors_info=&#8221;{}&#8221;][et_pb_column type=&#8221;1_2&#8243; _builder_version=&#8221;4.9.7&#8243; _module_preset=&#8221;default&#8221; global_colors_info=&#8221;{}&#8221;][et_pb_text _builder_version=&#8221;4.9.7&#8243; _module_preset=&#8221;default&#8221; global_colors_info=&#8221;{}&#8221;]<\/p>\n<p>La parodontologia \u00e8 una branca dell\u2019o che si occupa dell\u2019insieme dei tessuti molli (il legamento periodontale e la gengiva) e duri (cemento e tessuto osseo alveolare) che circondano il dente e che assicurano la sua stabilit\u00e0 nell\u2019arcata alveolare (in condizioni di salute). La parodontologia, si occupa anche delle malattie che interessano il parodonto, queste vengono chiamate genericamente malattie parodontali o parodontopatie, o piorrea (termine storico oggi ancora utilizzato nella popolazione). Esse sono le <strong>parodontiti <\/strong>e le <strong>gengiviti<\/strong>. <\/p>\n<h1>Gengivite<\/h1>\n<p>Per gengivite si intende l\u2019infiammazione dei tessuti gengivali, caratterizzata da gonfiore, arrossamento, calore e sanguinamento conseguenti all\u2019accumulo di placca. E\u2019 curabile con un adeguata terapia e con severe misure di igiene dentale.  <\/p>\n<h1>Parodontite<\/h1>\n<p>La parodontite o periodontite \u00e8 un\u2019infezione dei tessuti parodontali, che determina una perdita d\u2019attacco dei denti rispetto all\u2019alveolo, con conseguente formazione di tasche parodontali, mobilit\u00e0 dentale, sanguinamento gengivale, fino alla perdita di uno o pi\u00f9 denti. Tale processo \u00e8 reversibile se viene diagnosticato in tempo e curato. Il quadro clinico di parodontite comprende quindi tutti i segni e sintomi della gengivite. La maggiore gravit\u00e0 \u00e8 data dall\u2019espasione dell\u2019infiammazione dalla sola gengiva al legamento parodontale, cemento radicolare, osso alveolare. Non colpisce tutti i denti in maniera uniforme, ed \u00e8 fortemente influenzata dalla suscettibilit\u00e0 individuale. Generalmente affligge individui in et\u00e0 adulta e avanzata, ma alcune forme possono colpire anche nell\u2019infanzia e nell\u2019adolescenza.<\/p>\n<p>Si puo\u2019 far fronte al problema recandosi 2 volte l\u2019 anno ad una visita dentistica per la rimozione della placca.<\/p>\n<p>I metodi di rimozione sono:<\/p>\n<ul>\n<li><strong>KAVITRON<\/strong> \u2013 apparecchio che produce ultrasuoni le cui vibrazioni staccano i depositi di tartaro<\/li>\n<li><strong>AIR FLOW<\/strong> \u2013 un dispositivo che, basato sul principio di acqua, aria (pressione) e piccole particelle di bicarbonato di sodio al gusto di limone, rimuove tutti i depositi molli e la pigmentazione da nicotina, caff\u00e8, vino, t\u00e8&#8230;<\/li>\n<\/ul>\n<p>[\/et_pb_text][\/et_pb_column][et_pb_column type=&#8221;1_2&#8243; _builder_version=&#8221;4.9.7&#8243; _module_preset=&#8221;default&#8221; global_colors_info=&#8221;{}&#8221;][et_pb_image src=&#8221;http:\/\/juricahodak.hr\/web\/wp-content\/uploads\/2021\/08\/jurica_hodak_galerija_big-19.jpg&#8221; title_text=&#8221;jurica_hodak_galerija_big-19&#8243; _builder_version=&#8221;4.10.4&#8243; _module_preset=&#8221;default&#8221; hover_enabled=&#8221;0&#8243; global_colors_info=&#8221;{}&#8221; sticky_enabled=&#8221;0&#8243;][\/et_pb_image][\/et_pb_column][\/et_pb_row][\/et_pb_section]<\/p>\n","protected":false},"excerpt":{"rendered":"<p>La parodontologia \u00e8 una branca dell\u2019o che si occupa dell\u2019insieme dei tessuti molli (il legamento periodontale e la gengiva) e duri (cemento e tessuto osseo alveolare) che circondano il dente e che assicurano la sua stabilit\u00e0 nell\u2019arcata alveolare (in condizioni di salute). La parodontologia, si occupa anche delle malattie che interessano il parodonto, queste vengono [&hellip;]<\/p>\n","protected":false},"author":2,"featured_media":0,"parent":1243,"menu_order":0,"comment_status":"closed","ping_status":"closed","template":"","meta":{"_et_pb_use_builder":"on","_et_pb_old_content":"","_et_gb_content_width":"","inline_featured_image":false,"footnotes":""},"class_list":["post-1272","page","type-page","status-publish","hentry"],"yoast_head":"<!-- This site is optimized with the Yoast SEO plugin v24.1 - https:\/\/yoast.com\/wordpress\/plugins\/seo\/ -->\n<title>Parodontologia - Stomatolo\u0161ka ordinacija dr. Jurica Hodak, Rijeka<\/title>\n<meta name=\"robots\" content=\"index, follow, max-snippet:-1, max-image-preview:large, max-video-preview:-1\" \/>\n<link rel=\"canonical\" href=\"https:\/\/juricahodak.hr\/usluge\/parodontologija\/\" \/>\n<meta property=\"og:locale\" content=\"it_IT\" \/>\n<meta property=\"og:type\" content=\"article\" \/>\n<meta property=\"og:title\" content=\"Parodontologia - Stomatolo\u0161ka ordinacija dr. Jurica Hodak, Rijeka\" \/>\n<meta property=\"og:description\" content=\"La parodontologia \u00e8 una branca dell\u2019o che si occupa dell\u2019insieme dei tessuti molli (il legamento periodontale e la gengiva) e duri (cemento e tessuto osseo alveolare) che circondano il dente e che assicurano la sua stabilit\u00e0 nell\u2019arcata alveolare (in condizioni di salute). La parodontologia, si occupa anche delle malattie che interessano il parodonto, queste vengono [&hellip;]\" \/>\n<meta property=\"og:url\" content=\"https:\/\/juricahodak.hr\/usluge\/parodontologija\/\" \/>\n<meta property=\"og:site_name\" content=\"Stomatolo\u0161ka ordinacija dr. Jurica Hodak, Rijeka\" \/>\n<meta property=\"article:modified_time\" content=\"2024-10-01T13:15:52+00:00\" \/>\n<meta name=\"twitter:card\" content=\"summary_large_image\" \/>\n<meta name=\"twitter:label1\" content=\"Est. reading time\" \/>\n\t<meta name=\"twitter:data1\" content=\"2 minutes\" \/>\n<script type=\"application\/ld+json\" class=\"yoast-schema-graph\">{\"@context\":\"https:\/\/schema.org\",\"@graph\":[{\"@type\":\"WebPage\",\"@id\":\"https:\/\/juricahodak.hr\/usluge\/parodontologija\/\",\"url\":\"https:\/\/juricahodak.hr\/usluge\/parodontologija\/\",\"name\":\"Parodontologia - Stomatolo\u0161ka ordinacija dr. Jurica Hodak, Rijeka\",\"isPartOf\":{\"@id\":\"https:\/\/juricahodak.hr\/#website\"},\"datePublished\":\"2024-10-01T13:14:43+00:00\",\"dateModified\":\"2024-10-01T13:15:52+00:00\",\"breadcrumb\":{\"@id\":\"https:\/\/juricahodak.hr\/usluge\/parodontologija\/#breadcrumb\"},\"inLanguage\":\"it-IT\",\"potentialAction\":[{\"@type\":\"ReadAction\",\"target\":[\"https:\/\/juricahodak.hr\/usluge\/parodontologija\/\"]}]},{\"@type\":\"BreadcrumbList\",\"@id\":\"https:\/\/juricahodak.hr\/usluge\/parodontologija\/#breadcrumb\",\"itemListElement\":[{\"@type\":\"ListItem\",\"position\":1,\"name\":\"Po\u010detna stranica\",\"item\":\"https:\/\/juricahodak.hr\/it\/stomatoloska-ordinacija-hodak\/\"},{\"@type\":\"ListItem\",\"position\":2,\"name\":\"Servizi\",\"item\":\"https:\/\/juricahodak.hr\/usluge\/\"},{\"@type\":\"ListItem\",\"position\":3,\"name\":\"Parodontologia\"}]},{\"@type\":\"WebSite\",\"@id\":\"https:\/\/juricahodak.hr\/#website\",\"url\":\"https:\/\/juricahodak.hr\/\",\"name\":\"Stomatolo\u0161ka ordinacija dr. Jurica Hodak, Rijeka\",\"description\":\"Va\u0161 stomatolog - Potpuno posve\u0107eni vama\",\"potentialAction\":[{\"@type\":\"SearchAction\",\"target\":{\"@type\":\"EntryPoint\",\"urlTemplate\":\"https:\/\/juricahodak.hr\/?s={search_term_string}\"},\"query-input\":{\"@type\":\"PropertyValueSpecification\",\"valueRequired\":true,\"valueName\":\"search_term_string\"}}],\"inLanguage\":\"it-IT\"}]}<\/script>\n<!-- \/ Yoast SEO plugin. -->","yoast_head_json":{"title":"Parodontologia - Stomatolo\u0161ka ordinacija dr. Jurica Hodak, Rijeka","robots":{"index":"index","follow":"follow","max-snippet":"max-snippet:-1","max-image-preview":"max-image-preview:large","max-video-preview":"max-video-preview:-1"},"canonical":"https:\/\/juricahodak.hr\/usluge\/parodontologija\/","og_locale":"it_IT","og_type":"article","og_title":"Parodontologia - Stomatolo\u0161ka ordinacija dr. Jurica Hodak, Rijeka","og_description":"La parodontologia \u00e8 una branca dell\u2019o che si occupa dell\u2019insieme dei tessuti molli (il legamento periodontale e la gengiva) e duri (cemento e tessuto osseo alveolare) che circondano il dente e che assicurano la sua stabilit\u00e0 nell\u2019arcata alveolare (in condizioni di salute). La parodontologia, si occupa anche delle malattie che interessano il parodonto, queste vengono [&hellip;]","og_url":"https:\/\/juricahodak.hr\/usluge\/parodontologija\/","og_site_name":"Stomatolo\u0161ka ordinacija dr. Jurica Hodak, Rijeka","article_modified_time":"2024-10-01T13:15:52+00:00","twitter_card":"summary_large_image","twitter_misc":{"Est. reading time":"2 minutes"},"schema":{"@context":"https:\/\/schema.org","@graph":[{"@type":"WebPage","@id":"https:\/\/juricahodak.hr\/usluge\/parodontologija\/","url":"https:\/\/juricahodak.hr\/usluge\/parodontologija\/","name":"Parodontologia - Stomatolo\u0161ka ordinacija dr. Jurica Hodak, Rijeka","isPartOf":{"@id":"https:\/\/juricahodak.hr\/#website"},"datePublished":"2024-10-01T13:14:43+00:00","dateModified":"2024-10-01T13:15:52+00:00","breadcrumb":{"@id":"https:\/\/juricahodak.hr\/usluge\/parodontologija\/#breadcrumb"},"inLanguage":"it-IT","potentialAction":[{"@type":"ReadAction","target":["https:\/\/juricahodak.hr\/usluge\/parodontologija\/"]}]},{"@type":"BreadcrumbList","@id":"https:\/\/juricahodak.hr\/usluge\/parodontologija\/#breadcrumb","itemListElement":[{"@type":"ListItem","position":1,"name":"Po\u010detna stranica","item":"https:\/\/juricahodak.hr\/it\/stomatoloska-ordinacija-hodak\/"},{"@type":"ListItem","position":2,"name":"Servizi","item":"https:\/\/juricahodak.hr\/usluge\/"},{"@type":"ListItem","position":3,"name":"Parodontologia"}]},{"@type":"WebSite","@id":"https:\/\/juricahodak.hr\/#website","url":"https:\/\/juricahodak.hr\/","name":"Stomatolo\u0161ka ordinacija dr. Jurica Hodak, Rijeka","description":"Va\u0161 stomatolog - Potpuno posve\u0107eni vama","potentialAction":[{"@type":"SearchAction","target":{"@type":"EntryPoint","urlTemplate":"https:\/\/juricahodak.hr\/?s={search_term_string}"},"query-input":{"@type":"PropertyValueSpecification","valueRequired":true,"valueName":"search_term_string"}}],"inLanguage":"it-IT"}]}},"_links":{"self":[{"href":"https:\/\/juricahodak.hr\/it\/wp-json\/wp\/v2\/pages\/1272","targetHints":{"allow":["GET"]}}],"collection":[{"href":"https:\/\/juricahodak.hr\/it\/wp-json\/wp\/v2\/pages"}],"about":[{"href":"https:\/\/juricahodak.hr\/it\/wp-json\/wp\/v2\/types\/page"}],"author":[{"embeddable":true,"href":"https:\/\/juricahodak.hr\/it\/wp-json\/wp\/v2\/users\/2"}],"replies":[{"embeddable":true,"href":"https:\/\/juricahodak.hr\/it\/wp-json\/wp\/v2\/comments?post=1272"}],"version-history":[{"count":2,"href":"https:\/\/juricahodak.hr\/it\/wp-json\/wp\/v2\/pages\/1272\/revisions"}],"predecessor-version":[{"id":1274,"href":"https:\/\/juricahodak.hr\/it\/wp-json\/wp\/v2\/pages\/1272\/revisions\/1274"}],"up":[{"embeddable":true,"href":"https:\/\/juricahodak.hr\/it\/wp-json\/wp\/v2\/pages\/1243"}],"wp:attachment":[{"href":"https:\/\/juricahodak.hr\/it\/wp-json\/wp\/v2\/media?parent=1272"}],"curies":[{"name":"wp","href":"https:\/\/api.w.org\/{rel}","templated":true}]}}