{"id":1257,"date":"2024-10-01T14:35:19","date_gmt":"2024-10-01T12:35:19","guid":{"rendered":"https:\/\/juricahodak.hr\/servizi\/stomatologia-estetica\/"},"modified":"2024-10-03T14:44:03","modified_gmt":"2024-10-03T12:44:03","slug":"stomatologia-estetica","status":"publish","type":"page","link":"https:\/\/juricahodak.hr\/it\/servizi\/stomatologia-estetica\/","title":{"rendered":"Stomatologia estetica"},"content":{"rendered":"<p>[et_pb_section fb_built=&#8221;1&#8243; _builder_version=&#8221;4.16&#8243; _module_preset=&#8221;default&#8221; global_colors_info=&#8221;{}&#8221;][et_pb_row column_structure=&#8221;1_2,1_2&#8243; make_equal=&#8221;on&#8221; _builder_version=&#8221;4.16&#8243; _module_preset=&#8221;cd1cd370-4a9a-47e5-86af-210816d17eb0&#8243; custom_css_main_element=&#8221;align-items: center;&#8221; global_colors_info=&#8221;{}&#8221;][et_pb_column type=&#8221;1_2&#8243; _builder_version=&#8221;4.16&#8243; _module_preset=&#8221;default&#8221; global_colors_info=&#8221;{}&#8221;][et_pb_text _builder_version=&#8221;4.27.0&#8243; _module_preset=&#8221;default&#8221; hover_enabled=&#8221;0&#8243; global_colors_info=&#8221;{}&#8221; sticky_enabled=&#8221;0&#8243;]Tutti vorremmo dei denti perfetti, belli e sani. Oggi e\u2019 un desiderio realizzabile e a portata di tutti. In completa assenza di dolore e tempi brevi ridiamo ai vostri denti una sana lucidita\u2019e a voi un bel sorriso. La stomatologia estetica comprende   <\/p>\n<ul>\n<li><strong><a href=\"http:\/\/www.juricahodak.hr\/usluge\/izbjeljivanje-zuba\/\">sbiancamento dei denti<\/a><br \/>\n<\/strong><\/li>\n<li><strong>faccette in ceramica <\/strong><\/li>\n<li><strong><a href=\"http:\/\/www.juricahodak.hr\/usluge\/konzervativna-stomatologija\/\">faccette in ceramica<\/a><\/strong><\/li>\n<li><strong>ornamenti dentali<\/strong><\/li>\n<li><strong><a href=\"http:\/\/www.juricahodak.hr\/usluge\/fiksna-protetika\/\">corone e ponti in ceramica- senza metallo<\/a><br \/>\n<\/strong><\/li>\n<\/ul>\n<p><strong>Le faccette in porcellana<\/strong> sono sottili lamine in ceramica che vengono cementate sulla superficie visibile dei denti anteriori per correggere imperfezioni tipo coloramento (modifica del colore dei denti), lo spazio tra i denti (diastemia) e l\u2019 aspetto della dentatura. Il vantaggio delle faccete e\u2019 che nel tempo non cambiano aspetto e inoltre il dente che le accoglie non deve essere completamente limato, come nel caso delle corone. Sono fatte in ceramica ed hanno uno spessore tra i 0,5 e 2 millimetri.<br \/>L\u2019 inserimento delle <strong>decorazioni dentali<\/strong> (gioiellini) si effettua mediante collanti, senza dover limare il dente. Il tutto dura una decina di minuti.[\/et_pb_text][\/et_pb_column][et_pb_column type=&#8221;1_2&#8243; _builder_version=&#8221;4.16&#8243; _module_preset=&#8221;default&#8221; global_colors_info=&#8221;{}&#8221;][et_pb_image src=&#8221;https:\/\/juricahodak.hr\/web\/wp-content\/uploads\/2021\/08\/jurica_hodak_galerija_big-20.jpg&#8221; title_text=&#8221;jurica_hodak_galerija_big-20&#8243; _builder_version=&#8221;4.16&#8243; _module_preset=&#8221;default&#8221; global_colors_info=&#8221;{}&#8221;][\/et_pb_image][\/et_pb_column][\/et_pb_row][\/et_pb_section]<\/p>\n","protected":false},"excerpt":{"rendered":"<p>Tutti vorremmo dei denti perfetti, belli e sani. Oggi e\u2019 un desiderio realizzabile e a portata di tutti. In completa assenza di dolore e tempi brevi ridiamo ai vostri denti una sana lucidita\u2019e a voi un bel sorriso. La stomatologia estetica comprende sbiancamento dei denti faccette in ceramica faccette in ceramica ornamenti dentali corone e [&hellip;]<\/p>\n","protected":false},"author":2,"featured_media":0,"parent":1243,"menu_order":0,"comment_status":"closed","ping_status":"closed","template":"","meta":{"_et_pb_use_builder":"on","_et_pb_old_content":"","_et_gb_content_width":"","inline_featured_image":false,"footnotes":""},"class_list":["post-1257","page","type-page","status-publish","hentry"],"yoast_head":"<!-- This site is optimized with the Yoast SEO plugin v24.1 - https:\/\/yoast.com\/wordpress\/plugins\/seo\/ -->\n<title>Stomatologia estetica - Stomatolo\u0161ka ordinacija dr. Jurica Hodak, Rijeka<\/title>\n<meta name=\"description\" content=\"L&#039;odontoiatria estetica restituir\u00e0 la lucentezza dei tuoi denti e il sorriso al tuo viso in modo del tutto indolore e in breve tempo.\" \/>\n<meta name=\"robots\" content=\"index, follow, max-snippet:-1, max-image-preview:large, max-video-preview:-1\" \/>\n<link rel=\"canonical\" href=\"https:\/\/juricahodak.hr\/it\/servizi\/stomatologia-estetica\/\" \/>\n<meta property=\"og:locale\" content=\"it_IT\" \/>\n<meta property=\"og:type\" content=\"article\" \/>\n<meta property=\"og:title\" content=\"Stomatologia estetica - Stomatolo\u0161ka ordinacija dr. Jurica Hodak, Rijeka\" \/>\n<meta property=\"og:description\" content=\"L&#039;odontoiatria estetica restituir\u00e0 la lucentezza dei tuoi denti e il sorriso al tuo viso in modo del tutto indolore e in breve tempo.\" \/>\n<meta property=\"og:url\" content=\"https:\/\/juricahodak.hr\/it\/servizi\/stomatologia-estetica\/\" \/>\n<meta property=\"og:site_name\" content=\"Stomatolo\u0161ka ordinacija dr. Jurica Hodak, Rijeka\" \/>\n<meta property=\"article:modified_time\" content=\"2024-10-03T12:44:03+00:00\" \/>\n<meta name=\"twitter:card\" content=\"summary_large_image\" \/>\n<meta name=\"twitter:label1\" content=\"Est. reading time\" \/>\n\t<meta name=\"twitter:data1\" content=\"1 minute\" \/>\n<script type=\"application\/ld+json\" class=\"yoast-schema-graph\">{\"@context\":\"https:\/\/schema.org\",\"@graph\":[{\"@type\":\"WebPage\",\"@id\":\"https:\/\/juricahodak.hr\/it\/servizi\/stomatologia-estetica\/\",\"url\":\"https:\/\/juricahodak.hr\/it\/servizi\/stomatologia-estetica\/\",\"name\":\"Stomatologia estetica - Stomatolo\u0161ka ordinacija dr. Jurica Hodak, Rijeka\",\"isPartOf\":{\"@id\":\"https:\/\/juricahodak.hr\/#website\"},\"datePublished\":\"2024-10-01T12:35:19+00:00\",\"dateModified\":\"2024-10-03T12:44:03+00:00\",\"description\":\"L'odontoiatria estetica restituir\u00e0 la lucentezza dei tuoi denti e il sorriso al tuo viso in modo del tutto indolore e in breve tempo.\",\"breadcrumb\":{\"@id\":\"https:\/\/juricahodak.hr\/it\/servizi\/stomatologia-estetica\/#breadcrumb\"},\"inLanguage\":\"it-IT\",\"potentialAction\":[{\"@type\":\"ReadAction\",\"target\":[\"https:\/\/juricahodak.hr\/it\/servizi\/stomatologia-estetica\/\"]}]},{\"@type\":\"BreadcrumbList\",\"@id\":\"https:\/\/juricahodak.hr\/it\/servizi\/stomatologia-estetica\/#breadcrumb\",\"itemListElement\":[{\"@type\":\"ListItem\",\"position\":1,\"name\":\"Po\u010detna stranica\",\"item\":\"https:\/\/juricahodak.hr\/it\/stomatoloska-ordinacija-hodak\/\"},{\"@type\":\"ListItem\",\"position\":2,\"name\":\"Servizi\",\"item\":\"https:\/\/juricahodak.hr\/usluge\/\"},{\"@type\":\"ListItem\",\"position\":3,\"name\":\"Stomatologia estetica\"}]},{\"@type\":\"WebSite\",\"@id\":\"https:\/\/juricahodak.hr\/#website\",\"url\":\"https:\/\/juricahodak.hr\/\",\"name\":\"Stomatolo\u0161ka ordinacija dr. Jurica Hodak, Rijeka\",\"description\":\"Va\u0161 stomatolog - Potpuno posve\u0107eni vama\",\"potentialAction\":[{\"@type\":\"SearchAction\",\"target\":{\"@type\":\"EntryPoint\",\"urlTemplate\":\"https:\/\/juricahodak.hr\/?s={search_term_string}\"},\"query-input\":{\"@type\":\"PropertyValueSpecification\",\"valueRequired\":true,\"valueName\":\"search_term_string\"}}],\"inLanguage\":\"it-IT\"}]}<\/script>\n<!-- \/ Yoast SEO plugin. -->","yoast_head_json":{"title":"Stomatologia estetica - Stomatolo\u0161ka ordinacija dr. Jurica Hodak, Rijeka","description":"L'odontoiatria estetica restituir\u00e0 la lucentezza dei tuoi denti e il sorriso al tuo viso in modo del tutto indolore e in breve tempo.","robots":{"index":"index","follow":"follow","max-snippet":"max-snippet:-1","max-image-preview":"max-image-preview:large","max-video-preview":"max-video-preview:-1"},"canonical":"https:\/\/juricahodak.hr\/it\/servizi\/stomatologia-estetica\/","og_locale":"it_IT","og_type":"article","og_title":"Stomatologia estetica - Stomatolo\u0161ka ordinacija dr. Jurica Hodak, Rijeka","og_description":"L'odontoiatria estetica restituir\u00e0 la lucentezza dei tuoi denti e il sorriso al tuo viso in modo del tutto indolore e in breve tempo.","og_url":"https:\/\/juricahodak.hr\/it\/servizi\/stomatologia-estetica\/","og_site_name":"Stomatolo\u0161ka ordinacija dr. Jurica Hodak, Rijeka","article_modified_time":"2024-10-03T12:44:03+00:00","twitter_card":"summary_large_image","twitter_misc":{"Est. reading time":"1 minute"},"schema":{"@context":"https:\/\/schema.org","@graph":[{"@type":"WebPage","@id":"https:\/\/juricahodak.hr\/it\/servizi\/stomatologia-estetica\/","url":"https:\/\/juricahodak.hr\/it\/servizi\/stomatologia-estetica\/","name":"Stomatologia estetica - Stomatolo\u0161ka ordinacija dr. Jurica Hodak, Rijeka","isPartOf":{"@id":"https:\/\/juricahodak.hr\/#website"},"datePublished":"2024-10-01T12:35:19+00:00","dateModified":"2024-10-03T12:44:03+00:00","description":"L'odontoiatria estetica restituir\u00e0 la lucentezza dei tuoi denti e il sorriso al tuo viso in modo del tutto indolore e in breve tempo.","breadcrumb":{"@id":"https:\/\/juricahodak.hr\/it\/servizi\/stomatologia-estetica\/#breadcrumb"},"inLanguage":"it-IT","potentialAction":[{"@type":"ReadAction","target":["https:\/\/juricahodak.hr\/it\/servizi\/stomatologia-estetica\/"]}]},{"@type":"BreadcrumbList","@id":"https:\/\/juricahodak.hr\/it\/servizi\/stomatologia-estetica\/#breadcrumb","itemListElement":[{"@type":"ListItem","position":1,"name":"Po\u010detna stranica","item":"https:\/\/juricahodak.hr\/it\/stomatoloska-ordinacija-hodak\/"},{"@type":"ListItem","position":2,"name":"Servizi","item":"https:\/\/juricahodak.hr\/usluge\/"},{"@type":"ListItem","position":3,"name":"Stomatologia estetica"}]},{"@type":"WebSite","@id":"https:\/\/juricahodak.hr\/#website","url":"https:\/\/juricahodak.hr\/","name":"Stomatolo\u0161ka ordinacija dr. Jurica Hodak, Rijeka","description":"Va\u0161 stomatolog - Potpuno posve\u0107eni vama","potentialAction":[{"@type":"SearchAction","target":{"@type":"EntryPoint","urlTemplate":"https:\/\/juricahodak.hr\/?s={search_term_string}"},"query-input":{"@type":"PropertyValueSpecification","valueRequired":true,"valueName":"search_term_string"}}],"inLanguage":"it-IT"}]}},"_links":{"self":[{"href":"https:\/\/juricahodak.hr\/it\/wp-json\/wp\/v2\/pages\/1257","targetHints":{"allow":["GET"]}}],"collection":[{"href":"https:\/\/juricahodak.hr\/it\/wp-json\/wp\/v2\/pages"}],"about":[{"href":"https:\/\/juricahodak.hr\/it\/wp-json\/wp\/v2\/types\/page"}],"author":[{"embeddable":true,"href":"https:\/\/juricahodak.hr\/it\/wp-json\/wp\/v2\/users\/2"}],"replies":[{"embeddable":true,"href":"https:\/\/juricahodak.hr\/it\/wp-json\/wp\/v2\/comments?post=1257"}],"version-history":[{"count":7,"href":"https:\/\/juricahodak.hr\/it\/wp-json\/wp\/v2\/pages\/1257\/revisions"}],"predecessor-version":[{"id":1496,"href":"https:\/\/juricahodak.hr\/it\/wp-json\/wp\/v2\/pages\/1257\/revisions\/1496"}],"up":[{"embeddable":true,"href":"https:\/\/juricahodak.hr\/it\/wp-json\/wp\/v2\/pages\/1243"}],"wp:attachment":[{"href":"https:\/\/juricahodak.hr\/it\/wp-json\/wp\/v2\/media?parent=1257"}],"curies":[{"name":"wp","href":"https:\/\/api.w.org\/{rel}","templated":true}]}}