{"id":1254,"date":"2024-10-01T14:33:09","date_gmt":"2024-10-01T12:33:09","guid":{"rendered":"https:\/\/juricahodak.hr\/servizi\/endodonzia-cura-dei-canali-radicolari\/"},"modified":"2024-10-01T14:33:34","modified_gmt":"2024-10-01T12:33:34","slug":"endodonzia-cura-dei-canali-radicolari","status":"publish","type":"page","link":"https:\/\/juricahodak.hr\/it\/servizi\/endodonzia-cura-dei-canali-radicolari\/","title":{"rendered":"Endodonzia \u2013 cura dei canali radicolari"},"content":{"rendered":"<p>[et_pb_section fb_built=&#8221;1&#8243; _builder_version=&#8221;4.9.7&#8243; _module_preset=&#8221;default&#8221; global_colors_info=&#8221;{}&#8221;][et_pb_row column_structure=&#8221;1_2,1_2&#8243; make_equal=&#8221;on&#8221; _builder_version=&#8221;4.9.7&#8243; _module_preset=&#8221;cd1cd370-4a9a-47e5-86af-210816d17eb0&#8243; custom_css_main_element=&#8221;align-items: center;&#8221; global_colors_info=&#8221;{}&#8221;][et_pb_column type=&#8221;1_2&#8243; _builder_version=&#8221;4.9.7&#8243; _module_preset=&#8221;default&#8221; global_colors_info=&#8221;{}&#8221;][et_pb_text _builder_version=&#8221;4.9.7&#8243; _module_preset=&#8221;default&#8221; global_colors_info=&#8221;{}&#8221;]Con il termine endodonzia si intende quella branca dell\u2019odontoiatria che si <strong>occupa della terapia dell\u2019endodonto<\/strong>, <strong>ovvero lo spazio all\u2019interno dell\u2019elemento dentario<\/strong>, <strong>che contiene la polpa dentaria<\/strong> (costituita da cellule, da vasi e nervi).<br \/>I problemi in questo campo solitamente insorgono quando la carie si propaga fino al centro del dente, il cosiddetto nervo, dove non esistono meccanismi di difesa per cui si verifica l\u2019 infiammazione e di conseguenza, la necrosi. Questo processo e\u2019 accompagnato da forte dolore. La cura consiste nello svuotamento dei canali radicolari che devono essere ripuliti chimicamente e poi sigillati tridimensionalmente.<br \/>Le infiammazioni dei canali radicolari, se non sono curate sistematicamente, possono provocare la migrazione dei batteri all\u2019 interno dell\u2019 osso, dando origine ai dolorosi granulomi che spesso devono essere rimosssi dal chirurgo (apicotomia o estrazione del dente).<\/p>\n<p>Per maggiore sicurezza questi interventi vengono effettuati con l\u2019 aiuto di una camera a raggi X digitalizzata <strong>(RVG- KODAK 2200 e KODAK 6100)<\/strong> che in ogni fase del processo offre l\u2019 immagine esatta della situazione in situ. Il trattamento dei canali radicolari viene effettuato mediante l\u2019 apparecchio WHENTRAN che ne abbrevia i tempi.<br \/><strong>L\u2019 intervento viene eseguito in anestesia locale ed e\u2019 percio\u2019 totalmente indolore.<\/strong><br \/>Vogliamo sottolineare che un\u2019 endodonzia accurata e\u2019 di fondamentale importanza per il lavoro successivo.[\/et_pb_text][\/et_pb_column][et_pb_column type=&#8221;1_2&#8243; _builder_version=&#8221;4.9.7&#8243; _module_preset=&#8221;default&#8221; global_colors_info=&#8221;{}&#8221;][et_pb_image src=&#8221;https:\/\/juricahodak.hr\/web\/wp-content\/uploads\/2021\/08\/jurica_hodak_galerija_big-49.jpg&#8221; title_text=&#8221;jurica_hodak_galerija_big-49&#8243; _builder_version=&#8221;4.10.4&#8243; _module_preset=&#8221;default&#8221; global_colors_info=&#8221;{}&#8221;][\/et_pb_image][\/et_pb_column][\/et_pb_row][\/et_pb_section]<\/p>\n","protected":false},"excerpt":{"rendered":"<p>Con il termine endodonzia si intende quella branca dell\u2019odontoiatria che si occupa della terapia dell\u2019endodonto, ovvero lo spazio all\u2019interno dell\u2019elemento dentario, che contiene la polpa dentaria (costituita da cellule, da vasi e nervi).I problemi in questo campo solitamente insorgono quando la carie si propaga fino al centro del dente, il cosiddetto nervo, dove non esistono [&hellip;]<\/p>\n","protected":false},"author":2,"featured_media":0,"parent":1243,"menu_order":0,"comment_status":"closed","ping_status":"closed","template":"","meta":{"_et_pb_use_builder":"on","_et_pb_old_content":"","_et_gb_content_width":"","inline_featured_image":false,"footnotes":""},"class_list":["post-1254","page","type-page","status-publish","hentry"],"yoast_head":"<!-- This site is optimized with the Yoast SEO plugin v24.1 - https:\/\/yoast.com\/wordpress\/plugins\/seo\/ -->\n<title>Endodonzia \u2013 cura dei canali radicolari - Stomatolo\u0161ka ordinacija dr. Jurica Hodak, Rijeka<\/title>\n<meta name=\"description\" content=\"Endodonzia \u2013 cura dei canali radicolari \u00e8 un servizio che eseguiamo con l&#039;ausilio di un apparecchio ed \u00e8 completamente indolore e viene eseguito in anestesia locale\" \/>\n<meta name=\"robots\" content=\"index, follow, max-snippet:-1, max-image-preview:large, max-video-preview:-1\" \/>\n<link rel=\"canonical\" href=\"https:\/\/juricahodak.hr\/usluge\/endodoncija-lijecenje-korijenskih-kanala\/\" \/>\n<meta property=\"og:locale\" content=\"it_IT\" \/>\n<meta property=\"og:type\" content=\"article\" \/>\n<meta property=\"og:title\" content=\"Endodonzia \u2013 cura dei canali radicolari - Stomatolo\u0161ka ordinacija dr. Jurica Hodak, Rijeka\" \/>\n<meta property=\"og:description\" content=\"Endodonzia \u2013 cura dei canali radicolari \u00e8 un servizio che eseguiamo con l&#039;ausilio di un apparecchio ed \u00e8 completamente indolore e viene eseguito in anestesia locale\" \/>\n<meta property=\"og:url\" content=\"https:\/\/juricahodak.hr\/usluge\/endodoncija-lijecenje-korijenskih-kanala\/\" \/>\n<meta property=\"og:site_name\" content=\"Stomatolo\u0161ka ordinacija dr. Jurica Hodak, Rijeka\" \/>\n<meta property=\"article:modified_time\" content=\"2024-10-01T12:33:34+00:00\" \/>\n<meta name=\"twitter:card\" content=\"summary_large_image\" \/>\n<meta name=\"twitter:label1\" content=\"Est. reading time\" \/>\n\t<meta name=\"twitter:data1\" content=\"2 minutes\" \/>\n<script type=\"application\/ld+json\" class=\"yoast-schema-graph\">{\"@context\":\"https:\/\/schema.org\",\"@graph\":[{\"@type\":\"WebPage\",\"@id\":\"https:\/\/juricahodak.hr\/usluge\/endodoncija-lijecenje-korijenskih-kanala\/\",\"url\":\"https:\/\/juricahodak.hr\/usluge\/endodoncija-lijecenje-korijenskih-kanala\/\",\"name\":\"Endodonzia \u2013 cura dei canali radicolari - Stomatolo\u0161ka ordinacija dr. Jurica Hodak, Rijeka\",\"isPartOf\":{\"@id\":\"https:\/\/juricahodak.hr\/#website\"},\"datePublished\":\"2024-10-01T12:33:09+00:00\",\"dateModified\":\"2024-10-01T12:33:34+00:00\",\"description\":\"Endodonzia \u2013 cura dei canali radicolari \u00e8 un servizio che eseguiamo con l'ausilio di un apparecchio ed \u00e8 completamente indolore e viene eseguito in anestesia locale\",\"breadcrumb\":{\"@id\":\"https:\/\/juricahodak.hr\/usluge\/endodoncija-lijecenje-korijenskih-kanala\/#breadcrumb\"},\"inLanguage\":\"it-IT\",\"potentialAction\":[{\"@type\":\"ReadAction\",\"target\":[\"https:\/\/juricahodak.hr\/usluge\/endodoncija-lijecenje-korijenskih-kanala\/\"]}]},{\"@type\":\"BreadcrumbList\",\"@id\":\"https:\/\/juricahodak.hr\/usluge\/endodoncija-lijecenje-korijenskih-kanala\/#breadcrumb\",\"itemListElement\":[{\"@type\":\"ListItem\",\"position\":1,\"name\":\"Po\u010detna stranica\",\"item\":\"https:\/\/juricahodak.hr\/it\/stomatoloska-ordinacija-hodak\/\"},{\"@type\":\"ListItem\",\"position\":2,\"name\":\"Servizi\",\"item\":\"https:\/\/juricahodak.hr\/usluge\/\"},{\"@type\":\"ListItem\",\"position\":3,\"name\":\"Endodonzia \u2013 cura dei canali radicolari\"}]},{\"@type\":\"WebSite\",\"@id\":\"https:\/\/juricahodak.hr\/#website\",\"url\":\"https:\/\/juricahodak.hr\/\",\"name\":\"Stomatolo\u0161ka ordinacija dr. Jurica Hodak, Rijeka\",\"description\":\"Va\u0161 stomatolog - Potpuno posve\u0107eni vama\",\"potentialAction\":[{\"@type\":\"SearchAction\",\"target\":{\"@type\":\"EntryPoint\",\"urlTemplate\":\"https:\/\/juricahodak.hr\/?s={search_term_string}\"},\"query-input\":{\"@type\":\"PropertyValueSpecification\",\"valueRequired\":true,\"valueName\":\"search_term_string\"}}],\"inLanguage\":\"it-IT\"}]}<\/script>\n<!-- \/ Yoast SEO plugin. -->","yoast_head_json":{"title":"Endodonzia \u2013 cura dei canali radicolari - Stomatolo\u0161ka ordinacija dr. Jurica Hodak, Rijeka","description":"Endodonzia \u2013 cura dei canali radicolari \u00e8 un servizio che eseguiamo con l'ausilio di un apparecchio ed \u00e8 completamente indolore e viene eseguito in anestesia locale","robots":{"index":"index","follow":"follow","max-snippet":"max-snippet:-1","max-image-preview":"max-image-preview:large","max-video-preview":"max-video-preview:-1"},"canonical":"https:\/\/juricahodak.hr\/usluge\/endodoncija-lijecenje-korijenskih-kanala\/","og_locale":"it_IT","og_type":"article","og_title":"Endodonzia \u2013 cura dei canali radicolari - Stomatolo\u0161ka ordinacija dr. Jurica Hodak, Rijeka","og_description":"Endodonzia \u2013 cura dei canali radicolari \u00e8 un servizio che eseguiamo con l'ausilio di un apparecchio ed \u00e8 completamente indolore e viene eseguito in anestesia locale","og_url":"https:\/\/juricahodak.hr\/usluge\/endodoncija-lijecenje-korijenskih-kanala\/","og_site_name":"Stomatolo\u0161ka ordinacija dr. Jurica Hodak, Rijeka","article_modified_time":"2024-10-01T12:33:34+00:00","twitter_card":"summary_large_image","twitter_misc":{"Est. reading time":"2 minutes"},"schema":{"@context":"https:\/\/schema.org","@graph":[{"@type":"WebPage","@id":"https:\/\/juricahodak.hr\/usluge\/endodoncija-lijecenje-korijenskih-kanala\/","url":"https:\/\/juricahodak.hr\/usluge\/endodoncija-lijecenje-korijenskih-kanala\/","name":"Endodonzia \u2013 cura dei canali radicolari - Stomatolo\u0161ka ordinacija dr. Jurica Hodak, Rijeka","isPartOf":{"@id":"https:\/\/juricahodak.hr\/#website"},"datePublished":"2024-10-01T12:33:09+00:00","dateModified":"2024-10-01T12:33:34+00:00","description":"Endodonzia \u2013 cura dei canali radicolari \u00e8 un servizio che eseguiamo con l'ausilio di un apparecchio ed \u00e8 completamente indolore e viene eseguito in anestesia locale","breadcrumb":{"@id":"https:\/\/juricahodak.hr\/usluge\/endodoncija-lijecenje-korijenskih-kanala\/#breadcrumb"},"inLanguage":"it-IT","potentialAction":[{"@type":"ReadAction","target":["https:\/\/juricahodak.hr\/usluge\/endodoncija-lijecenje-korijenskih-kanala\/"]}]},{"@type":"BreadcrumbList","@id":"https:\/\/juricahodak.hr\/usluge\/endodoncija-lijecenje-korijenskih-kanala\/#breadcrumb","itemListElement":[{"@type":"ListItem","position":1,"name":"Po\u010detna stranica","item":"https:\/\/juricahodak.hr\/it\/stomatoloska-ordinacija-hodak\/"},{"@type":"ListItem","position":2,"name":"Servizi","item":"https:\/\/juricahodak.hr\/usluge\/"},{"@type":"ListItem","position":3,"name":"Endodonzia \u2013 cura dei canali radicolari"}]},{"@type":"WebSite","@id":"https:\/\/juricahodak.hr\/#website","url":"https:\/\/juricahodak.hr\/","name":"Stomatolo\u0161ka ordinacija dr. Jurica Hodak, Rijeka","description":"Va\u0161 stomatolog - Potpuno posve\u0107eni vama","potentialAction":[{"@type":"SearchAction","target":{"@type":"EntryPoint","urlTemplate":"https:\/\/juricahodak.hr\/?s={search_term_string}"},"query-input":{"@type":"PropertyValueSpecification","valueRequired":true,"valueName":"search_term_string"}}],"inLanguage":"it-IT"}]}},"_links":{"self":[{"href":"https:\/\/juricahodak.hr\/it\/wp-json\/wp\/v2\/pages\/1254","targetHints":{"allow":["GET"]}}],"collection":[{"href":"https:\/\/juricahodak.hr\/it\/wp-json\/wp\/v2\/pages"}],"about":[{"href":"https:\/\/juricahodak.hr\/it\/wp-json\/wp\/v2\/types\/page"}],"author":[{"embeddable":true,"href":"https:\/\/juricahodak.hr\/it\/wp-json\/wp\/v2\/users\/2"}],"replies":[{"embeddable":true,"href":"https:\/\/juricahodak.hr\/it\/wp-json\/wp\/v2\/comments?post=1254"}],"version-history":[{"count":2,"href":"https:\/\/juricahodak.hr\/it\/wp-json\/wp\/v2\/pages\/1254\/revisions"}],"predecessor-version":[{"id":1256,"href":"https:\/\/juricahodak.hr\/it\/wp-json\/wp\/v2\/pages\/1254\/revisions\/1256"}],"up":[{"embeddable":true,"href":"https:\/\/juricahodak.hr\/it\/wp-json\/wp\/v2\/pages\/1243"}],"wp:attachment":[{"href":"https:\/\/juricahodak.hr\/it\/wp-json\/wp\/v2\/media?parent=1254"}],"curies":[{"name":"wp","href":"https:\/\/api.w.org\/{rel}","templated":true}]}}