{"id":1246,"date":"2024-10-01T13:39:00","date_gmt":"2024-10-01T11:39:00","guid":{"rendered":"https:\/\/juricahodak.hr\/all-on-4-all-on-6\/"},"modified":"2024-10-02T12:03:55","modified_gmt":"2024-10-02T10:03:55","slug":"all-on-4-all-on-6","status":"publish","type":"page","link":"https:\/\/juricahodak.hr\/it\/all-on-4-all-on-6\/","title":{"rendered":"All On 4 All On 6"},"content":{"rendered":"<p>[et_pb_section fb_built=&#8221;1&#8243; _builder_version=&#8221;4.16&#8243; _module_preset=&#8221;default&#8221; global_colors_info=&#8221;{}&#8221;][et_pb_row column_structure=&#8221;1_2,1_2&#8243; _builder_version=&#8221;4.16&#8243; _module_preset=&#8221;cd1cd370-4a9a-47e5-86af-210816d17eb0&#8243; global_colors_info=&#8221;{}&#8221;][et_pb_column type=&#8221;1_2&#8243; _builder_version=&#8221;4.16&#8243; _module_preset=&#8221;default&#8221; global_colors_info=&#8221;{}&#8221;][et_pb_text _builder_version=&#8221;4.16&#8243; _module_preset=&#8221;default&#8221; global_colors_info=&#8221;{}&#8221;]<\/p>\n<p>Se soffrite di malattia parodontale, atrofia ossea o avete perso i denti per qualche altra ragione, cercando una soluzione al vostro problema dentale, probabilmente avrete sentito parlare degli impianti dentali (una tecnologia odontoiatrica relativamente nuova e rivoluzionaria). Probabilmente siete rimasti delusi dal fatto che gli impianti da soli non sono una soluzione magica per il vostro specifico problema dentale. Le procedure spesso richiedono l&#8217;inserimento di un gran numero di impianti, il che rende l&#8217;intervento costoso, e tale operazione pu\u00f2 essere dolorosa, con un periodo di recupero di diversi mesi. La verit\u00e0 \u00e8 che gli impianti dentali separati per la restaurazione dell&#8217;arcata completa comportano procedure piuttosto lunghe e complesse (in alcuni casi anche con innesti o fresatura delle ossa!).   <\/p>\n<p>Probabilmente anche le protesi dentarie tradizionali vi sembrano una soluzione insoddisfacente. Sinceramente, le protesi vengono utilizzate solo in caso di necessit\u00e0 e possono essere ingombranti, instabili o inadatte per la masticazione normale. Pochi desiderano portare una protesi per sempre.  <\/p>\n<p>Fortunatamente, viviamo in un&#8217;epoca di entusiasmanti innovazioni mediche e tecnologiche, quindi la vostra \u201csoluzione definitiva\u201d non deve essere \u201ccentinaia\u201d di impianti parziali o una protesi dentale. Il metodo che vi serve si chiama: <strong>All on 4 (Tutto su 4)<\/strong>. <\/p>\n<p>[\/et_pb_text][\/et_pb_column][et_pb_column type=&#8221;1_2&#8243; _builder_version=&#8221;4.16&#8243; _module_preset=&#8221;default&#8221; global_colors_info=&#8221;{}&#8221;][et_pb_image src=&#8221;https:\/\/juricahodak.hr\/web\/wp-content\/uploads\/2021\/08\/jurica_hodak_galerija_big-25-1024&#215;682.jpg&#8221; title_text=&#8221;jurica_hodak_galerija_big-25&#8243; _builder_version=&#8221;4.16&#8243; _module_preset=&#8221;default&#8221; global_colors_info=&#8221;{}&#8221;][\/et_pb_image][\/et_pb_column][\/et_pb_row][et_pb_row column_structure=&#8221;1_2,1_2&#8243; _builder_version=&#8221;4.16&#8243; _module_preset=&#8221;cd1cd370-4a9a-47e5-86af-210816d17eb0&#8243; global_colors_info=&#8221;{}&#8221;][et_pb_column type=&#8221;1_2&#8243; _builder_version=&#8221;4.16&#8243; _module_preset=&#8221;default&#8221; global_colors_info=&#8221;{}&#8221;][et_pb_image src=&#8221;https:\/\/juricahodak.hr\/web\/wp-content\/uploads\/2021\/08\/jurica_hodak_galerija_big-21-1024&#215;682.jpg&#8221; title_text=&#8221;jurica_hodak_galerija_big-21&#8243; _builder_version=&#8221;4.16&#8243; _module_preset=&#8221;default&#8221; global_colors_info=&#8221;{}&#8221;][\/et_pb_image][\/et_pb_column][et_pb_column type=&#8221;1_2&#8243; _builder_version=&#8221;4.16&#8243; _module_preset=&#8221;default&#8221; global_colors_info=&#8221;{}&#8221;][et_pb_text _builder_version=&#8221;4.16&#8243; _module_preset=&#8221;default&#8221; global_colors_info=&#8221;{}&#8221;]<\/p>\n<h1>All On 4<\/h1>\n<p><strong>All on 4<\/strong>, come suggerisce il nome in inglese, prevede l&#8217;inserimento di 4 impianti nelle ossa mascellari (superiore e\/o inferiore). Su questi impianti viene fissato un ponte protesico completo. \u00c8 impressionante che solo 4 impianti possano sostenere un&#8217;arcata completa, ma la loro posizione e la qualit\u00e0 degli impianti stessi lo rendono possibile.  <\/p>\n<p>I vostri nuovi denti protesici permanenti avranno l&#8217;aspetto e la funzionalit\u00e0 di quelli naturali, il che significa che li manterrete igienicamente come i denti veri. Non dovrete pi\u00f9 preoccuparvi: posso masticare questo? Il cibo solido torner\u00e0 di nuovo nel vostro piatto e un sorriso giovanile nello specchio. Il ritorno alla normale funzionalit\u00e0 della cavit\u00e0 orale senza interventi di fresatura o allungamento osseo, che era spesso inevitabile per le persone senza denti naturali.  <\/p>\n<p>Prima di spiegare come funziona il tutto, ricordiamo cos&#8217;\u00e8 un impianto dentale. Un impianto dentale \u00e8 un piccolo pezzo (principalmente) di titanio a forma di vite avvitato nell&#8217;osso mascellare sotto la gengiva e serve come sostituto della radice del dente mancante. Poich\u00e9 sono realizzati con materiali come il titanio, gli impianti hanno la capacit\u00e0 unica di integrarsi con l&#8217;osso. Dopo che gli impianti vengono inseriti nell&#8217;osso mascellare durante una procedura chirurgica, su di essi possono essere fissati ponti fissi (protesi).   <\/p>\n<p><strong>Il metodo All on 4<\/strong> ha permesso di ridurre i tempi e la complessit\u00e0 del processo di ripristino della funzionalit\u00e0 dei denti e delle mascelle. Ad esempio, il ponte viene applicato subito dopo l&#8217;inserimento degli impianti. Una particolarit\u00e0 del metodo <strong>All on 4<\/strong> \u00e8 che esclude la necessit\u00e0 di un intervento di rialzo del seno mascellare (in caso di seni paranasali abbassati) poich\u00e9 gli impianti laterali sono ora posizionati ad un angolo inferiore a 45 gradi per evitare l&#8217;area del seno abbassato. Il metodo <strong>All on 4<\/strong> ridurr\u00e0 i tempi e i costi dell&#8217;operazione e la procedura \u00e8 meno dolorosa rispetto ai metodi pi\u00f9 vecchi.  <\/p>\n<p>L&#8217;intera operazione \u00e8 tecnicamente fattibile in un solo giorno con solo pochi tagli.<\/p>\n<p>[\/et_pb_text][\/et_pb_column][\/et_pb_row][et_pb_row column_structure=&#8221;1_2,1_2&#8243; _builder_version=&#8221;4.16&#8243; _module_preset=&#8221;cd1cd370-4a9a-47e5-86af-210816d17eb0&#8243; global_colors_info=&#8221;{}&#8221;][et_pb_column type=&#8221;1_2&#8243; _builder_version=&#8221;4.16&#8243; _module_preset=&#8221;default&#8221; global_colors_info=&#8221;{}&#8221;][et_pb_text _builder_version=&#8221;4.16&#8243; _module_preset=&#8221;default&#8221; global_colors_info=&#8221;{}&#8221;]<\/p>\n<h1>All On 6<\/h1>\n<p><strong>All on 6<\/strong> \u00e8 una procedura chirurgica protesica per l&#8217;implementazione di un ponte dentale su soli sei impianti. \u00c8 una variante simile alla tecnica <strong>All on 4<\/strong>, ma invece di inserire quattro impianti, sei impianti vengono posizionati nelle aree con uno spessore osseo adeguato. \u00c8 progettato per utilizzare solo sei impianti, pronti per l&#8217;inserimento simultaneo e l&#8217;implementazione del ponte dentale.  <\/p>\n<p>La differenza rispetto alla procedura <strong>All on 4<\/strong> \u00e8 che i due impianti dentali aggiuntivi possono essere inseriti nell&#8217;area del seno mascellare se c&#8217;\u00e8 abbastanza osso. In caso contrario, si raccomanda la procedura <strong>All on 4<\/strong>. Un&#8217;alternativa sono due procedure di rialzo del seno mascellare, relativamente lunghe e complicate. <\/p>\n<p>[\/et_pb_text][\/et_pb_column][et_pb_column type=&#8221;1_2&#8243; _builder_version=&#8221;4.16&#8243; _module_preset=&#8221;default&#8221; global_colors_info=&#8221;{}&#8221;][et_pb_image src=&#8221;https:\/\/juricahodak.hr\/web\/wp-content\/uploads\/2021\/08\/jurica_hodak_galerija_big-53-1024&#215;682.jpg&#8221; title_text=&#8221;jurica_hodak_galerija_big-53&#8243; _builder_version=&#8221;4.16&#8243; _module_preset=&#8221;default&#8221; global_colors_info=&#8221;{}&#8221;][\/et_pb_image][\/et_pb_column][\/et_pb_row][\/et_pb_section]<\/p>\n","protected":false},"excerpt":{"rendered":"<p>Nella nostra pratica applichiamo il metodo riparativo All on 4. I tempi ridotti della procedura e l\u2019installazione di soli 4 impianti in grado di supportare l\u2019intera struttura riparativa rappresentano un grande vantaggio di questa procedura. All on 4 prevede l&#8217;inserimento di 4 impianti nell&#8217;osso mascellare e durante la stessa procedura chirurgica \u00e8 possibile fissarvi dei ponti fissi (protesi). L&#8217;intera operazione \u00e8 tecnicamente fattibile in un giorno, con solo poche incisioni.   <\/p>\n","protected":false},"author":2,"featured_media":0,"parent":0,"menu_order":0,"comment_status":"closed","ping_status":"closed","template":"","meta":{"_et_pb_use_builder":"on","_et_pb_old_content":"","_et_gb_content_width":"","inline_featured_image":false,"footnotes":""},"class_list":["post-1246","page","type-page","status-publish","hentry"],"yoast_head":"<!-- This site is optimized with the Yoast SEO plugin v24.1 - https:\/\/yoast.com\/wordpress\/plugins\/seo\/ -->\n<title>All On 4 All On 6 - Stomatolo\u0161ka ordinacija dr. Jurica Hodak, Rijeka<\/title>\n<meta name=\"description\" content=\"All on 4 All on 6 accorcia i tempi della procedura installando solo 4 impianti, realizza l&#039;intera costruzione riparativa e pu\u00f2 essere installato in 1 giorno.\" \/>\n<meta name=\"robots\" content=\"index, follow, max-snippet:-1, max-image-preview:large, max-video-preview:-1\" \/>\n<link rel=\"canonical\" href=\"https:\/\/juricahodak.hr\/it\/all-on-4-all-on-6\/\" \/>\n<meta property=\"og:locale\" content=\"it_IT\" \/>\n<meta property=\"og:type\" content=\"article\" \/>\n<meta property=\"og:title\" content=\"All On 4 All On 6 - Stomatolo\u0161ka ordinacija dr. Jurica Hodak, Rijeka\" \/>\n<meta property=\"og:description\" content=\"All on 4 All on 6 accorcia i tempi della procedura installando solo 4 impianti, realizza l&#039;intera costruzione riparativa e pu\u00f2 essere installato in 1 giorno.\" \/>\n<meta property=\"og:url\" content=\"https:\/\/juricahodak.hr\/it\/all-on-4-all-on-6\/\" \/>\n<meta property=\"og:site_name\" content=\"Stomatolo\u0161ka ordinacija dr. Jurica Hodak, Rijeka\" \/>\n<meta property=\"article:modified_time\" content=\"2024-10-02T10:03:55+00:00\" \/>\n<meta name=\"twitter:card\" content=\"summary_large_image\" \/>\n<meta name=\"twitter:label1\" content=\"Est. reading time\" \/>\n\t<meta name=\"twitter:data1\" content=\"5 minutes\" \/>\n<script type=\"application\/ld+json\" class=\"yoast-schema-graph\">{\"@context\":\"https:\/\/schema.org\",\"@graph\":[{\"@type\":\"WebPage\",\"@id\":\"https:\/\/juricahodak.hr\/it\/all-on-4-all-on-6\/\",\"url\":\"https:\/\/juricahodak.hr\/it\/all-on-4-all-on-6\/\",\"name\":\"All On 4 All On 6 - Stomatolo\u0161ka ordinacija dr. Jurica Hodak, Rijeka\",\"isPartOf\":{\"@id\":\"https:\/\/juricahodak.hr\/#website\"},\"datePublished\":\"2024-10-01T11:39:00+00:00\",\"dateModified\":\"2024-10-02T10:03:55+00:00\",\"description\":\"All on 4 All on 6 accorcia i tempi della procedura installando solo 4 impianti, realizza l'intera costruzione riparativa e pu\u00f2 essere installato in 1 giorno.\",\"breadcrumb\":{\"@id\":\"https:\/\/juricahodak.hr\/it\/all-on-4-all-on-6\/#breadcrumb\"},\"inLanguage\":\"it-IT\",\"potentialAction\":[{\"@type\":\"ReadAction\",\"target\":[\"https:\/\/juricahodak.hr\/it\/all-on-4-all-on-6\/\"]}]},{\"@type\":\"BreadcrumbList\",\"@id\":\"https:\/\/juricahodak.hr\/it\/all-on-4-all-on-6\/#breadcrumb\",\"itemListElement\":[{\"@type\":\"ListItem\",\"position\":1,\"name\":\"Po\u010detna stranica\",\"item\":\"https:\/\/juricahodak.hr\/it\/stomatoloska-ordinacija-hodak\/\"},{\"@type\":\"ListItem\",\"position\":2,\"name\":\"All On 4 All On 6\"}]},{\"@type\":\"WebSite\",\"@id\":\"https:\/\/juricahodak.hr\/#website\",\"url\":\"https:\/\/juricahodak.hr\/\",\"name\":\"Stomatolo\u0161ka ordinacija dr. Jurica Hodak, Rijeka\",\"description\":\"Va\u0161 stomatolog - Potpuno posve\u0107eni vama\",\"potentialAction\":[{\"@type\":\"SearchAction\",\"target\":{\"@type\":\"EntryPoint\",\"urlTemplate\":\"https:\/\/juricahodak.hr\/?s={search_term_string}\"},\"query-input\":{\"@type\":\"PropertyValueSpecification\",\"valueRequired\":true,\"valueName\":\"search_term_string\"}}],\"inLanguage\":\"it-IT\"}]}<\/script>\n<!-- \/ Yoast SEO plugin. -->","yoast_head_json":{"title":"All On 4 All On 6 - Stomatolo\u0161ka ordinacija dr. Jurica Hodak, Rijeka","description":"All on 4 All on 6 accorcia i tempi della procedura installando solo 4 impianti, realizza l'intera costruzione riparativa e pu\u00f2 essere installato in 1 giorno.","robots":{"index":"index","follow":"follow","max-snippet":"max-snippet:-1","max-image-preview":"max-image-preview:large","max-video-preview":"max-video-preview:-1"},"canonical":"https:\/\/juricahodak.hr\/it\/all-on-4-all-on-6\/","og_locale":"it_IT","og_type":"article","og_title":"All On 4 All On 6 - Stomatolo\u0161ka ordinacija dr. Jurica Hodak, Rijeka","og_description":"All on 4 All on 6 accorcia i tempi della procedura installando solo 4 impianti, realizza l'intera costruzione riparativa e pu\u00f2 essere installato in 1 giorno.","og_url":"https:\/\/juricahodak.hr\/it\/all-on-4-all-on-6\/","og_site_name":"Stomatolo\u0161ka ordinacija dr. Jurica Hodak, Rijeka","article_modified_time":"2024-10-02T10:03:55+00:00","twitter_card":"summary_large_image","twitter_misc":{"Est. reading time":"5 minutes"},"schema":{"@context":"https:\/\/schema.org","@graph":[{"@type":"WebPage","@id":"https:\/\/juricahodak.hr\/it\/all-on-4-all-on-6\/","url":"https:\/\/juricahodak.hr\/it\/all-on-4-all-on-6\/","name":"All On 4 All On 6 - Stomatolo\u0161ka ordinacija dr. Jurica Hodak, Rijeka","isPartOf":{"@id":"https:\/\/juricahodak.hr\/#website"},"datePublished":"2024-10-01T11:39:00+00:00","dateModified":"2024-10-02T10:03:55+00:00","description":"All on 4 All on 6 accorcia i tempi della procedura installando solo 4 impianti, realizza l'intera costruzione riparativa e pu\u00f2 essere installato in 1 giorno.","breadcrumb":{"@id":"https:\/\/juricahodak.hr\/it\/all-on-4-all-on-6\/#breadcrumb"},"inLanguage":"it-IT","potentialAction":[{"@type":"ReadAction","target":["https:\/\/juricahodak.hr\/it\/all-on-4-all-on-6\/"]}]},{"@type":"BreadcrumbList","@id":"https:\/\/juricahodak.hr\/it\/all-on-4-all-on-6\/#breadcrumb","itemListElement":[{"@type":"ListItem","position":1,"name":"Po\u010detna stranica","item":"https:\/\/juricahodak.hr\/it\/stomatoloska-ordinacija-hodak\/"},{"@type":"ListItem","position":2,"name":"All On 4 All On 6"}]},{"@type":"WebSite","@id":"https:\/\/juricahodak.hr\/#website","url":"https:\/\/juricahodak.hr\/","name":"Stomatolo\u0161ka ordinacija dr. Jurica Hodak, Rijeka","description":"Va\u0161 stomatolog - Potpuno posve\u0107eni vama","potentialAction":[{"@type":"SearchAction","target":{"@type":"EntryPoint","urlTemplate":"https:\/\/juricahodak.hr\/?s={search_term_string}"},"query-input":{"@type":"PropertyValueSpecification","valueRequired":true,"valueName":"search_term_string"}}],"inLanguage":"it-IT"}]}},"_links":{"self":[{"href":"https:\/\/juricahodak.hr\/it\/wp-json\/wp\/v2\/pages\/1246","targetHints":{"allow":["GET"]}}],"collection":[{"href":"https:\/\/juricahodak.hr\/it\/wp-json\/wp\/v2\/pages"}],"about":[{"href":"https:\/\/juricahodak.hr\/it\/wp-json\/wp\/v2\/types\/page"}],"author":[{"embeddable":true,"href":"https:\/\/juricahodak.hr\/it\/wp-json\/wp\/v2\/users\/2"}],"replies":[{"embeddable":true,"href":"https:\/\/juricahodak.hr\/it\/wp-json\/wp\/v2\/comments?post=1246"}],"version-history":[{"count":6,"href":"https:\/\/juricahodak.hr\/it\/wp-json\/wp\/v2\/pages\/1246\/revisions"}],"predecessor-version":[{"id":1353,"href":"https:\/\/juricahodak.hr\/it\/wp-json\/wp\/v2\/pages\/1246\/revisions\/1353"}],"wp:attachment":[{"href":"https:\/\/juricahodak.hr\/it\/wp-json\/wp\/v2\/media?parent=1246"}],"curies":[{"name":"wp","href":"https:\/\/api.w.org\/{rel}","templated":true}]}}