{"id":1226,"date":"2024-10-01T13:19:24","date_gmt":"2024-10-01T11:19:24","guid":{"rendered":"https:\/\/juricahodak.hr\/regole-sulla-privacy\/"},"modified":"2024-10-01T13:19:27","modified_gmt":"2024-10-01T11:19:27","slug":"regole-sulla-privacy","status":"publish","type":"page","link":"https:\/\/juricahodak.hr\/it\/regole-sulla-privacy\/","title":{"rendered":"Regole sulla privacy"},"content":{"rendered":"<p>[et_pb_section fb_built=&#8221;1&#8243; _builder_version=&#8221;3.22&#8243; global_colors_info=&#8221;{}&#8221;][et_pb_row _builder_version=&#8221;4.9.7&#8243; _module_preset=&#8221;cd1cd370-4a9a-47e5-86af-210816d17eb0&#8243; global_colors_info=&#8221;{}&#8221;][et_pb_column type=&#8221;4_4&#8243; _builder_version=&#8221;3.25&#8243; custom_padding=&#8221;|||&#8221; global_colors_info=&#8221;{}&#8221; custom_padding__hover=&#8221;|||&#8221;][et_pb_text _builder_version=&#8221;4.9.7&#8243; background_size=&#8221;initial&#8221; background_position=&#8221;top_left&#8221; background_repeat=&#8221;repeat&#8221; global_colors_info=&#8221;{}&#8221;]I dati personali inseriti dai visitatori al momento della registrazione o dell&#8217;invio di domande tramite il modulo di contatto su questo sito web, inviando una richiesta tramite e-mail all&#8217;indirizzo <a href=\"mailto:jurica.hodak@gmail.com\">jurica.hodak@gmail.com<\/a> o consegnati di persona presso lo<strong> Studio di Medicina Dentale Jurica Hodak, dr. med. dent<\/strong>, tramite posta ordinaria all&#8217;indirizzo <strong>Studio di Medicina Dentale Jurica Hodak, dr. med. dent<\/strong>, Osje\u010dka 74\/A1, 51000 Fiume, sono utilizzati esclusivamente per la futura comunicazione tra lo <strong>Studio di Medicina Dentale Jurica Hodak, dr. med. dent<\/strong> e la persona che ha inviato la richiesta, in relazione alla questione della richiesta o domanda presentata.<br \/>L&#8217;invio dei dati personali \u00e8 volontario e costituisce il consenso del mittente all&#8217;uso degli stessi per la comunicazione tra lo <strong>Studio di Medicina Dentale Jurica Hodak, dr. med. dent<\/strong> e il mittente, in merito alla risoluzione della questione richiesta.<\/p>\n<p>I dati sono archiviati nel database dello <strong>Studio di Medicina Dentale Jurica Hodak, dr. med. dent<\/strong> e sono conservati in conformit\u00e0 con il Regolamento Generale sulla Protezione dei Dati [GDPR (UE) 2016\/679].<br \/>Lo <strong>Studio di Medicina Dentale Jurica Hodak, dr. med. dent<\/strong> non divulgher\u00e0 i dati personali a terzi, a meno che non sia richiesto dalla legge.<br \/>Lo <strong>Studio di Medicina Dentale Jurica Hodak, dr. med. dent<\/strong> ha adottato misure fisiche, tecniche e organizzative per prevenire violazioni dei dati personali, come la perdita o il danneggiamento, l&#8217;accesso non autorizzato, la modifica o il trattamento dei dati personali. Sono state introdotte misure di sicurezza per impedire l&#8217;accesso non autorizzato ai dati personali e per garantire la sicurezza dei dati personali conservati o trasmessi, in modo che non possano essere letti, copiati, modificati, persi o eliminati senza autorizzazione. Lo <strong>Studio di Medicina Dentale Jurica Hodak, dr. med. dent<\/strong> conserva i dati personali solo per il tempo strettamente necessario.<\/p>\n<p>Il mittente dei dati ha il diritto di richiedere allo <strong>Studio di Medicina Dentale Jurica Hodak, dr. med. dent<\/strong> l&#8217;accesso, la rettifica o la cancellazione dei dati personali e ha il diritto di limitare il trattamento dei dati personali che lo riguardano, di opporsi a tale trattamento e di richiedere la portabilit\u00e0 dei dati, il tutto in conformit\u00e0 con il Regolamento Generale sulla Protezione dei Dati [GDPR (UE) 2016\/679].<\/p>\n<p>Le richieste relative all&#8217;esercizio di tali diritti devono essere inviate all&#8217;indirizzo: <a href=\"mailto:jurica.hodak@gmail.com\">jurica.hodak@gmail.com<\/a><br \/>Lo <strong>Studio di Medicina Dentale Jurica Hodak, dr. med. dent<\/strong> si riserva il diritto di utilizzare i cookie sui propri siti web.<\/p>\n<p>Un cookie \u00e8 un&#8217;informazione che il sito web memorizza sul computer del visitatore. I cookie sui siti web memorizzano le impostazioni relative alla personalizzazione del sito web per il singolo visitatore, come la lingua preferita o l&#8217;indirizzo. Quando lo stesso sito web viene aperto di nuovo, il browser invia i dati dai cookie relativi a quel sito. I siti web che utilizzano i cookie non possono accedere alle informazioni non fornite e non possono accedere ad altri file sul computer del visitatore.<\/p>\n<p>Il visitatore pu\u00f2 autonomamente vietare la memorizzazione dei cookie sul proprio computer o eliminarli. Le impostazioni dei cookie possono essere controllate e configurate nelle impostazioni del browser.<\/p>\n<p>Se ritengono che i loro diritti relativi alla protezione dei dati personali siano stati violati, le persone che hanno volontariamente fornito i propri dati allo <strong>Studio di Medicina Dentale Jurica Hodak, dr. med. dent<\/strong> possono presentare un reclamo all&#8217;Agenzia per la Protezione dei Dati Personali.[\/et_pb_text][\/et_pb_column][\/et_pb_row][\/et_pb_section]<\/p>\n","protected":false},"excerpt":{"rendered":"<p>I dati personali inseriti dai visitatori al momento della registrazione o dell&#8217;invio di domande tramite il modulo di contatto su questo sito web, inviando una richiesta tramite e-mail all&#8217;indirizzo jurica.hodak@gmail.com o consegnati di persona presso lo Studio di Medicina Dentale Jurica Hodak, dr. med. dent, tramite posta ordinaria all&#8217;indirizzo Studio di Medicina Dentale Jurica Hodak, [&hellip;]<\/p>\n","protected":false},"author":2,"featured_media":0,"parent":0,"menu_order":0,"comment_status":"closed","ping_status":"closed","template":"","meta":{"_et_pb_use_builder":"on","_et_pb_old_content":"","_et_gb_content_width":"","inline_featured_image":false,"footnotes":""},"class_list":["post-1226","page","type-page","status-publish","hentry"],"yoast_head":"<!-- This site is optimized with the Yoast SEO plugin v24.1 - https:\/\/yoast.com\/wordpress\/plugins\/seo\/ -->\n<title>Regole sulla privacy - Stomatolo\u0161ka ordinacija dr. Jurica Hodak, Rijeka<\/title>\n<meta name=\"description\" content=\"Regole sulla privacy garantire che i dati personali che i visitatori inseriscono nel sito vengono utilizzati esclusivamente per la comunicazione con lo Studio\" \/>\n<meta name=\"robots\" content=\"index, follow, max-snippet:-1, max-image-preview:large, max-video-preview:-1\" \/>\n<link rel=\"canonical\" href=\"https:\/\/juricahodak.hr\/pravila-privatnosti\/\" \/>\n<meta property=\"og:locale\" content=\"it_IT\" \/>\n<meta property=\"og:type\" content=\"article\" \/>\n<meta property=\"og:title\" content=\"Regole sulla privacy - Stomatolo\u0161ka ordinacija dr. Jurica Hodak, Rijeka\" \/>\n<meta property=\"og:description\" content=\"Regole sulla privacy garantire che i dati personali che i visitatori inseriscono nel sito vengono utilizzati esclusivamente per la comunicazione con lo Studio\" \/>\n<meta property=\"og:url\" content=\"https:\/\/juricahodak.hr\/pravila-privatnosti\/\" \/>\n<meta property=\"og:site_name\" content=\"Stomatolo\u0161ka ordinacija dr. Jurica Hodak, Rijeka\" \/>\n<meta property=\"article:modified_time\" content=\"2024-10-01T11:19:27+00:00\" \/>\n<meta name=\"twitter:card\" content=\"summary_large_image\" \/>\n<meta name=\"twitter:label1\" content=\"Est. reading time\" \/>\n\t<meta name=\"twitter:data1\" content=\"3 minutes\" \/>\n<script type=\"application\/ld+json\" class=\"yoast-schema-graph\">{\"@context\":\"https:\/\/schema.org\",\"@graph\":[{\"@type\":\"WebPage\",\"@id\":\"https:\/\/juricahodak.hr\/pravila-privatnosti\/\",\"url\":\"https:\/\/juricahodak.hr\/pravila-privatnosti\/\",\"name\":\"Regole sulla privacy - Stomatolo\u0161ka ordinacija dr. Jurica Hodak, Rijeka\",\"isPartOf\":{\"@id\":\"https:\/\/juricahodak.hr\/#website\"},\"datePublished\":\"2024-10-01T11:19:24+00:00\",\"dateModified\":\"2024-10-01T11:19:27+00:00\",\"description\":\"Regole sulla privacy garantire che i dati personali che i visitatori inseriscono nel sito vengono utilizzati esclusivamente per la comunicazione con lo Studio\",\"breadcrumb\":{\"@id\":\"https:\/\/juricahodak.hr\/pravila-privatnosti\/#breadcrumb\"},\"inLanguage\":\"it-IT\",\"potentialAction\":[{\"@type\":\"ReadAction\",\"target\":[\"https:\/\/juricahodak.hr\/pravila-privatnosti\/\"]}]},{\"@type\":\"BreadcrumbList\",\"@id\":\"https:\/\/juricahodak.hr\/pravila-privatnosti\/#breadcrumb\",\"itemListElement\":[{\"@type\":\"ListItem\",\"position\":1,\"name\":\"Po\u010detna stranica\",\"item\":\"https:\/\/juricahodak.hr\/it\/stomatoloska-ordinacija-hodak\/\"},{\"@type\":\"ListItem\",\"position\":2,\"name\":\"Regole sulla privacy\"}]},{\"@type\":\"WebSite\",\"@id\":\"https:\/\/juricahodak.hr\/#website\",\"url\":\"https:\/\/juricahodak.hr\/\",\"name\":\"Stomatolo\u0161ka ordinacija dr. Jurica Hodak, Rijeka\",\"description\":\"Va\u0161 stomatolog - Potpuno posve\u0107eni vama\",\"potentialAction\":[{\"@type\":\"SearchAction\",\"target\":{\"@type\":\"EntryPoint\",\"urlTemplate\":\"https:\/\/juricahodak.hr\/?s={search_term_string}\"},\"query-input\":{\"@type\":\"PropertyValueSpecification\",\"valueRequired\":true,\"valueName\":\"search_term_string\"}}],\"inLanguage\":\"it-IT\"}]}<\/script>\n<!-- \/ Yoast SEO plugin. -->","yoast_head_json":{"title":"Regole sulla privacy - Stomatolo\u0161ka ordinacija dr. Jurica Hodak, Rijeka","description":"Regole sulla privacy garantire che i dati personali che i visitatori inseriscono nel sito vengono utilizzati esclusivamente per la comunicazione con lo Studio","robots":{"index":"index","follow":"follow","max-snippet":"max-snippet:-1","max-image-preview":"max-image-preview:large","max-video-preview":"max-video-preview:-1"},"canonical":"https:\/\/juricahodak.hr\/pravila-privatnosti\/","og_locale":"it_IT","og_type":"article","og_title":"Regole sulla privacy - Stomatolo\u0161ka ordinacija dr. Jurica Hodak, Rijeka","og_description":"Regole sulla privacy garantire che i dati personali che i visitatori inseriscono nel sito vengono utilizzati esclusivamente per la comunicazione con lo Studio","og_url":"https:\/\/juricahodak.hr\/pravila-privatnosti\/","og_site_name":"Stomatolo\u0161ka ordinacija dr. Jurica Hodak, Rijeka","article_modified_time":"2024-10-01T11:19:27+00:00","twitter_card":"summary_large_image","twitter_misc":{"Est. reading time":"3 minutes"},"schema":{"@context":"https:\/\/schema.org","@graph":[{"@type":"WebPage","@id":"https:\/\/juricahodak.hr\/pravila-privatnosti\/","url":"https:\/\/juricahodak.hr\/pravila-privatnosti\/","name":"Regole sulla privacy - Stomatolo\u0161ka ordinacija dr. Jurica Hodak, Rijeka","isPartOf":{"@id":"https:\/\/juricahodak.hr\/#website"},"datePublished":"2024-10-01T11:19:24+00:00","dateModified":"2024-10-01T11:19:27+00:00","description":"Regole sulla privacy garantire che i dati personali che i visitatori inseriscono nel sito vengono utilizzati esclusivamente per la comunicazione con lo Studio","breadcrumb":{"@id":"https:\/\/juricahodak.hr\/pravila-privatnosti\/#breadcrumb"},"inLanguage":"it-IT","potentialAction":[{"@type":"ReadAction","target":["https:\/\/juricahodak.hr\/pravila-privatnosti\/"]}]},{"@type":"BreadcrumbList","@id":"https:\/\/juricahodak.hr\/pravila-privatnosti\/#breadcrumb","itemListElement":[{"@type":"ListItem","position":1,"name":"Po\u010detna stranica","item":"https:\/\/juricahodak.hr\/it\/stomatoloska-ordinacija-hodak\/"},{"@type":"ListItem","position":2,"name":"Regole sulla privacy"}]},{"@type":"WebSite","@id":"https:\/\/juricahodak.hr\/#website","url":"https:\/\/juricahodak.hr\/","name":"Stomatolo\u0161ka ordinacija dr. Jurica Hodak, Rijeka","description":"Va\u0161 stomatolog - Potpuno posve\u0107eni vama","potentialAction":[{"@type":"SearchAction","target":{"@type":"EntryPoint","urlTemplate":"https:\/\/juricahodak.hr\/?s={search_term_string}"},"query-input":{"@type":"PropertyValueSpecification","valueRequired":true,"valueName":"search_term_string"}}],"inLanguage":"it-IT"}]}},"_links":{"self":[{"href":"https:\/\/juricahodak.hr\/it\/wp-json\/wp\/v2\/pages\/1226","targetHints":{"allow":["GET"]}}],"collection":[{"href":"https:\/\/juricahodak.hr\/it\/wp-json\/wp\/v2\/pages"}],"about":[{"href":"https:\/\/juricahodak.hr\/it\/wp-json\/wp\/v2\/types\/page"}],"author":[{"embeddable":true,"href":"https:\/\/juricahodak.hr\/it\/wp-json\/wp\/v2\/users\/2"}],"replies":[{"embeddable":true,"href":"https:\/\/juricahodak.hr\/it\/wp-json\/wp\/v2\/comments?post=1226"}],"version-history":[{"count":2,"href":"https:\/\/juricahodak.hr\/it\/wp-json\/wp\/v2\/pages\/1226\/revisions"}],"predecessor-version":[{"id":1228,"href":"https:\/\/juricahodak.hr\/it\/wp-json\/wp\/v2\/pages\/1226\/revisions\/1228"}],"wp:attachment":[{"href":"https:\/\/juricahodak.hr\/it\/wp-json\/wp\/v2\/media?parent=1226"}],"curies":[{"name":"wp","href":"https:\/\/api.w.org\/{rel}","templated":true}]}}